{"id":151,"date":"2022-08-15T05:31:24","date_gmt":"2022-08-15T04:31:24","guid":{"rendered":"https:\/\/malomeskacsa.hu\/?page_id=151"},"modified":"2026-05-07T13:15:55","modified_gmt":"2026-05-07T12:15:55","slug":"sefunk","status":"publish","type":"page","link":"https:\/\/malomeskacsa.hu\/de\/gasztronomiank\/sefunk\/","title":{"rendered":"Unsere K\u00f6che"},"content":{"rendered":"<div data-elementor-type=\"wp-page\" data-elementor-id=\"151\" class=\"elementor elementor-151\" data-elementor-post-type=\"page\">\n\t\t\t\t\t\t<section class=\"elementor-section elementor-top-section elementor-element elementor-element-13f68585 elementor-section-full_width elementor-section-height-default elementor-section-height-default\" data-id=\"13f68585\" data-element_type=\"section\" data-e-type=\"section\" data-settings=\"{&quot;background_background&quot;:&quot;classic&quot;}\">\n\t\t\t\t\t\t\t<div class=\"elementor-background-overlay\"><\/div>\n\t\t\t\t\t\t\t<div class=\"elementor-container elementor-column-gap-default\">\n\t\t\t\t\t<div class=\"elementor-column elementor-col-100 elementor-top-column elementor-element elementor-element-42f00dea\" data-id=\"42f00dea\" data-element_type=\"column\" data-e-type=\"column\">\n\t\t\t<div class=\"elementor-widget-wrap elementor-element-populated\">\n\t\t\t\t\t\t<div class=\"elementor-element elementor-element-f4d4235 elementor-widget elementor-widget-heading\" data-id=\"f4d4235\" data-element_type=\"widget\" data-e-type=\"widget\" data-widget_type=\"heading.default\">\n\t\t\t\t<div class=\"elementor-widget-container\">\n\t\t\t\t\t<h1 class=\"elementor-heading-title elementor-size-default\">A Malom \u00e9s Kacsa<br>s\u00e9fje<\/h1>\t\t\t\t<\/div>\n\t\t\t\t<\/div>\n\t\t\t\t\t<\/div>\n\t\t<\/div>\n\t\t\t\t\t<\/div>\n\t\t<\/section>\n\t\t\t\t<section class=\"elementor-section elementor-top-section elementor-element elementor-element-4157073 elementor-section-boxed elementor-section-height-default elementor-section-height-default\" data-id=\"4157073\" data-element_type=\"section\" data-e-type=\"section\">\n\t\t\t\t\t\t<div class=\"elementor-container elementor-column-gap-default\">\n\t\t\t\t\t<div class=\"elementor-column elementor-col-100 elementor-top-column elementor-element elementor-element-863e6d5\" data-id=\"863e6d5\" data-element_type=\"column\" data-e-type=\"column\">\n\t\t\t<div class=\"elementor-widget-wrap elementor-element-populated\">\n\t\t\t\t\t\t<div class=\"elementor-element elementor-element-9de99dd elementor-widget elementor-widget-text-editor\" data-id=\"9de99dd\" data-element_type=\"widget\" data-e-type=\"widget\" data-widget_type=\"text-editor.default\">\n\t\t\t\t<div class=\"elementor-widget-container\">\n\t\t\t\t\t\t\t\t\t<p>S\u00e9f\u00fcnk \u00e9s csapata k\u00fcldet\u00e9s\u00e9nek \u00e9rzi bemutatni, hogy ami eg\u00e9szs\u00e9ges, vagy \u201ementes\u201d, az lehet finom is!<\/p><p>Konyh\u00e1nk a h\u00e9t minden napj\u00e1n k\u00fcl\u00f6nleges \u00edzekkel v\u00e1rj\u00e1k vend\u00e9geinket, \u00edgy adva t\u00f6k\u00e9letes alkalmat egy \u00fczleti reggelinek, eb\u00e9dnek, bar\u00e1ti tal\u00e1lkoz\u00f3nak, vagy esetleg randev\u00fanak.<\/p>\t\t\t\t\t\t\t\t<\/div>\n\t\t\t\t<\/div>\n\t\t\t\t<div class=\"elementor-element elementor-element-60c3c5a8 elementor-align-center elementor-widget elementor-widget-button\" data-id=\"60c3c5a8\" data-element_type=\"widget\" data-e-type=\"widget\" data-widget_type=\"button.default\">\n\t\t\t\t<div class=\"elementor-widget-container\">\n\t\t\t\t\t\t\t\t\t<div class=\"elementor-button-wrapper\">\n\t\t\t\t\t<a class=\"elementor-button elementor-button-link elementor-size-md\" href=\"https:\/\/reservours.com\/malomeskacsa\/tablereservation\/hu?source=website\">\n\t\t\t\t\t\t<span class=\"elementor-button-content-wrapper\">\n\t\t\t\t\t\t\t\t\t<span class=\"elementor-button-text\">TISCH RESERVIEREN<\/span>\n\t\t\t\t\t<\/span>\n\t\t\t\t\t<\/a>\n\t\t\t\t<\/div>\n\t\t\t\t\t\t\t\t<\/div>\n\t\t\t\t<\/div>\n\t\t\t\t\t<\/div>\n\t\t<\/div>\n\t\t\t\t\t<\/div>\n\t\t<\/section>\n\t\t\t\t<section class=\"elementor-section elementor-top-section elementor-element elementor-element-0597ba5 elementor-section-content-middle elementor-section-boxed elementor-section-height-default elementor-section-height-default\" data-id=\"0597ba5\" data-element_type=\"section\" data-e-type=\"section\">\n\t\t\t\t\t\t<div class=\"elementor-container elementor-column-gap-default\">\n\t\t\t\t\t<div class=\"elementor-column elementor-col-50 elementor-top-column elementor-element elementor-element-58e630c elementor-invisible\" data-id=\"58e630c\" data-element_type=\"column\" data-e-type=\"column\" data-settings=\"{&quot;animation&quot;:&quot;fadeInLeft&quot;}\">\n\t\t\t<div class=\"elementor-widget-wrap elementor-element-populated\">\n\t\t\t\t\t\t<div class=\"elementor-element elementor-element-8c8a53b elementor-widget elementor-widget-heading\" data-id=\"8c8a53b\" data-element_type=\"widget\" data-e-type=\"widget\" data-widget_type=\"heading.default\">\n\t\t\t\t<div class=\"elementor-widget-container\">\n\t\t\t\t\t<h2 class=\"elementor-heading-title elementor-size-default\">F\u00fclep D\u00e1vid<\/h2>\t\t\t\t<\/div>\n\t\t\t\t<\/div>\n\t\t\t\t<div class=\"elementor-element elementor-element-8d42501 elementor-widget elementor-widget-text-editor\" data-id=\"8d42501\" data-element_type=\"widget\" data-e-type=\"widget\" data-widget_type=\"text-editor.default\">\n\t\t\t\t<div class=\"elementor-widget-container\">\n\t\t\t\t\t\t\t\t\t<p><span style=\"font-weight: 400;\">Szenved\u00e9lyem a szezon\u00e1lis alapanyagok kreat\u00edv \u00fajragondol\u00e1sa \u00e9s a bisztr\u00f3 st\u00edlus eleg\u00e1ns, m\u00e9gis k\u00f6z\u00e9rthet\u0151 form\u00e1ba \u00f6nt\u00e9se. Az elm\u00falt \u00e9vek sor\u00e1n azon dolgoztam, hogy a konyh\u00e1m egyszerre t\u00fckr\u00f6zze a szakmai precizit\u00e1st \u00e9s az \u0151szinte \u00edzek ir\u00e1nti elk\u00f6telezetts\u00e9get.<\/span><\/p><p><span style=\"font-weight: 400;\">Hiszek abban, hogy a j\u00f3 \u00e9tel t\u00f6rt\u00e9netet mes\u00e9l \u2013 legyen sz\u00f3 egy gondosan \u00f6ssze\u00e1ll\u00edtott chef aj\u00e1nlatr\u00f3l, egy \u00fajragondolt klasszikusr\u00f3l vagy egy h\u00e9tk\u00f6znapi alapanyag meglep\u0151 megk\u00f6zel\u00edt\u00e9s\u00e9r\u0151l. Munk\u00e1m sor\u00e1n fontos sz\u00e1momra a szezon\u00e1lis \u00e9s hazai alapanyagok haszn\u00e1lata, a fenntarthat\u00f3s\u00e1g, valamint az \u00e9lm\u00e9nyszer\u0171 t\u00e1lal\u00e1s.<\/span><\/p>\t\t\t\t\t\t\t\t<\/div>\n\t\t\t\t<\/div>\n\t\t\t\t\t<\/div>\n\t\t<\/div>\n\t\t\t\t<div class=\"elementor-column elementor-col-50 elementor-top-column elementor-element elementor-element-a50f444 elementor-invisible\" data-id=\"a50f444\" data-element_type=\"column\" data-e-type=\"column\" data-settings=\"{&quot;animation&quot;:&quot;fadeInRight&quot;}\">\n\t\t\t<div class=\"elementor-widget-wrap elementor-element-populated\">\n\t\t\t\t\t\t<div class=\"elementor-element elementor-element-11c2023 elementor-widget elementor-widget-image\" data-id=\"11c2023\" data-element_type=\"widget\" data-e-type=\"widget\" data-widget_type=\"image.default\">\n\t\t\t\t<div class=\"elementor-widget-container\">\n\t\t\t\t\t\t\t\t\t\t\t\t\t\t\t<img fetchpriority=\"high\" decoding=\"async\" width=\"682\" height=\"1024\" src=\"https:\/\/malomeskacsa.hu\/wp-content\/uploads\/2025\/06\/RM3A1120-1-682x1024.jpg\" class=\"attachment-large size-large wp-image-9002\" alt=\"\" srcset=\"https:\/\/malomeskacsa.hu\/wp-content\/uploads\/2025\/06\/RM3A1120-1-682x1024.jpg 682w, https:\/\/malomeskacsa.hu\/wp-content\/uploads\/2025\/06\/RM3A1120-1-768x1152.jpg 768w, https:\/\/malomeskacsa.hu\/wp-content\/uploads\/2025\/06\/RM3A1120-1-1024x1536.jpg 1024w, https:\/\/malomeskacsa.hu\/wp-content\/uploads\/2025\/06\/RM3A1120-1-8x12.jpg 8w, https:\/\/malomeskacsa.hu\/wp-content\/uploads\/2025\/06\/RM3A1120-1.jpg 1333w\" sizes=\"(max-width: 682px) 100vw, 682px\" \/>\t\t\t\t\t\t\t\t\t\t\t\t\t\t\t<\/div>\n\t\t\t\t<\/div>\n\t\t\t\t\t<\/div>\n\t\t<\/div>\n\t\t\t\t\t<\/div>\n\t\t<\/section>\n\t\t\t\t<\/div>","protected":false},"excerpt":{"rendered":"<p>A Malom \u00e9s Kacsas\u00e9fje S\u00e9f\u00fcnk \u00e9s csapata k\u00fcldet\u00e9s\u00e9nek \u00e9rzi bemutatni, hogy ami eg\u00e9szs\u00e9ges, vagy \u201ementes\u201d, az lehet finom is! Konyh\u00e1nk a h\u00e9t minden napj\u00e1n k\u00fcl\u00f6nleges \u00edzekkel v\u00e1rj\u00e1k vend\u00e9geinket, \u00edgy adva t\u00f6k\u00e9letes alkalmat egy \u00fczleti reggelinek, eb\u00e9dnek, bar\u00e1ti tal\u00e1lkoz\u00f3nak, vagy esetleg randev\u00fanak. asztalfoglal\u00e1s F\u00fclep D\u00e1vid Szenved\u00e9lyem a szezon\u00e1lis alapanyagok kreat\u00edv \u00fajragondol\u00e1sa \u00e9s a bisztr\u00f3 st\u00edlus eleg\u00e1ns, [&hellip;]<\/p>\n","protected":false},"author":1,"featured_media":0,"parent":867,"menu_order":0,"comment_status":"closed","ping_status":"closed","template":"","meta":{"footnotes":""},"class_list":["post-151","page","type-page","status-publish","hentry"],"yoast_head":"<!-- This site is optimized with the Yoast SEO plugin v27.5 - https:\/\/yoast.com\/product\/yoast-seo-wordpress\/ -->\n<title>A Malom \u00e9s Kacsa s\u00e9fjei<\/title>\n<meta name=\"description\" content=\"S\u00e9fjeink \u00e9s csapata k\u00fcldet\u00e9s\u00e9nek \u00e9rzi bemutatni, hogy ami eg\u00e9szs\u00e9ges, vagy \u201ementes\u201d, az lehet finom is!\" \/>\n<meta name=\"robots\" content=\"index, follow, max-snippet:-1, max-image-preview:large, max-video-preview:-1\" \/>\n<link rel=\"canonical\" href=\"https:\/\/malomeskacsa.hu\/de\/gasztronomiank\/sefunk\/\" \/>\n<meta property=\"og:locale\" content=\"de_DE\" \/>\n<meta property=\"og:type\" content=\"article\" \/>\n<meta property=\"og:title\" content=\"A Malom \u00e9s Kacsa s\u00e9fjei\" \/>\n<meta property=\"og:description\" content=\"S\u00e9fjeink \u00e9s csapata k\u00fcldet\u00e9s\u00e9nek \u00e9rzi bemutatni, hogy ami eg\u00e9szs\u00e9ges, vagy \u201ementes\u201d, az lehet finom is!\" \/>\n<meta property=\"og:url\" content=\"https:\/\/malomeskacsa.hu\/de\/gasztronomiank\/sefunk\/\" \/>\n<meta property=\"og:site_name\" content=\"Malom \u00e9s Kacsa\" \/>\n<meta property=\"article:modified_time\" content=\"2026-05-07T12:15:55+00:00\" \/>\n<meta property=\"og:image\" content=\"https:\/\/malomeskacsa.hu\/wp-content\/uploads\/2025\/06\/RM3A1120-1.jpg\" \/>\n\t<meta property=\"og:image:width\" content=\"1333\" \/>\n\t<meta property=\"og:image:height\" content=\"2000\" \/>\n\t<meta property=\"og:image:type\" content=\"image\/jpeg\" \/>\n<script type=\"application\/ld+json\" class=\"yoast-schema-graph\">{\"@context\":\"https:\\\/\\\/schema.org\",\"@graph\":[{\"@type\":[\"Article\",\"BlogPosting\"],\"@id\":\"https:\\\/\\\/malomeskacsa.hu\\\/gasztronomiank\\\/sefunk\\\/#article\",\"isPartOf\":{\"@id\":\"https:\\\/\\\/malomeskacsa.hu\\\/gasztronomiank\\\/sefunk\\\/\"},\"author\":{\"name\":\"admin\",\"@id\":\"https:\\\/\\\/malomeskacsa.hu\\\/#\\\/schema\\\/person\\\/77d4160b08439d1d21ad46fcc1734a23\"},\"headline\":\"S\u00e9fjeink\",\"datePublished\":\"2022-08-15T04:31:24+00:00\",\"dateModified\":\"2026-05-07T12:15:55+00:00\",\"mainEntityOfPage\":{\"@id\":\"https:\\\/\\\/malomeskacsa.hu\\\/gasztronomiank\\\/sefunk\\\/\"},\"wordCount\":192,\"publisher\":{\"@id\":\"https:\\\/\\\/malomeskacsa.hu\\\/#organization\"},\"image\":{\"@id\":\"https:\\\/\\\/malomeskacsa.hu\\\/gasztronomiank\\\/sefunk\\\/#primaryimage\"},\"thumbnailUrl\":\"https:\\\/\\\/malomeskacsa.hu\\\/wp-content\\\/uploads\\\/2025\\\/06\\\/RM3A1120-1-682x1024.jpg\",\"inLanguage\":\"de\"},{\"@type\":\"WebPage\",\"@id\":\"https:\\\/\\\/malomeskacsa.hu\\\/gasztronomiank\\\/sefunk\\\/\",\"url\":\"https:\\\/\\\/malomeskacsa.hu\\\/gasztronomiank\\\/sefunk\\\/\",\"name\":\"A Malom \u00e9s Kacsa s\u00e9fjei\",\"isPartOf\":{\"@id\":\"https:\\\/\\\/malomeskacsa.hu\\\/#website\"},\"primaryImageOfPage\":{\"@id\":\"https:\\\/\\\/malomeskacsa.hu\\\/gasztronomiank\\\/sefunk\\\/#primaryimage\"},\"image\":{\"@id\":\"https:\\\/\\\/malomeskacsa.hu\\\/gasztronomiank\\\/sefunk\\\/#primaryimage\"},\"thumbnailUrl\":\"https:\\\/\\\/malomeskacsa.hu\\\/wp-content\\\/uploads\\\/2025\\\/06\\\/RM3A1120-1-682x1024.jpg\",\"datePublished\":\"2022-08-15T04:31:24+00:00\",\"dateModified\":\"2026-05-07T12:15:55+00:00\",\"description\":\"S\u00e9fjeink \u00e9s csapata k\u00fcldet\u00e9s\u00e9nek \u00e9rzi bemutatni, hogy ami eg\u00e9szs\u00e9ges, vagy \u201ementes\u201d, az lehet finom is!\",\"breadcrumb\":{\"@id\":\"https:\\\/\\\/malomeskacsa.hu\\\/gasztronomiank\\\/sefunk\\\/#breadcrumb\"},\"inLanguage\":\"de\",\"potentialAction\":[{\"@type\":\"ReadAction\",\"target\":[\"https:\\\/\\\/malomeskacsa.hu\\\/gasztronomiank\\\/sefunk\\\/\"]}]},{\"@type\":\"ImageObject\",\"inLanguage\":\"de\",\"@id\":\"https:\\\/\\\/malomeskacsa.hu\\\/gasztronomiank\\\/sefunk\\\/#primaryimage\",\"url\":\"https:\\\/\\\/malomeskacsa.hu\\\/wp-content\\\/uploads\\\/2025\\\/06\\\/RM3A1120-1-682x1024.jpg\",\"contentUrl\":\"https:\\\/\\\/malomeskacsa.hu\\\/wp-content\\\/uploads\\\/2025\\\/06\\\/RM3A1120-1-682x1024.jpg\"},{\"@type\":\"BreadcrumbList\",\"@id\":\"https:\\\/\\\/malomeskacsa.hu\\\/gasztronomiank\\\/sefunk\\\/#breadcrumb\",\"itemListElement\":[{\"@type\":\"ListItem\",\"position\":1,\"name\":\"Kezd\u0151lap\",\"item\":\"https:\\\/\\\/malomeskacsa.hu\\\/\"},{\"@type\":\"ListItem\",\"position\":2,\"name\":\"Gasztron\u00f3mi\u00e1nk\",\"item\":\"https:\\\/\\\/malomeskacsa.hu\\\/gasztronomiank\\\/\"},{\"@type\":\"ListItem\",\"position\":3,\"name\":\"S\u00e9fjeink\"}]},{\"@type\":\"WebSite\",\"@id\":\"https:\\\/\\\/malomeskacsa.hu\\\/#website\",\"url\":\"https:\\\/\\\/malomeskacsa.hu\\\/\",\"name\":\"Malom \u00e9s Kacsa \u00c9tterem \u00e9s Rendezv\u00e9nyh\u00e1z\",\"description\":\"Boutique Hotel \u2219 Bistro \u2219 Events\",\"publisher\":{\"@id\":\"https:\\\/\\\/malomeskacsa.hu\\\/#organization\"},\"alternateName\":\"Malom \u00e9s Kacsa\",\"potentialAction\":[{\"@type\":\"SearchAction\",\"target\":{\"@type\":\"EntryPoint\",\"urlTemplate\":\"https:\\\/\\\/malomeskacsa.hu\\\/?s={search_term_string}\"},\"query-input\":{\"@type\":\"PropertyValueSpecification\",\"valueRequired\":true,\"valueName\":\"search_term_string\"}}],\"inLanguage\":\"de\"},{\"@type\":\"Organization\",\"@id\":\"https:\\\/\\\/malomeskacsa.hu\\\/#organization\",\"name\":\"Malom \u00e9s Kacsa \u00c9tterem \u00e9s Rendezv\u00e9nyh\u00e1z\",\"alternateName\":\"Malom \u00e9s Kacsa\",\"url\":\"https:\\\/\\\/malomeskacsa.hu\\\/\",\"logo\":{\"@type\":\"ImageObject\",\"inLanguage\":\"de\",\"@id\":\"https:\\\/\\\/malomeskacsa.hu\\\/#\\\/schema\\\/logo\\\/image\\\/\",\"url\":\"https:\\\/\\\/malomeskacsa.hu\\\/wp-content\\\/uploads\\\/2025\\\/06\\\/cropped-malomeskacsa_logo_uj-scaled-1.png\",\"contentUrl\":\"https:\\\/\\\/malomeskacsa.hu\\\/wp-content\\\/uploads\\\/2025\\\/06\\\/cropped-malomeskacsa_logo_uj-scaled-1.png\",\"width\":2558,\"height\":952,\"caption\":\"Malom \u00e9s Kacsa \u00c9tterem \u00e9s Rendezv\u00e9nyh\u00e1z\"},\"image\":{\"@id\":\"https:\\\/\\\/malomeskacsa.hu\\\/#\\\/schema\\\/logo\\\/image\\\/\"}},{\"@type\":\"Person\",\"@id\":\"https:\\\/\\\/malomeskacsa.hu\\\/#\\\/schema\\\/person\\\/77d4160b08439d1d21ad46fcc1734a23\",\"name\":\"admin\",\"sameAs\":[\"https:\\\/\\\/malomeskacsa.hu\"]}]}<\/script>\n<!-- \/ Yoast SEO plugin. -->","yoast_head_json":{"title":"A Malom \u00e9s Kacsa s\u00e9fjei","description":"S\u00e9fjeink \u00e9s csapata k\u00fcldet\u00e9s\u00e9nek \u00e9rzi bemutatni, hogy ami eg\u00e9szs\u00e9ges, vagy \u201ementes\u201d, az lehet finom is!","robots":{"index":"index","follow":"follow","max-snippet":"max-snippet:-1","max-image-preview":"max-image-preview:large","max-video-preview":"max-video-preview:-1"},"canonical":"https:\/\/malomeskacsa.hu\/de\/gasztronomiank\/sefunk\/","og_locale":"de_DE","og_type":"article","og_title":"A Malom \u00e9s Kacsa s\u00e9fjei","og_description":"S\u00e9fjeink \u00e9s csapata k\u00fcldet\u00e9s\u00e9nek \u00e9rzi bemutatni, hogy ami eg\u00e9szs\u00e9ges, vagy \u201ementes\u201d, az lehet finom is!","og_url":"https:\/\/malomeskacsa.hu\/de\/gasztronomiank\/sefunk\/","og_site_name":"Malom \u00e9s Kacsa","article_modified_time":"2026-05-07T12:15:55+00:00","og_image":[{"width":1333,"height":2000,"url":"https:\/\/malomeskacsa.hu\/wp-content\/uploads\/2025\/06\/RM3A1120-1.jpg","type":"image\/jpeg"}],"schema":{"@context":"https:\/\/schema.org","@graph":[{"@type":["Article","BlogPosting"],"@id":"https:\/\/malomeskacsa.hu\/gasztronomiank\/sefunk\/#article","isPartOf":{"@id":"https:\/\/malomeskacsa.hu\/gasztronomiank\/sefunk\/"},"author":{"name":"admin","@id":"https:\/\/malomeskacsa.hu\/#\/schema\/person\/77d4160b08439d1d21ad46fcc1734a23"},"headline":"S\u00e9fjeink","datePublished":"2022-08-15T04:31:24+00:00","dateModified":"2026-05-07T12:15:55+00:00","mainEntityOfPage":{"@id":"https:\/\/malomeskacsa.hu\/gasztronomiank\/sefunk\/"},"wordCount":192,"publisher":{"@id":"https:\/\/malomeskacsa.hu\/#organization"},"image":{"@id":"https:\/\/malomeskacsa.hu\/gasztronomiank\/sefunk\/#primaryimage"},"thumbnailUrl":"https:\/\/malomeskacsa.hu\/wp-content\/uploads\/2025\/06\/RM3A1120-1-682x1024.jpg","inLanguage":"de"},{"@type":"WebPage","@id":"https:\/\/malomeskacsa.hu\/gasztronomiank\/sefunk\/","url":"https:\/\/malomeskacsa.hu\/gasztronomiank\/sefunk\/","name":"A Malom \u00e9s Kacsa s\u00e9fjei","isPartOf":{"@id":"https:\/\/malomeskacsa.hu\/#website"},"primaryImageOfPage":{"@id":"https:\/\/malomeskacsa.hu\/gasztronomiank\/sefunk\/#primaryimage"},"image":{"@id":"https:\/\/malomeskacsa.hu\/gasztronomiank\/sefunk\/#primaryimage"},"thumbnailUrl":"https:\/\/malomeskacsa.hu\/wp-content\/uploads\/2025\/06\/RM3A1120-1-682x1024.jpg","datePublished":"2022-08-15T04:31:24+00:00","dateModified":"2026-05-07T12:15:55+00:00","description":"S\u00e9fjeink \u00e9s csapata k\u00fcldet\u00e9s\u00e9nek \u00e9rzi bemutatni, hogy ami eg\u00e9szs\u00e9ges, vagy \u201ementes\u201d, az lehet finom is!","breadcrumb":{"@id":"https:\/\/malomeskacsa.hu\/gasztronomiank\/sefunk\/#breadcrumb"},"inLanguage":"de","potentialAction":[{"@type":"ReadAction","target":["https:\/\/malomeskacsa.hu\/gasztronomiank\/sefunk\/"]}]},{"@type":"ImageObject","inLanguage":"de","@id":"https:\/\/malomeskacsa.hu\/gasztronomiank\/sefunk\/#primaryimage","url":"https:\/\/malomeskacsa.hu\/wp-content\/uploads\/2025\/06\/RM3A1120-1-682x1024.jpg","contentUrl":"https:\/\/malomeskacsa.hu\/wp-content\/uploads\/2025\/06\/RM3A1120-1-682x1024.jpg"},{"@type":"BreadcrumbList","@id":"https:\/\/malomeskacsa.hu\/gasztronomiank\/sefunk\/#breadcrumb","itemListElement":[{"@type":"ListItem","position":1,"name":"Kezd\u0151lap","item":"https:\/\/malomeskacsa.hu\/"},{"@type":"ListItem","position":2,"name":"Gasztron\u00f3mi\u00e1nk","item":"https:\/\/malomeskacsa.hu\/gasztronomiank\/"},{"@type":"ListItem","position":3,"name":"S\u00e9fjeink"}]},{"@type":"WebSite","@id":"https:\/\/malomeskacsa.hu\/#website","url":"https:\/\/malomeskacsa.hu\/","name":"Malom \u00e9s Kacsa \u00c9tterem \u00e9s Rendezv\u00e9nyh\u00e1z","description":"Boutique Hotel \u2219 Bistro \u2219 Events","publisher":{"@id":"https:\/\/malomeskacsa.hu\/#organization"},"alternateName":"Malom \u00e9s Kacsa","potentialAction":[{"@type":"SearchAction","target":{"@type":"EntryPoint","urlTemplate":"https:\/\/malomeskacsa.hu\/?s={search_term_string}"},"query-input":{"@type":"PropertyValueSpecification","valueRequired":true,"valueName":"search_term_string"}}],"inLanguage":"de"},{"@type":"Organization","@id":"https:\/\/malomeskacsa.hu\/#organization","name":"Malom \u00e9s Kacsa \u00c9tterem \u00e9s Rendezv\u00e9nyh\u00e1z","alternateName":"Malom \u00e9s Kacsa","url":"https:\/\/malomeskacsa.hu\/","logo":{"@type":"ImageObject","inLanguage":"de","@id":"https:\/\/malomeskacsa.hu\/#\/schema\/logo\/image\/","url":"https:\/\/malomeskacsa.hu\/wp-content\/uploads\/2025\/06\/cropped-malomeskacsa_logo_uj-scaled-1.png","contentUrl":"https:\/\/malomeskacsa.hu\/wp-content\/uploads\/2025\/06\/cropped-malomeskacsa_logo_uj-scaled-1.png","width":2558,"height":952,"caption":"Malom \u00e9s Kacsa \u00c9tterem \u00e9s Rendezv\u00e9nyh\u00e1z"},"image":{"@id":"https:\/\/malomeskacsa.hu\/#\/schema\/logo\/image\/"}},{"@type":"Person","@id":"https:\/\/malomeskacsa.hu\/#\/schema\/person\/77d4160b08439d1d21ad46fcc1734a23","name":"admin","sameAs":["https:\/\/malomeskacsa.hu"]}]}},"_links":{"self":[{"href":"https:\/\/malomeskacsa.hu\/de\/wp-json\/wp\/v2\/pages\/151","targetHints":{"allow":["GET"]}}],"collection":[{"href":"https:\/\/malomeskacsa.hu\/de\/wp-json\/wp\/v2\/pages"}],"about":[{"href":"https:\/\/malomeskacsa.hu\/de\/wp-json\/wp\/v2\/types\/page"}],"author":[{"embeddable":true,"href":"https:\/\/malomeskacsa.hu\/de\/wp-json\/wp\/v2\/users\/1"}],"replies":[{"embeddable":true,"href":"https:\/\/malomeskacsa.hu\/de\/wp-json\/wp\/v2\/comments?post=151"}],"version-history":[{"count":0,"href":"https:\/\/malomeskacsa.hu\/de\/wp-json\/wp\/v2\/pages\/151\/revisions"}],"up":[{"embeddable":true,"href":"https:\/\/malomeskacsa.hu\/de\/wp-json\/wp\/v2\/pages\/867"}],"wp:attachment":[{"href":"https:\/\/malomeskacsa.hu\/de\/wp-json\/wp\/v2\/media?parent=151"}],"curies":[{"name":"wp","href":"https:\/\/api.w.org\/{rel}","templated":true}]}}