{"id":934,"date":"2022-09-20T09:04:23","date_gmt":"2022-09-20T08:04:23","guid":{"rendered":"https:\/\/malomeskacsa.hu\/?page_id=934"},"modified":"2023-03-30T21:16:51","modified_gmt":"2023-03-30T20:16:51","slug":"szep-kartya-tajekoztato","status":"publish","type":"page","link":"https:\/\/malomeskacsa.hu\/de\/szep-kartya-tajekoztato\/","title":{"rendered":"SZ\u00c9P K\u00e1rtya t\u00e1j\u00e9koztat\u00f3"},"content":{"rendered":"<div data-elementor-type=\"wp-page\" data-elementor-id=\"934\" class=\"elementor elementor-934\" data-elementor-post-type=\"page\">\n\t\t\t\t\t\t<section class=\"elementor-section elementor-top-section elementor-element elementor-element-95d0aeb elementor-section-boxed elementor-section-height-default elementor-section-height-default\" data-id=\"95d0aeb\" data-element_type=\"section\" data-e-type=\"section\">\n\t\t\t\t\t\t<div class=\"elementor-container elementor-column-gap-default\">\n\t\t\t\t\t<div class=\"elementor-column elementor-col-100 elementor-top-column elementor-element elementor-element-33fdd99\" data-id=\"33fdd99\" data-element_type=\"column\" data-e-type=\"column\">\n\t\t\t<div class=\"elementor-widget-wrap elementor-element-populated\">\n\t\t\t\t\t\t<div class=\"elementor-element elementor-element-2b9614a elementor-widget elementor-widget-heading\" data-id=\"2b9614a\" data-element_type=\"widget\" data-e-type=\"widget\" data-widget_type=\"heading.default\">\n\t\t\t\t<div class=\"elementor-widget-container\">\n\t\t\t\t\t<h1 class=\"elementor-heading-title elementor-size-default\">SZ\u00c9P K\u00e1rtya t\u00e1j\u00e9koztat\u00f3<\/h1>\t\t\t\t<\/div>\n\t\t\t\t<\/div>\n\t\t\t\t<div class=\"elementor-element elementor-element-c7ef68d elementor-widget elementor-widget-text-editor\" data-id=\"c7ef68d\" data-element_type=\"widget\" data-e-type=\"widget\" data-widget_type=\"text-editor.default\">\n\t\t\t\t<div class=\"elementor-widget-container\">\n\t\t\t\t\t\t\t\t\t<p>A Malom \u00e9s Kacsa Bisztr\u00f3 \u00e9s Rendezv\u00e9nyh\u00e1z SZ\u00c9P k\u00e1rtya elfogad\u00f3hely, ahol mindh\u00e1rom SZ\u00c9P k\u00e1rty\u00e1val lehet\u0151s\u00e9g van fizet\u00e9sre (OTP, MKB, K&amp;H)<\/p>\t\t\t\t\t\t\t\t<\/div>\n\t\t\t\t<\/div>\n\t\t\t\t\t<\/div>\n\t\t<\/div>\n\t\t\t\t\t<\/div>\n\t\t<\/section>\n\t\t\t\t<\/div>","protected":false},"excerpt":{"rendered":"<p>SZ\u00c9P K\u00e1rtya t\u00e1j\u00e9koztat\u00f3 A Malom \u00e9s Kacsa Bisztr\u00f3 \u00e9s Rendezv\u00e9nyh\u00e1z SZ\u00c9P k\u00e1rtya elfogad\u00f3hely, ahol mindh\u00e1rom SZ\u00c9P k\u00e1rty\u00e1val lehet\u0151s\u00e9g van fizet\u00e9sre (OTP, MKB, K&amp;H)<\/p>","protected":false},"author":1,"featured_media":0,"parent":0,"menu_order":0,"comment_status":"closed","ping_status":"closed","template":"elementor_header_footer","meta":{"footnotes":""},"class_list":["post-934","page","type-page","status-publish","hentry"],"yoast_head":"<!-- This site is optimized with the Yoast SEO plugin v27.4 - https:\/\/yoast.com\/product\/yoast-seo-wordpress\/ -->\n<title>SZ\u00c9P k\u00e1rtya elfogad\u00f3hely Tata k\u00f6zpontj\u00e1ban I \u00c9tterem \u00e9s Sz\u00e1ll\u00e1s<\/title>\n<meta name=\"description\" content=\"Sz\u00e1ll\u00e1s vagy \u00c9tterem? A tatai Malom \u00e9s Kacsa \u00c9tterem \u00e9s Apartmanh\u00e1z SZ\u00c9P k\u00e1rtya elfogad\u00f3hely. \u00c9lvezd az \u00d6reg-t\u00f3 mes\u00e9s panor\u00e1m\u00e1j\u00e1t \u00e9s t\u00f6lt\u0151dj fel n\u00e1lunk!\" \/>\n<meta name=\"robots\" content=\"index, follow, max-snippet:-1, max-image-preview:large, max-video-preview:-1\" \/>\n<link rel=\"canonical\" href=\"https:\/\/malomeskacsa.hu\/de\/szep-kartya-tajekoztato\/\" \/>\n<meta property=\"og:locale\" content=\"de_DE\" \/>\n<meta property=\"og:type\" content=\"article\" \/>\n<meta property=\"og:title\" content=\"SZ\u00c9P k\u00e1rtya elfogad\u00f3hely Tata k\u00f6zpontj\u00e1ban I \u00c9tterem \u00e9s Sz\u00e1ll\u00e1s\" \/>\n<meta property=\"og:description\" content=\"Sz\u00e1ll\u00e1s vagy \u00c9tterem? A tatai Malom \u00e9s Kacsa \u00c9tterem \u00e9s Apartmanh\u00e1z SZ\u00c9P k\u00e1rtya elfogad\u00f3hely. \u00c9lvezd az \u00d6reg-t\u00f3 mes\u00e9s panor\u00e1m\u00e1j\u00e1t \u00e9s t\u00f6lt\u0151dj fel n\u00e1lunk!\" \/>\n<meta property=\"og:url\" content=\"https:\/\/malomeskacsa.hu\/de\/szep-kartya-tajekoztato\/\" \/>\n<meta property=\"og:site_name\" content=\"Malom \u00e9s Kacsa\" \/>\n<meta property=\"article:modified_time\" content=\"2023-03-30T20:16:51+00:00\" \/>\n<meta property=\"og:image\" content=\"https:\/\/malomeskacsa.hu\/wp-content\/uploads\/2023\/12\/Malom_es_Kacsa.jpg\" \/>\n\t<meta property=\"og:image:width\" content=\"2048\" \/>\n\t<meta property=\"og:image:height\" content=\"1536\" \/>\n\t<meta property=\"og:image:type\" content=\"image\/jpeg\" \/>\n<script type=\"application\/ld+json\" class=\"yoast-schema-graph\">{\"@context\":\"https:\\\/\\\/schema.org\",\"@graph\":[{\"@type\":[\"Article\",\"BlogPosting\"],\"@id\":\"https:\\\/\\\/malomeskacsa.hu\\\/szep-kartya-tajekoztato\\\/#article\",\"isPartOf\":{\"@id\":\"https:\\\/\\\/malomeskacsa.hu\\\/szep-kartya-tajekoztato\\\/\"},\"author\":{\"name\":\"admin\",\"@id\":\"https:\\\/\\\/malomeskacsa.hu\\\/#\\\/schema\\\/person\\\/77d4160b08439d1d21ad46fcc1734a23\"},\"headline\":\"SZ\u00c9P K\u00e1rtya t\u00e1j\u00e9koztat\u00f3\",\"datePublished\":\"2022-09-20T08:04:23+00:00\",\"dateModified\":\"2023-03-30T20:16:51+00:00\",\"mainEntityOfPage\":{\"@id\":\"https:\\\/\\\/malomeskacsa.hu\\\/szep-kartya-tajekoztato\\\/\"},\"wordCount\":48,\"publisher\":{\"@id\":\"https:\\\/\\\/malomeskacsa.hu\\\/#organization\"},\"inLanguage\":\"de\"},{\"@type\":\"WebPage\",\"@id\":\"https:\\\/\\\/malomeskacsa.hu\\\/szep-kartya-tajekoztato\\\/\",\"url\":\"https:\\\/\\\/malomeskacsa.hu\\\/szep-kartya-tajekoztato\\\/\",\"name\":\"SZ\u00c9P k\u00e1rtya elfogad\u00f3hely Tata k\u00f6zpontj\u00e1ban I \u00c9tterem \u00e9s Sz\u00e1ll\u00e1s\",\"isPartOf\":{\"@id\":\"https:\\\/\\\/malomeskacsa.hu\\\/#website\"},\"datePublished\":\"2022-09-20T08:04:23+00:00\",\"dateModified\":\"2023-03-30T20:16:51+00:00\",\"description\":\"Sz\u00e1ll\u00e1s vagy \u00c9tterem? A tatai Malom \u00e9s Kacsa \u00c9tterem \u00e9s Apartmanh\u00e1z SZ\u00c9P k\u00e1rtya elfogad\u00f3hely. \u00c9lvezd az \u00d6reg-t\u00f3 mes\u00e9s panor\u00e1m\u00e1j\u00e1t \u00e9s t\u00f6lt\u0151dj fel n\u00e1lunk!\",\"breadcrumb\":{\"@id\":\"https:\\\/\\\/malomeskacsa.hu\\\/szep-kartya-tajekoztato\\\/#breadcrumb\"},\"inLanguage\":\"de\",\"potentialAction\":[{\"@type\":\"ReadAction\",\"target\":[\"https:\\\/\\\/malomeskacsa.hu\\\/szep-kartya-tajekoztato\\\/\"]}]},{\"@type\":\"BreadcrumbList\",\"@id\":\"https:\\\/\\\/malomeskacsa.hu\\\/szep-kartya-tajekoztato\\\/#breadcrumb\",\"itemListElement\":[{\"@type\":\"ListItem\",\"position\":1,\"name\":\"Kezd\u0151lap\",\"item\":\"https:\\\/\\\/malomeskacsa.hu\\\/\"},{\"@type\":\"ListItem\",\"position\":2,\"name\":\"SZ\u00c9P K\u00e1rtya t\u00e1j\u00e9koztat\u00f3\"}]},{\"@type\":\"WebSite\",\"@id\":\"https:\\\/\\\/malomeskacsa.hu\\\/#website\",\"url\":\"https:\\\/\\\/malomeskacsa.hu\\\/\",\"name\":\"Malom \u00e9s Kacsa \u00c9tterem \u00e9s Rendezv\u00e9nyh\u00e1z\",\"description\":\"Boutique Hotel \u2219 Bistro \u2219 Events\",\"publisher\":{\"@id\":\"https:\\\/\\\/malomeskacsa.hu\\\/#organization\"},\"alternateName\":\"Malom \u00e9s Kacsa\",\"potentialAction\":[{\"@type\":\"SearchAction\",\"target\":{\"@type\":\"EntryPoint\",\"urlTemplate\":\"https:\\\/\\\/malomeskacsa.hu\\\/?s={search_term_string}\"},\"query-input\":{\"@type\":\"PropertyValueSpecification\",\"valueRequired\":true,\"valueName\":\"search_term_string\"}}],\"inLanguage\":\"de\"},{\"@type\":\"Organization\",\"@id\":\"https:\\\/\\\/malomeskacsa.hu\\\/#organization\",\"name\":\"Malom \u00e9s Kacsa \u00c9tterem \u00e9s Rendezv\u00e9nyh\u00e1z\",\"alternateName\":\"Malom \u00e9s Kacsa\",\"url\":\"https:\\\/\\\/malomeskacsa.hu\\\/\",\"logo\":{\"@type\":\"ImageObject\",\"inLanguage\":\"de\",\"@id\":\"https:\\\/\\\/malomeskacsa.hu\\\/#\\\/schema\\\/logo\\\/image\\\/\",\"url\":\"https:\\\/\\\/malomeskacsa.hu\\\/wp-content\\\/uploads\\\/2025\\\/06\\\/cropped-malomeskacsa_logo_uj-scaled-1.png\",\"contentUrl\":\"https:\\\/\\\/malomeskacsa.hu\\\/wp-content\\\/uploads\\\/2025\\\/06\\\/cropped-malomeskacsa_logo_uj-scaled-1.png\",\"width\":2558,\"height\":952,\"caption\":\"Malom \u00e9s Kacsa \u00c9tterem \u00e9s Rendezv\u00e9nyh\u00e1z\"},\"image\":{\"@id\":\"https:\\\/\\\/malomeskacsa.hu\\\/#\\\/schema\\\/logo\\\/image\\\/\"}},{\"@type\":\"Person\",\"@id\":\"https:\\\/\\\/malomeskacsa.hu\\\/#\\\/schema\\\/person\\\/77d4160b08439d1d21ad46fcc1734a23\",\"name\":\"admin\",\"sameAs\":[\"https:\\\/\\\/malomeskacsa.hu\"]}]}<\/script>\n<!-- \/ Yoast SEO plugin. -->","yoast_head_json":{"title":"SZ\u00c9P k\u00e1rtya elfogad\u00f3hely Tata k\u00f6zpontj\u00e1ban I \u00c9tterem \u00e9s Sz\u00e1ll\u00e1s","description":"Sz\u00e1ll\u00e1s vagy \u00c9tterem? A tatai Malom \u00e9s Kacsa \u00c9tterem \u00e9s Apartmanh\u00e1z SZ\u00c9P k\u00e1rtya elfogad\u00f3hely. \u00c9lvezd az \u00d6reg-t\u00f3 mes\u00e9s panor\u00e1m\u00e1j\u00e1t \u00e9s t\u00f6lt\u0151dj fel n\u00e1lunk!","robots":{"index":"index","follow":"follow","max-snippet":"max-snippet:-1","max-image-preview":"max-image-preview:large","max-video-preview":"max-video-preview:-1"},"canonical":"https:\/\/malomeskacsa.hu\/de\/szep-kartya-tajekoztato\/","og_locale":"de_DE","og_type":"article","og_title":"SZ\u00c9P k\u00e1rtya elfogad\u00f3hely Tata k\u00f6zpontj\u00e1ban I \u00c9tterem \u00e9s Sz\u00e1ll\u00e1s","og_description":"Sz\u00e1ll\u00e1s vagy \u00c9tterem? A tatai Malom \u00e9s Kacsa \u00c9tterem \u00e9s Apartmanh\u00e1z SZ\u00c9P k\u00e1rtya elfogad\u00f3hely. \u00c9lvezd az \u00d6reg-t\u00f3 mes\u00e9s panor\u00e1m\u00e1j\u00e1t \u00e9s t\u00f6lt\u0151dj fel n\u00e1lunk!","og_url":"https:\/\/malomeskacsa.hu\/de\/szep-kartya-tajekoztato\/","og_site_name":"Malom \u00e9s Kacsa","article_modified_time":"2023-03-30T20:16:51+00:00","og_image":[{"width":2048,"height":1536,"url":"https:\/\/malomeskacsa.hu\/wp-content\/uploads\/2023\/12\/Malom_es_Kacsa.jpg","type":"image\/jpeg"}],"schema":{"@context":"https:\/\/schema.org","@graph":[{"@type":["Article","BlogPosting"],"@id":"https:\/\/malomeskacsa.hu\/szep-kartya-tajekoztato\/#article","isPartOf":{"@id":"https:\/\/malomeskacsa.hu\/szep-kartya-tajekoztato\/"},"author":{"name":"admin","@id":"https:\/\/malomeskacsa.hu\/#\/schema\/person\/77d4160b08439d1d21ad46fcc1734a23"},"headline":"SZ\u00c9P K\u00e1rtya t\u00e1j\u00e9koztat\u00f3","datePublished":"2022-09-20T08:04:23+00:00","dateModified":"2023-03-30T20:16:51+00:00","mainEntityOfPage":{"@id":"https:\/\/malomeskacsa.hu\/szep-kartya-tajekoztato\/"},"wordCount":48,"publisher":{"@id":"https:\/\/malomeskacsa.hu\/#organization"},"inLanguage":"de"},{"@type":"WebPage","@id":"https:\/\/malomeskacsa.hu\/szep-kartya-tajekoztato\/","url":"https:\/\/malomeskacsa.hu\/szep-kartya-tajekoztato\/","name":"SZ\u00c9P k\u00e1rtya elfogad\u00f3hely Tata k\u00f6zpontj\u00e1ban I \u00c9tterem \u00e9s Sz\u00e1ll\u00e1s","isPartOf":{"@id":"https:\/\/malomeskacsa.hu\/#website"},"datePublished":"2022-09-20T08:04:23+00:00","dateModified":"2023-03-30T20:16:51+00:00","description":"Sz\u00e1ll\u00e1s vagy \u00c9tterem? A tatai Malom \u00e9s Kacsa \u00c9tterem \u00e9s Apartmanh\u00e1z SZ\u00c9P k\u00e1rtya elfogad\u00f3hely. \u00c9lvezd az \u00d6reg-t\u00f3 mes\u00e9s panor\u00e1m\u00e1j\u00e1t \u00e9s t\u00f6lt\u0151dj fel n\u00e1lunk!","breadcrumb":{"@id":"https:\/\/malomeskacsa.hu\/szep-kartya-tajekoztato\/#breadcrumb"},"inLanguage":"de","potentialAction":[{"@type":"ReadAction","target":["https:\/\/malomeskacsa.hu\/szep-kartya-tajekoztato\/"]}]},{"@type":"BreadcrumbList","@id":"https:\/\/malomeskacsa.hu\/szep-kartya-tajekoztato\/#breadcrumb","itemListElement":[{"@type":"ListItem","position":1,"name":"Kezd\u0151lap","item":"https:\/\/malomeskacsa.hu\/"},{"@type":"ListItem","position":2,"name":"SZ\u00c9P K\u00e1rtya t\u00e1j\u00e9koztat\u00f3"}]},{"@type":"WebSite","@id":"https:\/\/malomeskacsa.hu\/#website","url":"https:\/\/malomeskacsa.hu\/","name":"Malom \u00e9s Kacsa \u00c9tterem \u00e9s Rendezv\u00e9nyh\u00e1z","description":"Boutique Hotel \u2219 Bistro \u2219 Events","publisher":{"@id":"https:\/\/malomeskacsa.hu\/#organization"},"alternateName":"Malom \u00e9s Kacsa","potentialAction":[{"@type":"SearchAction","target":{"@type":"EntryPoint","urlTemplate":"https:\/\/malomeskacsa.hu\/?s={search_term_string}"},"query-input":{"@type":"PropertyValueSpecification","valueRequired":true,"valueName":"search_term_string"}}],"inLanguage":"de"},{"@type":"Organization","@id":"https:\/\/malomeskacsa.hu\/#organization","name":"Malom \u00e9s Kacsa \u00c9tterem \u00e9s Rendezv\u00e9nyh\u00e1z","alternateName":"Malom \u00e9s Kacsa","url":"https:\/\/malomeskacsa.hu\/","logo":{"@type":"ImageObject","inLanguage":"de","@id":"https:\/\/malomeskacsa.hu\/#\/schema\/logo\/image\/","url":"https:\/\/malomeskacsa.hu\/wp-content\/uploads\/2025\/06\/cropped-malomeskacsa_logo_uj-scaled-1.png","contentUrl":"https:\/\/malomeskacsa.hu\/wp-content\/uploads\/2025\/06\/cropped-malomeskacsa_logo_uj-scaled-1.png","width":2558,"height":952,"caption":"Malom \u00e9s Kacsa \u00c9tterem \u00e9s Rendezv\u00e9nyh\u00e1z"},"image":{"@id":"https:\/\/malomeskacsa.hu\/#\/schema\/logo\/image\/"}},{"@type":"Person","@id":"https:\/\/malomeskacsa.hu\/#\/schema\/person\/77d4160b08439d1d21ad46fcc1734a23","name":"admin","sameAs":["https:\/\/malomeskacsa.hu"]}]}},"_links":{"self":[{"href":"https:\/\/malomeskacsa.hu\/de\/wp-json\/wp\/v2\/pages\/934","targetHints":{"allow":["GET"]}}],"collection":[{"href":"https:\/\/malomeskacsa.hu\/de\/wp-json\/wp\/v2\/pages"}],"about":[{"href":"https:\/\/malomeskacsa.hu\/de\/wp-json\/wp\/v2\/types\/page"}],"author":[{"embeddable":true,"href":"https:\/\/malomeskacsa.hu\/de\/wp-json\/wp\/v2\/users\/1"}],"replies":[{"embeddable":true,"href":"https:\/\/malomeskacsa.hu\/de\/wp-json\/wp\/v2\/comments?post=934"}],"version-history":[{"count":0,"href":"https:\/\/malomeskacsa.hu\/de\/wp-json\/wp\/v2\/pages\/934\/revisions"}],"wp:attachment":[{"href":"https:\/\/malomeskacsa.hu\/de\/wp-json\/wp\/v2\/media?parent=934"}],"curies":[{"name":"wp","href":"https:\/\/api.w.org\/{rel}","templated":true}]}}