{"id":10038,"date":"2025-10-21T22:29:09","date_gmt":"2025-10-21T21:29:09","guid":{"rendered":"https:\/\/malomeskacsa.hu\/?page_id=10038"},"modified":"2025-10-21T22:39:20","modified_gmt":"2025-10-21T21:39:20","slug":"terkep","status":"publish","type":"page","link":"https:\/\/malomeskacsa.hu\/en\/terkep\/","title":{"rendered":"Map"},"content":{"rendered":"<div data-elementor-type=\"wp-page\" data-elementor-id=\"10038\" class=\"elementor elementor-10038\" data-elementor-post-type=\"page\">\n\t\t\t\t\t\t<section class=\"elementor-section elementor-top-section elementor-element elementor-element-18f404bc elementor-section-boxed elementor-section-height-default elementor-section-height-default\" data-id=\"18f404bc\" data-element_type=\"section\" data-e-type=\"section\">\n\t\t\t\t\t\t<div class=\"elementor-container elementor-column-gap-default\">\n\t\t\t\t\t<div class=\"elementor-column elementor-col-100 elementor-top-column elementor-element elementor-element-4f26e4aa\" data-id=\"4f26e4aa\" data-element_type=\"column\" data-e-type=\"column\">\n\t\t\t<div class=\"elementor-widget-wrap elementor-element-populated\">\n\t\t\t\t\t\t<div class=\"elementor-element elementor-element-7fffbd15 elementor-widget elementor-widget-spacer\" data-id=\"7fffbd15\" data-element_type=\"widget\" data-e-type=\"widget\" data-widget_type=\"spacer.default\">\n\t\t\t\t<div class=\"elementor-widget-container\">\n\t\t\t\t\t\t\t<div class=\"elementor-spacer\">\n\t\t\t<div class=\"elementor-spacer-inner\"><\/div>\n\t\t<\/div>\n\t\t\t\t\t\t<\/div>\n\t\t\t\t<\/div>\n\t\t\t\t\t<\/div>\n\t\t<\/div>\n\t\t\t\t\t<\/div>\n\t\t<\/section>\n\t\t\t\t<section class=\"elementor-section elementor-top-section elementor-element elementor-element-2bf138d2 elementor-section-full_width elementor-section-height-default elementor-section-height-default\" data-id=\"2bf138d2\" data-element_type=\"section\" data-e-type=\"section\" data-settings=\"{&quot;background_background&quot;:&quot;classic&quot;}\">\n\t\t\t\t\t\t\t<div class=\"elementor-background-overlay\"><\/div>\n\t\t\t\t\t\t\t<div class=\"elementor-container elementor-column-gap-default\">\n\t\t\t\t\t<div class=\"elementor-column elementor-col-100 elementor-top-column elementor-element elementor-element-62aa31fb\" data-id=\"62aa31fb\" data-element_type=\"column\" data-e-type=\"column\">\n\t\t\t<div class=\"elementor-widget-wrap elementor-element-populated\">\n\t\t\t\t\t\t<div class=\"elementor-element elementor-element-377ced82 elementor-widget elementor-widget-heading\" data-id=\"377ced82\" data-element_type=\"widget\" data-e-type=\"widget\" data-widget_type=\"heading.default\">\n\t\t\t\t<div class=\"elementor-widget-container\">\n\t\t\t\t\t<h1 class=\"elementor-heading-title elementor-size-default\">Map<\/h1>\t\t\t\t<\/div>\n\t\t\t\t<\/div>\n\t\t\t\t\t<\/div>\n\t\t<\/div>\n\t\t\t\t\t<\/div>\n\t\t<\/section>\n\t\t\t\t<section class=\"elementor-section elementor-top-section elementor-element elementor-element-12209e2 elementor-section-full_width elementor-section-height-default elementor-section-height-default\" data-id=\"12209e2\" data-element_type=\"section\" data-e-type=\"section\">\n\t\t\t\t\t\t<div class=\"elementor-container elementor-column-gap-default\">\n\t\t\t\t\t<div class=\"elementor-column elementor-col-100 elementor-top-column elementor-element elementor-element-a7f03b2\" data-id=\"a7f03b2\" data-element_type=\"column\" data-e-type=\"column\">\n\t\t\t<div class=\"elementor-widget-wrap elementor-element-populated\">\n\t\t\t\t\t\t<div class=\"elementor-element elementor-element-3f88f78 elementor-widget elementor-widget-heading\" data-id=\"3f88f78\" data-element_type=\"widget\" data-e-type=\"widget\" data-widget_type=\"heading.default\">\n\t\t\t\t<div class=\"elementor-widget-container\">\n\t\t\t\t\t<h2 class=\"elementor-heading-title elementor-size-default\">Tekintse meg hotel\u00fcnk t\u00e9rk\u00e9p\u00e9t<\/h2>\t\t\t\t<\/div>\n\t\t\t\t<\/div>\n\t\t\t\t<div class=\"elementor-element elementor-element-1736fe0 elementor-widget elementor-widget-image\" data-id=\"1736fe0\" data-element_type=\"widget\" data-e-type=\"widget\" data-widget_type=\"image.default\">\n\t\t\t\t<div class=\"elementor-widget-container\">\n\t\t\t\t\t\t\t\t\t\t\t\t\t\t\t<img fetchpriority=\"high\" decoding=\"async\" width=\"1271\" height=\"900\" src=\"https:\/\/malomeskacsa.hu\/wp-content\/uploads\/2025\/10\/hotel_terkep.png\" class=\"attachment-full size-full wp-image-10042\" alt=\"\" srcset=\"https:\/\/malomeskacsa.hu\/wp-content\/uploads\/2025\/10\/hotel_terkep.png 1271w, https:\/\/malomeskacsa.hu\/wp-content\/uploads\/2025\/10\/hotel_terkep-1024x725.png 1024w, https:\/\/malomeskacsa.hu\/wp-content\/uploads\/2025\/10\/hotel_terkep-768x544.png 768w, https:\/\/malomeskacsa.hu\/wp-content\/uploads\/2025\/10\/hotel_terkep-18x12.png 18w\" sizes=\"(max-width: 1271px) 100vw, 1271px\" \/>\t\t\t\t\t\t\t\t\t\t\t\t\t\t\t<\/div>\n\t\t\t\t<\/div>\n\t\t\t\t<div class=\"elementor-element elementor-element-7221ebf elementor-align-center elementor-widget elementor-widget-button\" data-id=\"7221ebf\" data-element_type=\"widget\" data-e-type=\"widget\" data-widget_type=\"button.default\">\n\t\t\t\t<div class=\"elementor-widget-container\">\n\t\t\t\t\t\t\t\t\t<div class=\"elementor-button-wrapper\">\n\t\t\t\t\t<a class=\"elementor-button elementor-button-link elementor-size-sm\" href=\"https:\/\/malomeskacsa.hu\/wp-content\/uploads\/2025\/10\/Malom_es_Kacsa_TERKEP_2025.pdf\">\n\t\t\t\t\t\t<span class=\"elementor-button-content-wrapper\">\n\t\t\t\t\t\t\t\t\t<span class=\"elementor-button-text\">Let\u00f6lt\u00e9s<\/span>\n\t\t\t\t\t<\/span>\n\t\t\t\t\t<\/a>\n\t\t\t\t<\/div>\n\t\t\t\t\t\t\t\t<\/div>\n\t\t\t\t<\/div>\n\t\t\t\t\t<\/div>\n\t\t<\/div>\n\t\t\t\t\t<\/div>\n\t\t<\/section>\n\t\t\t\t<\/div>","protected":false},"excerpt":{"rendered":"<p>T\u00e9rk\u00e9p Tekintse meg hotel\u00fcnk t\u00e9rk\u00e9p\u00e9t Let\u00f6lt\u00e9s<\/p>","protected":false},"author":1,"featured_media":0,"parent":0,"menu_order":0,"comment_status":"closed","ping_status":"closed","template":"elementor_header_footer","meta":{"footnotes":""},"class_list":["post-10038","page","type-page","status-publish","hentry"],"yoast_head":"<!-- This site is optimized with the Yoast SEO plugin v27.3 - https:\/\/yoast.com\/product\/yoast-seo-wordpress\/ -->\n<title>T\u00e9rk\u00e9p - Malom \u00e9s Kacsa<\/title>\n<meta name=\"description\" content=\"Tekintse meg a t\u00e9rk\u00e9pet hotel\u00fcnkh\u00f6z.\" \/>\n<meta name=\"robots\" content=\"index, follow, max-snippet:-1, max-image-preview:large, max-video-preview:-1\" \/>\n<link rel=\"canonical\" href=\"https:\/\/malomeskacsa.hu\/en\/terkep\/\" \/>\n<meta property=\"og:locale\" content=\"en_GB\" \/>\n<meta property=\"og:type\" content=\"article\" \/>\n<meta property=\"og:title\" content=\"T\u00e9rk\u00e9p - Malom \u00e9s Kacsa\" \/>\n<meta property=\"og:description\" content=\"Tekintse meg a t\u00e9rk\u00e9pet hotel\u00fcnkh\u00f6z.\" \/>\n<meta property=\"og:url\" content=\"https:\/\/malomeskacsa.hu\/en\/terkep\/\" \/>\n<meta property=\"og:site_name\" content=\"Malom \u00e9s Kacsa\" \/>\n<meta property=\"article:modified_time\" content=\"2025-10-21T21:39:20+00:00\" \/>\n<meta property=\"og:image\" content=\"https:\/\/malomeskacsa.hu\/wp-content\/uploads\/2025\/10\/hotel_terkep.png\" \/>\n<script type=\"application\/ld+json\" class=\"yoast-schema-graph\">{\"@context\":\"https:\\\/\\\/schema.org\",\"@graph\":[{\"@type\":[\"Article\",\"BlogPosting\"],\"@id\":\"https:\\\/\\\/malomeskacsa.hu\\\/terkep\\\/#article\",\"isPartOf\":{\"@id\":\"https:\\\/\\\/malomeskacsa.hu\\\/terkep\\\/\"},\"author\":{\"name\":\"admin\",\"@id\":\"https:\\\/\\\/malomeskacsa.hu\\\/#\\\/schema\\\/person\\\/77d4160b08439d1d21ad46fcc1734a23\"},\"headline\":\"T\u00e9rk\u00e9p\",\"datePublished\":\"2025-10-21T21:29:09+00:00\",\"dateModified\":\"2025-10-21T21:39:20+00:00\",\"mainEntityOfPage\":{\"@id\":\"https:\\\/\\\/malomeskacsa.hu\\\/terkep\\\/\"},\"wordCount\":17,\"publisher\":{\"@id\":\"https:\\\/\\\/malomeskacsa.hu\\\/#organization\"},\"image\":{\"@id\":\"https:\\\/\\\/malomeskacsa.hu\\\/terkep\\\/#primaryimage\"},\"thumbnailUrl\":\"https:\\\/\\\/malomeskacsa.hu\\\/wp-content\\\/uploads\\\/2025\\\/10\\\/hotel_terkep.png\",\"inLanguage\":\"en-GB\"},{\"@type\":\"WebPage\",\"@id\":\"https:\\\/\\\/malomeskacsa.hu\\\/terkep\\\/\",\"url\":\"https:\\\/\\\/malomeskacsa.hu\\\/terkep\\\/\",\"name\":\"T\u00e9rk\u00e9p - Malom \u00e9s Kacsa\",\"isPartOf\":{\"@id\":\"https:\\\/\\\/malomeskacsa.hu\\\/#website\"},\"primaryImageOfPage\":{\"@id\":\"https:\\\/\\\/malomeskacsa.hu\\\/terkep\\\/#primaryimage\"},\"image\":{\"@id\":\"https:\\\/\\\/malomeskacsa.hu\\\/terkep\\\/#primaryimage\"},\"thumbnailUrl\":\"https:\\\/\\\/malomeskacsa.hu\\\/wp-content\\\/uploads\\\/2025\\\/10\\\/hotel_terkep.png\",\"datePublished\":\"2025-10-21T21:29:09+00:00\",\"dateModified\":\"2025-10-21T21:39:20+00:00\",\"description\":\"Tekintse meg a t\u00e9rk\u00e9pet hotel\u00fcnkh\u00f6z.\",\"breadcrumb\":{\"@id\":\"https:\\\/\\\/malomeskacsa.hu\\\/terkep\\\/#breadcrumb\"},\"inLanguage\":\"en-GB\",\"potentialAction\":[{\"@type\":\"ReadAction\",\"target\":[\"https:\\\/\\\/malomeskacsa.hu\\\/terkep\\\/\"]}]},{\"@type\":\"ImageObject\",\"inLanguage\":\"en-GB\",\"@id\":\"https:\\\/\\\/malomeskacsa.hu\\\/terkep\\\/#primaryimage\",\"url\":\"https:\\\/\\\/malomeskacsa.hu\\\/wp-content\\\/uploads\\\/2025\\\/10\\\/hotel_terkep.png\",\"contentUrl\":\"https:\\\/\\\/malomeskacsa.hu\\\/wp-content\\\/uploads\\\/2025\\\/10\\\/hotel_terkep.png\"},{\"@type\":\"BreadcrumbList\",\"@id\":\"https:\\\/\\\/malomeskacsa.hu\\\/terkep\\\/#breadcrumb\",\"itemListElement\":[{\"@type\":\"ListItem\",\"position\":1,\"name\":\"Kezd\u0151lap\",\"item\":\"https:\\\/\\\/malomeskacsa.hu\\\/\"},{\"@type\":\"ListItem\",\"position\":2,\"name\":\"T\u00e9rk\u00e9p\"}]},{\"@type\":\"WebSite\",\"@id\":\"https:\\\/\\\/malomeskacsa.hu\\\/#website\",\"url\":\"https:\\\/\\\/malomeskacsa.hu\\\/\",\"name\":\"Malom \u00e9s Kacsa \u00c9tterem \u00e9s Rendezv\u00e9nyh\u00e1z\",\"description\":\"Boutique Hotel \u2219 Bistro \u2219 Events\",\"publisher\":{\"@id\":\"https:\\\/\\\/malomeskacsa.hu\\\/#organization\"},\"alternateName\":\"Malom \u00e9s Kacsa\",\"potentialAction\":[{\"@type\":\"SearchAction\",\"target\":{\"@type\":\"EntryPoint\",\"urlTemplate\":\"https:\\\/\\\/malomeskacsa.hu\\\/?s={search_term_string}\"},\"query-input\":{\"@type\":\"PropertyValueSpecification\",\"valueRequired\":true,\"valueName\":\"search_term_string\"}}],\"inLanguage\":\"en-GB\"},{\"@type\":\"Organization\",\"@id\":\"https:\\\/\\\/malomeskacsa.hu\\\/#organization\",\"name\":\"Malom \u00e9s Kacsa \u00c9tterem \u00e9s Rendezv\u00e9nyh\u00e1z\",\"alternateName\":\"Malom \u00e9s Kacsa\",\"url\":\"https:\\\/\\\/malomeskacsa.hu\\\/\",\"logo\":{\"@type\":\"ImageObject\",\"inLanguage\":\"en-GB\",\"@id\":\"https:\\\/\\\/malomeskacsa.hu\\\/#\\\/schema\\\/logo\\\/image\\\/\",\"url\":\"https:\\\/\\\/malomeskacsa.hu\\\/wp-content\\\/uploads\\\/2025\\\/06\\\/cropped-malomeskacsa_logo_uj-scaled-1.png\",\"contentUrl\":\"https:\\\/\\\/malomeskacsa.hu\\\/wp-content\\\/uploads\\\/2025\\\/06\\\/cropped-malomeskacsa_logo_uj-scaled-1.png\",\"width\":2558,\"height\":952,\"caption\":\"Malom \u00e9s Kacsa \u00c9tterem \u00e9s Rendezv\u00e9nyh\u00e1z\"},\"image\":{\"@id\":\"https:\\\/\\\/malomeskacsa.hu\\\/#\\\/schema\\\/logo\\\/image\\\/\"}},{\"@type\":\"Person\",\"@id\":\"https:\\\/\\\/malomeskacsa.hu\\\/#\\\/schema\\\/person\\\/77d4160b08439d1d21ad46fcc1734a23\",\"name\":\"admin\",\"sameAs\":[\"https:\\\/\\\/malomeskacsa.hu\"]}]}<\/script>\n<!-- \/ Yoast SEO plugin. -->","yoast_head_json":{"title":"T\u00e9rk\u00e9p - Malom \u00e9s Kacsa","description":"Tekintse meg a t\u00e9rk\u00e9pet hotel\u00fcnkh\u00f6z.","robots":{"index":"index","follow":"follow","max-snippet":"max-snippet:-1","max-image-preview":"max-image-preview:large","max-video-preview":"max-video-preview:-1"},"canonical":"https:\/\/malomeskacsa.hu\/en\/terkep\/","og_locale":"en_GB","og_type":"article","og_title":"T\u00e9rk\u00e9p - Malom \u00e9s Kacsa","og_description":"Tekintse meg a t\u00e9rk\u00e9pet hotel\u00fcnkh\u00f6z.","og_url":"https:\/\/malomeskacsa.hu\/en\/terkep\/","og_site_name":"Malom \u00e9s Kacsa","article_modified_time":"2025-10-21T21:39:20+00:00","og_image":[{"url":"https:\/\/malomeskacsa.hu\/wp-content\/uploads\/2025\/10\/hotel_terkep.png","type":"","width":"","height":""}],"schema":{"@context":"https:\/\/schema.org","@graph":[{"@type":["Article","BlogPosting"],"@id":"https:\/\/malomeskacsa.hu\/terkep\/#article","isPartOf":{"@id":"https:\/\/malomeskacsa.hu\/terkep\/"},"author":{"name":"admin","@id":"https:\/\/malomeskacsa.hu\/#\/schema\/person\/77d4160b08439d1d21ad46fcc1734a23"},"headline":"T\u00e9rk\u00e9p","datePublished":"2025-10-21T21:29:09+00:00","dateModified":"2025-10-21T21:39:20+00:00","mainEntityOfPage":{"@id":"https:\/\/malomeskacsa.hu\/terkep\/"},"wordCount":17,"publisher":{"@id":"https:\/\/malomeskacsa.hu\/#organization"},"image":{"@id":"https:\/\/malomeskacsa.hu\/terkep\/#primaryimage"},"thumbnailUrl":"https:\/\/malomeskacsa.hu\/wp-content\/uploads\/2025\/10\/hotel_terkep.png","inLanguage":"en-GB"},{"@type":"WebPage","@id":"https:\/\/malomeskacsa.hu\/terkep\/","url":"https:\/\/malomeskacsa.hu\/terkep\/","name":"T\u00e9rk\u00e9p - Malom \u00e9s Kacsa","isPartOf":{"@id":"https:\/\/malomeskacsa.hu\/#website"},"primaryImageOfPage":{"@id":"https:\/\/malomeskacsa.hu\/terkep\/#primaryimage"},"image":{"@id":"https:\/\/malomeskacsa.hu\/terkep\/#primaryimage"},"thumbnailUrl":"https:\/\/malomeskacsa.hu\/wp-content\/uploads\/2025\/10\/hotel_terkep.png","datePublished":"2025-10-21T21:29:09+00:00","dateModified":"2025-10-21T21:39:20+00:00","description":"Tekintse meg a t\u00e9rk\u00e9pet hotel\u00fcnkh\u00f6z.","breadcrumb":{"@id":"https:\/\/malomeskacsa.hu\/terkep\/#breadcrumb"},"inLanguage":"en-GB","potentialAction":[{"@type":"ReadAction","target":["https:\/\/malomeskacsa.hu\/terkep\/"]}]},{"@type":"ImageObject","inLanguage":"en-GB","@id":"https:\/\/malomeskacsa.hu\/terkep\/#primaryimage","url":"https:\/\/malomeskacsa.hu\/wp-content\/uploads\/2025\/10\/hotel_terkep.png","contentUrl":"https:\/\/malomeskacsa.hu\/wp-content\/uploads\/2025\/10\/hotel_terkep.png"},{"@type":"BreadcrumbList","@id":"https:\/\/malomeskacsa.hu\/terkep\/#breadcrumb","itemListElement":[{"@type":"ListItem","position":1,"name":"Kezd\u0151lap","item":"https:\/\/malomeskacsa.hu\/"},{"@type":"ListItem","position":2,"name":"T\u00e9rk\u00e9p"}]},{"@type":"WebSite","@id":"https:\/\/malomeskacsa.hu\/#website","url":"https:\/\/malomeskacsa.hu\/","name":"Malom \u00e9s Kacsa \u00c9tterem \u00e9s Rendezv\u00e9nyh\u00e1z","description":"Boutique Hotel \u2219 Bistro \u2219 Events","publisher":{"@id":"https:\/\/malomeskacsa.hu\/#organization"},"alternateName":"Malom \u00e9s Kacsa","potentialAction":[{"@type":"SearchAction","target":{"@type":"EntryPoint","urlTemplate":"https:\/\/malomeskacsa.hu\/?s={search_term_string}"},"query-input":{"@type":"PropertyValueSpecification","valueRequired":true,"valueName":"search_term_string"}}],"inLanguage":"en-GB"},{"@type":"Organization","@id":"https:\/\/malomeskacsa.hu\/#organization","name":"Malom \u00e9s Kacsa \u00c9tterem \u00e9s Rendezv\u00e9nyh\u00e1z","alternateName":"Malom \u00e9s Kacsa","url":"https:\/\/malomeskacsa.hu\/","logo":{"@type":"ImageObject","inLanguage":"en-GB","@id":"https:\/\/malomeskacsa.hu\/#\/schema\/logo\/image\/","url":"https:\/\/malomeskacsa.hu\/wp-content\/uploads\/2025\/06\/cropped-malomeskacsa_logo_uj-scaled-1.png","contentUrl":"https:\/\/malomeskacsa.hu\/wp-content\/uploads\/2025\/06\/cropped-malomeskacsa_logo_uj-scaled-1.png","width":2558,"height":952,"caption":"Malom \u00e9s Kacsa \u00c9tterem \u00e9s Rendezv\u00e9nyh\u00e1z"},"image":{"@id":"https:\/\/malomeskacsa.hu\/#\/schema\/logo\/image\/"}},{"@type":"Person","@id":"https:\/\/malomeskacsa.hu\/#\/schema\/person\/77d4160b08439d1d21ad46fcc1734a23","name":"admin","sameAs":["https:\/\/malomeskacsa.hu"]}]}},"_links":{"self":[{"href":"https:\/\/malomeskacsa.hu\/en\/wp-json\/wp\/v2\/pages\/10038","targetHints":{"allow":["GET"]}}],"collection":[{"href":"https:\/\/malomeskacsa.hu\/en\/wp-json\/wp\/v2\/pages"}],"about":[{"href":"https:\/\/malomeskacsa.hu\/en\/wp-json\/wp\/v2\/types\/page"}],"author":[{"embeddable":true,"href":"https:\/\/malomeskacsa.hu\/en\/wp-json\/wp\/v2\/users\/1"}],"replies":[{"embeddable":true,"href":"https:\/\/malomeskacsa.hu\/en\/wp-json\/wp\/v2\/comments?post=10038"}],"version-history":[{"count":0,"href":"https:\/\/malomeskacsa.hu\/en\/wp-json\/wp\/v2\/pages\/10038\/revisions"}],"wp:attachment":[{"href":"https:\/\/malomeskacsa.hu\/en\/wp-json\/wp\/v2\/media?parent=10038"}],"curies":[{"name":"wp","href":"https:\/\/api.w.org\/{rel}","templated":true}]}}