{"id":10519,"date":"2025-12-15T09:05:12","date_gmt":"2025-12-15T08:05:12","guid":{"rendered":"https:\/\/malomeskacsa.hu\/?page_id=10519"},"modified":"2026-01-20T14:24:01","modified_gmt":"2026-01-20T13:24:01","slug":"koncepcionk","status":"publish","type":"page","link":"https:\/\/malomeskacsa.hu\/en\/gasztronomiank\/koncepcionk\/","title":{"rendered":"Koncepci\u00f3nk"},"content":{"rendered":"<div data-elementor-type=\"wp-page\" data-elementor-id=\"10519\" class=\"elementor elementor-10519\" data-elementor-post-type=\"page\">\n\t\t\t\t\t\t<section class=\"elementor-section elementor-top-section elementor-element elementor-element-7faf727 elementor-section-boxed elementor-section-height-default elementor-section-height-default\" data-id=\"7faf727\" data-element_type=\"section\" data-e-type=\"section\">\n\t\t\t\t\t\t<div class=\"elementor-container elementor-column-gap-default\">\n\t\t\t\t\t<div class=\"elementor-column elementor-col-100 elementor-top-column elementor-element elementor-element-443eecd5\" data-id=\"443eecd5\" data-element_type=\"column\" data-e-type=\"column\">\n\t\t\t<div class=\"elementor-widget-wrap elementor-element-populated\">\n\t\t\t\t\t\t<div class=\"elementor-element elementor-element-63b0c780 elementor-widget elementor-widget-spacer\" data-id=\"63b0c780\" data-element_type=\"widget\" data-e-type=\"widget\" data-widget_type=\"spacer.default\">\n\t\t\t\t<div class=\"elementor-widget-container\">\n\t\t\t\t\t\t\t<div class=\"elementor-spacer\">\n\t\t\t<div class=\"elementor-spacer-inner\"><\/div>\n\t\t<\/div>\n\t\t\t\t\t\t<\/div>\n\t\t\t\t<\/div>\n\t\t\t\t\t<\/div>\n\t\t<\/div>\n\t\t\t\t\t<\/div>\n\t\t<\/section>\n\t\t\t\t<section class=\"elementor-section elementor-top-section elementor-element elementor-element-6550d1bf elementor-section-full_width elementor-section-height-default elementor-section-height-default\" data-id=\"6550d1bf\" data-element_type=\"section\" data-e-type=\"section\" data-settings=\"{&quot;background_background&quot;:&quot;classic&quot;}\">\n\t\t\t\t\t\t\t<div class=\"elementor-background-overlay\"><\/div>\n\t\t\t\t\t\t\t<div class=\"elementor-container elementor-column-gap-default\">\n\t\t\t\t\t<div class=\"elementor-column elementor-col-100 elementor-top-column elementor-element elementor-element-60f5b9c2\" data-id=\"60f5b9c2\" data-element_type=\"column\" data-e-type=\"column\">\n\t\t\t<div class=\"elementor-widget-wrap elementor-element-populated\">\n\t\t\t\t\t\t<div class=\"elementor-element elementor-element-56b2e4c1 elementor-widget elementor-widget-heading\" data-id=\"56b2e4c1\" data-element_type=\"widget\" data-e-type=\"widget\" data-widget_type=\"heading.default\">\n\t\t\t\t<div class=\"elementor-widget-container\">\n\t\t\t\t\t<h1 class=\"elementor-heading-title elementor-size-default\">Koncepci\u00f3nk<\/h1>\t\t\t\t<\/div>\n\t\t\t\t<\/div>\n\t\t\t\t\t<\/div>\n\t\t<\/div>\n\t\t\t\t\t<\/div>\n\t\t<\/section>\n\t\t\t\t<section class=\"elementor-section elementor-top-section elementor-element elementor-element-3ae999ae elementor-section-boxed elementor-section-height-default elementor-section-height-default\" data-id=\"3ae999ae\" data-element_type=\"section\" data-e-type=\"section\">\n\t\t\t\t\t\t<div class=\"elementor-container elementor-column-gap-default\">\n\t\t\t\t\t<div class=\"elementor-column elementor-col-100 elementor-top-column elementor-element elementor-element-5510b2e3\" data-id=\"5510b2e3\" data-element_type=\"column\" data-e-type=\"column\">\n\t\t\t<div class=\"elementor-widget-wrap elementor-element-populated\">\n\t\t\t\t\t\t<div class=\"elementor-element elementor-element-608bf180 elementor-widget elementor-widget-heading\" data-id=\"608bf180\" data-element_type=\"widget\" data-e-type=\"widget\" data-widget_type=\"heading.default\">\n\t\t\t\t<div class=\"elementor-widget-container\">\n\t\t\t\t\t<h2 class=\"elementor-heading-title elementor-size-default\">\u00c9tlapunk mondanival\u00f3ja<\/h2>\t\t\t\t<\/div>\n\t\t\t\t<\/div>\n\t\t\t\t\t<\/div>\n\t\t<\/div>\n\t\t\t\t\t<\/div>\n\t\t<\/section>\n\t\t\t\t<section class=\"elementor-section elementor-top-section elementor-element elementor-element-6e934ccc elementor-section-boxed elementor-section-height-default elementor-section-height-default\" data-id=\"6e934ccc\" data-element_type=\"section\" data-e-type=\"section\">\n\t\t\t\t\t\t<div class=\"elementor-container elementor-column-gap-default\">\n\t\t\t\t\t<div class=\"elementor-column elementor-col-50 elementor-top-column elementor-element elementor-element-17befe67\" data-id=\"17befe67\" data-element_type=\"column\" data-e-type=\"column\">\n\t\t\t<div class=\"elementor-widget-wrap elementor-element-populated\">\n\t\t\t\t\t\t<div class=\"elementor-element elementor-element-482344e6 elementor-widget elementor-widget-image\" data-id=\"482344e6\" data-element_type=\"widget\" data-e-type=\"widget\" data-widget_type=\"image.default\">\n\t\t\t\t<div class=\"elementor-widget-container\">\n\t\t\t\t\t\t\t\t\t\t\t\t\t\t\t<img fetchpriority=\"high\" decoding=\"async\" width=\"2000\" height=\"1333\" src=\"https:\/\/malomeskacsa.hu\/wp-content\/uploads\/2026\/01\/bistro2.jpg\" class=\"attachment-full size-full wp-image-10640\" alt=\"\" srcset=\"https:\/\/malomeskacsa.hu\/wp-content\/uploads\/2026\/01\/bistro2.jpg 2000w, https:\/\/malomeskacsa.hu\/wp-content\/uploads\/2026\/01\/bistro2-1024x682.jpg 1024w, https:\/\/malomeskacsa.hu\/wp-content\/uploads\/2026\/01\/bistro2-768x512.jpg 768w, https:\/\/malomeskacsa.hu\/wp-content\/uploads\/2026\/01\/bistro2-391x260.jpg 391w, https:\/\/malomeskacsa.hu\/wp-content\/uploads\/2026\/01\/bistro2-1536x1024.jpg 1536w, https:\/\/malomeskacsa.hu\/wp-content\/uploads\/2026\/01\/bistro2-18x12.jpg 18w\" sizes=\"(max-width: 2000px) 100vw, 2000px\" \/>\t\t\t\t\t\t\t\t\t\t\t\t\t\t\t<\/div>\n\t\t\t\t<\/div>\n\t\t\t\t\t<\/div>\n\t\t<\/div>\n\t\t\t\t<div class=\"elementor-column elementor-col-50 elementor-top-column elementor-element elementor-element-279724a8\" data-id=\"279724a8\" data-element_type=\"column\" data-e-type=\"column\">\n\t\t\t<div class=\"elementor-widget-wrap elementor-element-populated\">\n\t\t\t\t\t\t<div class=\"elementor-element elementor-element-5e51334b elementor-widget elementor-widget-text-editor\" data-id=\"5e51334b\" data-element_type=\"widget\" data-e-type=\"widget\" data-widget_type=\"text-editor.default\">\n\t\t\t\t<div class=\"elementor-widget-container\">\n\t\t\t\t\t\t\t\t\t<p class=\"x_MsoNormal\"><b>\u201eOtthonos \u00edzek, modern k\u00f6nt\u00f6sben\u201d<\/b><\/p><ul type=\"disc\"><li class=\"x_MsoNormal\">N\u00e1lunk az \u00e9tel nemcsak \u00edz, hanem \u00e9rz\u00e9s.<br \/><b>Az otthon \u00edzei<\/b>, gyerekkori eml\u00e9keket, csal\u00e1di \u00e9lm\u00e9nyeket \u00e9s a h\u00e9tv\u00e9gi eb\u00e9dek hangulat\u00e1t id\u00e9zi fel. Finom, letisztult, szerethet\u0151.<\/li><li class=\"x_MsoNormal\"><b>\u00d6r\u00f6k klasszikus<\/b>\u00a0fog\u00e1sok mindig helyet kapnak szezon\u00e1lisan v\u00e1ltoz\u00f3 \u00e9tlapunkon, melyet kort\u00e1rs, kifinomult eleganci\u00e1val \u00faj modern k\u00f6nt\u00f6sben fedezhetnek fel vend\u00e9geink.<\/li><li class=\"x_MsoNormal\">Szezonalit\u00e1s \u00e9s Innov\u00e1ci\u00f3<br \/>S\u00e9fjeink k\u00e9t hetente meg\u00fajul\u00f3\u00a0<a href=\"https:\/\/malomeskacsa.hu\/en\/ourgastronomy\/sef-ajanlata\/\"><b>S\u00e9f Aj\u00e1nlata<\/b><\/a>\u00a0az aktu\u00e1lis alapanyagokra \u00e9s a kreativit\u00e1s \u00f6r\u00f6m\u00e9re \u00e9p\u00edt \u2013 hogy minden l\u00e1togat\u00e1s egy \u00faj, m\u00e9gis ismer\u0151sen otthonos \u00e9lm\u00e9ny legyen.<\/li><\/ul>\t\t\t\t\t\t\t\t<\/div>\n\t\t\t\t<\/div>\n\t\t\t\t\t<\/div>\n\t\t<\/div>\n\t\t\t\t\t<\/div>\n\t\t<\/section>\n\t\t\t\t<section class=\"elementor-section elementor-top-section elementor-element elementor-element-c332687 elementor-section-boxed elementor-section-height-default elementor-section-height-default\" data-id=\"c332687\" data-element_type=\"section\" data-e-type=\"section\">\n\t\t\t\t\t\t<div class=\"elementor-container elementor-column-gap-default\">\n\t\t\t\t\t<div class=\"elementor-column elementor-col-100 elementor-top-column elementor-element elementor-element-27453190\" data-id=\"27453190\" data-element_type=\"column\" data-e-type=\"column\">\n\t\t\t<div class=\"elementor-widget-wrap elementor-element-populated\">\n\t\t\t\t\t\t<div class=\"elementor-element elementor-element-222c8acc elementor-align-center elementor-widget elementor-widget-button\" data-id=\"222c8acc\" data-element_type=\"widget\" data-e-type=\"widget\" data-widget_type=\"button.default\">\n\t\t\t\t<div class=\"elementor-widget-container\">\n\t\t\t\t\t\t\t\t\t<div class=\"elementor-button-wrapper\">\n\t\t\t\t\t<a class=\"elementor-button elementor-button-link elementor-size-sm\" href=\"https:\/\/malomeskacsa.hu\/en\/ourgastronomy\/etlap\/\">\n\t\t\t\t\t\t<span class=\"elementor-button-content-wrapper\">\n\t\t\t\t\t\t\t\t\t<span class=\"elementor-button-text\">MEGN\u00c9ZEM<\/span>\n\t\t\t\t\t<\/span>\n\t\t\t\t\t<\/a>\n\t\t\t\t<\/div>\n\t\t\t\t\t\t\t\t<\/div>\n\t\t\t\t<\/div>\n\t\t\t\t\t<\/div>\n\t\t<\/div>\n\t\t\t\t\t<\/div>\n\t\t<\/section>\n\t\t\t\t<\/div>","protected":false},"excerpt":{"rendered":"<p>Koncepci\u00f3nk \u00c9tlapunk mondanival\u00f3ja \u201eOtthonos \u00edzek, modern k\u00f6nt\u00f6sben\u201d N\u00e1lunk az \u00e9tel nemcsak \u00edz, hanem \u00e9rz\u00e9s.Az otthon \u00edzei, gyerekkori eml\u00e9keket, csal\u00e1di \u00e9lm\u00e9nyeket \u00e9s a h\u00e9tv\u00e9gi eb\u00e9dek hangulat\u00e1t id\u00e9zi fel. Finom, letisztult, szerethet\u0151. \u00d6r\u00f6k klasszikus\u00a0fog\u00e1sok mindig helyet kapnak szezon\u00e1lisan v\u00e1ltoz\u00f3 \u00e9tlapunkon, melyet kort\u00e1rs, kifinomult eleganci\u00e1val \u00faj modern k\u00f6nt\u00f6sben fedezhetnek fel vend\u00e9geink. Szezonalit\u00e1s \u00e9s Innov\u00e1ci\u00f3S\u00e9fjeink k\u00e9t hetente meg\u00fajul\u00f3\u00a0S\u00e9f Aj\u00e1nlata\u00a0az [&hellip;]<\/p>\n","protected":false},"author":1,"featured_media":0,"parent":867,"menu_order":0,"comment_status":"closed","ping_status":"closed","template":"elementor_header_footer","meta":{"footnotes":""},"class_list":["post-10519","page","type-page","status-publish","hentry"],"yoast_head":"<!-- This site is optimized with the Yoast SEO plugin v27.3 - https:\/\/yoast.com\/product\/yoast-seo-wordpress\/ -->\n<title>Koncepci\u00f3nk - Malom \u00e9s Kacsa<\/title>\n<meta name=\"robots\" content=\"index, follow, max-snippet:-1, max-image-preview:large, max-video-preview:-1\" \/>\n<link rel=\"canonical\" href=\"https:\/\/malomeskacsa.hu\/en\/ourgastronomy\/koncepcionk\/\" \/>\n<meta property=\"og:locale\" content=\"en_GB\" \/>\n<meta property=\"og:type\" content=\"article\" \/>\n<meta property=\"og:title\" content=\"Koncepci\u00f3nk - Malom \u00e9s Kacsa\" \/>\n<meta property=\"og:description\" content=\"Koncepci\u00f3nk \u00c9tlapunk mondanival\u00f3ja \u201eOtthonos \u00edzek, modern k\u00f6nt\u00f6sben\u201d N\u00e1lunk az \u00e9tel nemcsak \u00edz, hanem \u00e9rz\u00e9s.Az otthon \u00edzei, gyerekkori eml\u00e9keket, csal\u00e1di \u00e9lm\u00e9nyeket \u00e9s a h\u00e9tv\u00e9gi eb\u00e9dek hangulat\u00e1t id\u00e9zi fel. Finom, letisztult, szerethet\u0151. \u00d6r\u00f6k klasszikus\u00a0fog\u00e1sok mindig helyet kapnak szezon\u00e1lisan v\u00e1ltoz\u00f3 \u00e9tlapunkon, melyet kort\u00e1rs, kifinomult eleganci\u00e1val \u00faj modern k\u00f6nt\u00f6sben fedezhetnek fel vend\u00e9geink. Szezonalit\u00e1s \u00e9s Innov\u00e1ci\u00f3S\u00e9fjeink k\u00e9t hetente meg\u00fajul\u00f3\u00a0S\u00e9f Aj\u00e1nlata\u00a0az [&hellip;]\" \/>\n<meta property=\"og:url\" content=\"https:\/\/malomeskacsa.hu\/en\/ourgastronomy\/koncepcionk\/\" \/>\n<meta property=\"og:site_name\" content=\"Malom \u00e9s Kacsa\" \/>\n<meta property=\"article:modified_time\" content=\"2026-01-20T13:24:01+00:00\" \/>\n<meta property=\"og:image\" content=\"https:\/\/malomeskacsa.hu\/wp-content\/uploads\/2026\/01\/bistro2.jpg\" \/>\n\t<meta property=\"og:image:width\" content=\"2000\" \/>\n\t<meta property=\"og:image:height\" content=\"1333\" \/>\n\t<meta property=\"og:image:type\" content=\"image\/jpeg\" \/>\n<script type=\"application\/ld+json\" class=\"yoast-schema-graph\">{\"@context\":\"https:\\\/\\\/schema.org\",\"@graph\":[{\"@type\":[\"Article\",\"BlogPosting\"],\"@id\":\"https:\\\/\\\/malomeskacsa.hu\\\/gasztronomiank\\\/koncepcionk\\\/#article\",\"isPartOf\":{\"@id\":\"https:\\\/\\\/malomeskacsa.hu\\\/gasztronomiank\\\/koncepcionk\\\/\"},\"author\":{\"name\":\"admin\",\"@id\":\"https:\\\/\\\/malomeskacsa.hu\\\/#\\\/schema\\\/person\\\/77d4160b08439d1d21ad46fcc1734a23\"},\"headline\":\"Koncepci\u00f3nk\",\"datePublished\":\"2025-12-15T08:05:12+00:00\",\"dateModified\":\"2026-01-20T13:24:01+00:00\",\"mainEntityOfPage\":{\"@id\":\"https:\\\/\\\/malomeskacsa.hu\\\/gasztronomiank\\\/koncepcionk\\\/\"},\"wordCount\":121,\"publisher\":{\"@id\":\"https:\\\/\\\/malomeskacsa.hu\\\/#organization\"},\"image\":{\"@id\":\"https:\\\/\\\/malomeskacsa.hu\\\/gasztronomiank\\\/koncepcionk\\\/#primaryimage\"},\"thumbnailUrl\":\"https:\\\/\\\/malomeskacsa.hu\\\/wp-content\\\/uploads\\\/2026\\\/01\\\/bistro2.jpg\",\"inLanguage\":\"en-GB\"},{\"@type\":\"WebPage\",\"@id\":\"https:\\\/\\\/malomeskacsa.hu\\\/gasztronomiank\\\/koncepcionk\\\/\",\"url\":\"https:\\\/\\\/malomeskacsa.hu\\\/gasztronomiank\\\/koncepcionk\\\/\",\"name\":\"Koncepci\u00f3nk - Malom \u00e9s Kacsa\",\"isPartOf\":{\"@id\":\"https:\\\/\\\/malomeskacsa.hu\\\/#website\"},\"primaryImageOfPage\":{\"@id\":\"https:\\\/\\\/malomeskacsa.hu\\\/gasztronomiank\\\/koncepcionk\\\/#primaryimage\"},\"image\":{\"@id\":\"https:\\\/\\\/malomeskacsa.hu\\\/gasztronomiank\\\/koncepcionk\\\/#primaryimage\"},\"thumbnailUrl\":\"https:\\\/\\\/malomeskacsa.hu\\\/wp-content\\\/uploads\\\/2026\\\/01\\\/bistro2.jpg\",\"datePublished\":\"2025-12-15T08:05:12+00:00\",\"dateModified\":\"2026-01-20T13:24:01+00:00\",\"breadcrumb\":{\"@id\":\"https:\\\/\\\/malomeskacsa.hu\\\/gasztronomiank\\\/koncepcionk\\\/#breadcrumb\"},\"inLanguage\":\"en-GB\",\"potentialAction\":[{\"@type\":\"ReadAction\",\"target\":[\"https:\\\/\\\/malomeskacsa.hu\\\/gasztronomiank\\\/koncepcionk\\\/\"]}]},{\"@type\":\"ImageObject\",\"inLanguage\":\"en-GB\",\"@id\":\"https:\\\/\\\/malomeskacsa.hu\\\/gasztronomiank\\\/koncepcionk\\\/#primaryimage\",\"url\":\"https:\\\/\\\/malomeskacsa.hu\\\/wp-content\\\/uploads\\\/2026\\\/01\\\/bistro2.jpg\",\"contentUrl\":\"https:\\\/\\\/malomeskacsa.hu\\\/wp-content\\\/uploads\\\/2026\\\/01\\\/bistro2.jpg\"},{\"@type\":\"BreadcrumbList\",\"@id\":\"https:\\\/\\\/malomeskacsa.hu\\\/gasztronomiank\\\/koncepcionk\\\/#breadcrumb\",\"itemListElement\":[{\"@type\":\"ListItem\",\"position\":1,\"name\":\"Kezd\u0151lap\",\"item\":\"https:\\\/\\\/malomeskacsa.hu\\\/\"},{\"@type\":\"ListItem\",\"position\":2,\"name\":\"Gasztron\u00f3mi\u00e1nk\",\"item\":\"https:\\\/\\\/malomeskacsa.hu\\\/gasztronomiank\\\/\"},{\"@type\":\"ListItem\",\"position\":3,\"name\":\"Koncepci\u00f3nk\"}]},{\"@type\":\"WebSite\",\"@id\":\"https:\\\/\\\/malomeskacsa.hu\\\/#website\",\"url\":\"https:\\\/\\\/malomeskacsa.hu\\\/\",\"name\":\"Malom \u00e9s Kacsa \u00c9tterem \u00e9s Rendezv\u00e9nyh\u00e1z\",\"description\":\"Boutique Hotel \u2219 Bistro \u2219 Events\",\"publisher\":{\"@id\":\"https:\\\/\\\/malomeskacsa.hu\\\/#organization\"},\"alternateName\":\"Malom \u00e9s Kacsa\",\"potentialAction\":[{\"@type\":\"SearchAction\",\"target\":{\"@type\":\"EntryPoint\",\"urlTemplate\":\"https:\\\/\\\/malomeskacsa.hu\\\/?s={search_term_string}\"},\"query-input\":{\"@type\":\"PropertyValueSpecification\",\"valueRequired\":true,\"valueName\":\"search_term_string\"}}],\"inLanguage\":\"en-GB\"},{\"@type\":\"Organization\",\"@id\":\"https:\\\/\\\/malomeskacsa.hu\\\/#organization\",\"name\":\"Malom \u00e9s Kacsa \u00c9tterem \u00e9s Rendezv\u00e9nyh\u00e1z\",\"alternateName\":\"Malom \u00e9s Kacsa\",\"url\":\"https:\\\/\\\/malomeskacsa.hu\\\/\",\"logo\":{\"@type\":\"ImageObject\",\"inLanguage\":\"en-GB\",\"@id\":\"https:\\\/\\\/malomeskacsa.hu\\\/#\\\/schema\\\/logo\\\/image\\\/\",\"url\":\"https:\\\/\\\/malomeskacsa.hu\\\/wp-content\\\/uploads\\\/2025\\\/06\\\/cropped-malomeskacsa_logo_uj-scaled-1.png\",\"contentUrl\":\"https:\\\/\\\/malomeskacsa.hu\\\/wp-content\\\/uploads\\\/2025\\\/06\\\/cropped-malomeskacsa_logo_uj-scaled-1.png\",\"width\":2558,\"height\":952,\"caption\":\"Malom \u00e9s Kacsa \u00c9tterem \u00e9s Rendezv\u00e9nyh\u00e1z\"},\"image\":{\"@id\":\"https:\\\/\\\/malomeskacsa.hu\\\/#\\\/schema\\\/logo\\\/image\\\/\"}},{\"@type\":\"Person\",\"@id\":\"https:\\\/\\\/malomeskacsa.hu\\\/#\\\/schema\\\/person\\\/77d4160b08439d1d21ad46fcc1734a23\",\"name\":\"admin\",\"sameAs\":[\"https:\\\/\\\/malomeskacsa.hu\"]}]}<\/script>\n<!-- \/ Yoast SEO plugin. -->","yoast_head_json":{"title":"Koncepci\u00f3nk - Malom \u00e9s Kacsa","robots":{"index":"index","follow":"follow","max-snippet":"max-snippet:-1","max-image-preview":"max-image-preview:large","max-video-preview":"max-video-preview:-1"},"canonical":"https:\/\/malomeskacsa.hu\/en\/ourgastronomy\/koncepcionk\/","og_locale":"en_GB","og_type":"article","og_title":"Koncepci\u00f3nk - Malom \u00e9s Kacsa","og_description":"Koncepci\u00f3nk \u00c9tlapunk mondanival\u00f3ja \u201eOtthonos \u00edzek, modern k\u00f6nt\u00f6sben\u201d N\u00e1lunk az \u00e9tel nemcsak \u00edz, hanem \u00e9rz\u00e9s.Az otthon \u00edzei, gyerekkori eml\u00e9keket, csal\u00e1di \u00e9lm\u00e9nyeket \u00e9s a h\u00e9tv\u00e9gi eb\u00e9dek hangulat\u00e1t id\u00e9zi fel. Finom, letisztult, szerethet\u0151. \u00d6r\u00f6k klasszikus\u00a0fog\u00e1sok mindig helyet kapnak szezon\u00e1lisan v\u00e1ltoz\u00f3 \u00e9tlapunkon, melyet kort\u00e1rs, kifinomult eleganci\u00e1val \u00faj modern k\u00f6nt\u00f6sben fedezhetnek fel vend\u00e9geink. Szezonalit\u00e1s \u00e9s Innov\u00e1ci\u00f3S\u00e9fjeink k\u00e9t hetente meg\u00fajul\u00f3\u00a0S\u00e9f Aj\u00e1nlata\u00a0az [&hellip;]","og_url":"https:\/\/malomeskacsa.hu\/en\/ourgastronomy\/koncepcionk\/","og_site_name":"Malom \u00e9s Kacsa","article_modified_time":"2026-01-20T13:24:01+00:00","og_image":[{"width":2000,"height":1333,"url":"https:\/\/malomeskacsa.hu\/wp-content\/uploads\/2026\/01\/bistro2.jpg","type":"image\/jpeg"}],"schema":{"@context":"https:\/\/schema.org","@graph":[{"@type":["Article","BlogPosting"],"@id":"https:\/\/malomeskacsa.hu\/gasztronomiank\/koncepcionk\/#article","isPartOf":{"@id":"https:\/\/malomeskacsa.hu\/gasztronomiank\/koncepcionk\/"},"author":{"name":"admin","@id":"https:\/\/malomeskacsa.hu\/#\/schema\/person\/77d4160b08439d1d21ad46fcc1734a23"},"headline":"Koncepci\u00f3nk","datePublished":"2025-12-15T08:05:12+00:00","dateModified":"2026-01-20T13:24:01+00:00","mainEntityOfPage":{"@id":"https:\/\/malomeskacsa.hu\/gasztronomiank\/koncepcionk\/"},"wordCount":121,"publisher":{"@id":"https:\/\/malomeskacsa.hu\/#organization"},"image":{"@id":"https:\/\/malomeskacsa.hu\/gasztronomiank\/koncepcionk\/#primaryimage"},"thumbnailUrl":"https:\/\/malomeskacsa.hu\/wp-content\/uploads\/2026\/01\/bistro2.jpg","inLanguage":"en-GB"},{"@type":"WebPage","@id":"https:\/\/malomeskacsa.hu\/gasztronomiank\/koncepcionk\/","url":"https:\/\/malomeskacsa.hu\/gasztronomiank\/koncepcionk\/","name":"Koncepci\u00f3nk - Malom \u00e9s Kacsa","isPartOf":{"@id":"https:\/\/malomeskacsa.hu\/#website"},"primaryImageOfPage":{"@id":"https:\/\/malomeskacsa.hu\/gasztronomiank\/koncepcionk\/#primaryimage"},"image":{"@id":"https:\/\/malomeskacsa.hu\/gasztronomiank\/koncepcionk\/#primaryimage"},"thumbnailUrl":"https:\/\/malomeskacsa.hu\/wp-content\/uploads\/2026\/01\/bistro2.jpg","datePublished":"2025-12-15T08:05:12+00:00","dateModified":"2026-01-20T13:24:01+00:00","breadcrumb":{"@id":"https:\/\/malomeskacsa.hu\/gasztronomiank\/koncepcionk\/#breadcrumb"},"inLanguage":"en-GB","potentialAction":[{"@type":"ReadAction","target":["https:\/\/malomeskacsa.hu\/gasztronomiank\/koncepcionk\/"]}]},{"@type":"ImageObject","inLanguage":"en-GB","@id":"https:\/\/malomeskacsa.hu\/gasztronomiank\/koncepcionk\/#primaryimage","url":"https:\/\/malomeskacsa.hu\/wp-content\/uploads\/2026\/01\/bistro2.jpg","contentUrl":"https:\/\/malomeskacsa.hu\/wp-content\/uploads\/2026\/01\/bistro2.jpg"},{"@type":"BreadcrumbList","@id":"https:\/\/malomeskacsa.hu\/gasztronomiank\/koncepcionk\/#breadcrumb","itemListElement":[{"@type":"ListItem","position":1,"name":"Kezd\u0151lap","item":"https:\/\/malomeskacsa.hu\/"},{"@type":"ListItem","position":2,"name":"Gasztron\u00f3mi\u00e1nk","item":"https:\/\/malomeskacsa.hu\/gasztronomiank\/"},{"@type":"ListItem","position":3,"name":"Koncepci\u00f3nk"}]},{"@type":"WebSite","@id":"https:\/\/malomeskacsa.hu\/#website","url":"https:\/\/malomeskacsa.hu\/","name":"Malom \u00e9s Kacsa \u00c9tterem \u00e9s Rendezv\u00e9nyh\u00e1z","description":"Boutique Hotel \u2219 Bistro \u2219 Events","publisher":{"@id":"https:\/\/malomeskacsa.hu\/#organization"},"alternateName":"Malom \u00e9s Kacsa","potentialAction":[{"@type":"SearchAction","target":{"@type":"EntryPoint","urlTemplate":"https:\/\/malomeskacsa.hu\/?s={search_term_string}"},"query-input":{"@type":"PropertyValueSpecification","valueRequired":true,"valueName":"search_term_string"}}],"inLanguage":"en-GB"},{"@type":"Organization","@id":"https:\/\/malomeskacsa.hu\/#organization","name":"Malom \u00e9s Kacsa \u00c9tterem \u00e9s Rendezv\u00e9nyh\u00e1z","alternateName":"Malom \u00e9s Kacsa","url":"https:\/\/malomeskacsa.hu\/","logo":{"@type":"ImageObject","inLanguage":"en-GB","@id":"https:\/\/malomeskacsa.hu\/#\/schema\/logo\/image\/","url":"https:\/\/malomeskacsa.hu\/wp-content\/uploads\/2025\/06\/cropped-malomeskacsa_logo_uj-scaled-1.png","contentUrl":"https:\/\/malomeskacsa.hu\/wp-content\/uploads\/2025\/06\/cropped-malomeskacsa_logo_uj-scaled-1.png","width":2558,"height":952,"caption":"Malom \u00e9s Kacsa \u00c9tterem \u00e9s Rendezv\u00e9nyh\u00e1z"},"image":{"@id":"https:\/\/malomeskacsa.hu\/#\/schema\/logo\/image\/"}},{"@type":"Person","@id":"https:\/\/malomeskacsa.hu\/#\/schema\/person\/77d4160b08439d1d21ad46fcc1734a23","name":"admin","sameAs":["https:\/\/malomeskacsa.hu"]}]}},"_links":{"self":[{"href":"https:\/\/malomeskacsa.hu\/en\/wp-json\/wp\/v2\/pages\/10519","targetHints":{"allow":["GET"]}}],"collection":[{"href":"https:\/\/malomeskacsa.hu\/en\/wp-json\/wp\/v2\/pages"}],"about":[{"href":"https:\/\/malomeskacsa.hu\/en\/wp-json\/wp\/v2\/types\/page"}],"author":[{"embeddable":true,"href":"https:\/\/malomeskacsa.hu\/en\/wp-json\/wp\/v2\/users\/1"}],"replies":[{"embeddable":true,"href":"https:\/\/malomeskacsa.hu\/en\/wp-json\/wp\/v2\/comments?post=10519"}],"version-history":[{"count":0,"href":"https:\/\/malomeskacsa.hu\/en\/wp-json\/wp\/v2\/pages\/10519\/revisions"}],"up":[{"embeddable":true,"href":"https:\/\/malomeskacsa.hu\/en\/wp-json\/wp\/v2\/pages\/867"}],"wp:attachment":[{"href":"https:\/\/malomeskacsa.hu\/en\/wp-json\/wp\/v2\/media?parent=10519"}],"curies":[{"name":"wp","href":"https:\/\/api.w.org\/{rel}","templated":true}]}}