{"id":10894,"date":"2026-02-19T14:14:16","date_gmt":"2026-02-19T13:14:16","guid":{"rendered":"https:\/\/malomeskacsa.hu\/?page_id=10894"},"modified":"2026-02-19T16:46:47","modified_gmt":"2026-02-19T15:46:47","slug":"nonapi-hetvege","status":"publish","type":"page","link":"https:\/\/malomeskacsa.hu\/en\/ajanlatok\/nonapi-hetvege\/","title":{"rendered":"N\u0151napi h\u00e9tv\u00e9ge"},"content":{"rendered":"<div data-elementor-type=\"wp-page\" data-elementor-id=\"10894\" class=\"elementor elementor-10894\" data-elementor-post-type=\"page\">\n\t\t\t\t\t\t<section class=\"elementor-section elementor-top-section elementor-element elementor-element-bd57ef9 elementor-section-boxed elementor-section-height-default elementor-section-height-default\" data-id=\"bd57ef9\" data-element_type=\"section\" data-e-type=\"section\">\n\t\t\t\t\t\t<div class=\"elementor-container elementor-column-gap-default\">\n\t\t\t\t\t<div class=\"elementor-column elementor-col-100 elementor-top-column elementor-element elementor-element-2e8a448b\" data-id=\"2e8a448b\" data-element_type=\"column\" data-e-type=\"column\">\n\t\t\t<div class=\"elementor-widget-wrap elementor-element-populated\">\n\t\t\t\t\t\t<div class=\"elementor-element elementor-element-64c49b9a elementor-widget elementor-widget-spacer\" data-id=\"64c49b9a\" data-element_type=\"widget\" data-e-type=\"widget\" data-widget_type=\"spacer.default\">\n\t\t\t\t<div class=\"elementor-widget-container\">\n\t\t\t\t\t\t\t<div class=\"elementor-spacer\">\n\t\t\t<div class=\"elementor-spacer-inner\"><\/div>\n\t\t<\/div>\n\t\t\t\t\t\t<\/div>\n\t\t\t\t<\/div>\n\t\t\t\t\t<\/div>\n\t\t<\/div>\n\t\t\t\t\t<\/div>\n\t\t<\/section>\n\t\t\t\t<section class=\"elementor-section elementor-top-section elementor-element elementor-element-1e5a4323 elementor-section-full_width elementor-section-height-default elementor-section-height-default\" data-id=\"1e5a4323\" data-element_type=\"section\" data-e-type=\"section\" data-settings=\"{&quot;background_background&quot;:&quot;classic&quot;}\">\n\t\t\t\t\t\t\t<div class=\"elementor-background-overlay\"><\/div>\n\t\t\t\t\t\t\t<div class=\"elementor-container elementor-column-gap-default\">\n\t\t\t\t\t<div class=\"elementor-column elementor-col-100 elementor-top-column elementor-element elementor-element-237c7ded\" data-id=\"237c7ded\" data-element_type=\"column\" data-e-type=\"column\">\n\t\t\t<div class=\"elementor-widget-wrap elementor-element-populated\">\n\t\t\t\t\t\t<div class=\"elementor-element elementor-element-679729aa elementor-widget elementor-widget-heading\" data-id=\"679729aa\" data-element_type=\"widget\" data-e-type=\"widget\" data-widget_type=\"heading.default\">\n\t\t\t\t<div class=\"elementor-widget-container\">\n\t\t\t\t\t<h1 class=\"elementor-heading-title elementor-size-default\">N\u0151napi h\u00e9tv\u00e9ge<\/h1>\t\t\t\t<\/div>\n\t\t\t\t<\/div>\n\t\t\t\t\t<\/div>\n\t\t<\/div>\n\t\t\t\t\t<\/div>\n\t\t<\/section>\n\t\t\t\t<section class=\"elementor-section elementor-top-section elementor-element elementor-element-76e5c915 elementor-section-boxed elementor-section-height-default elementor-section-height-default\" data-id=\"76e5c915\" data-element_type=\"section\" data-e-type=\"section\">\n\t\t\t\t\t\t<div class=\"elementor-container elementor-column-gap-default\">\n\t\t\t\t\t<div class=\"elementor-column elementor-col-100 elementor-top-column elementor-element elementor-element-38780299\" data-id=\"38780299\" data-element_type=\"column\" data-e-type=\"column\">\n\t\t\t<div class=\"elementor-widget-wrap elementor-element-populated\">\n\t\t\t\t\t\t<div class=\"elementor-element elementor-element-6f7c1b27 elementor-widget elementor-widget-heading\" data-id=\"6f7c1b27\" data-element_type=\"widget\" data-e-type=\"widget\" data-widget_type=\"heading.default\">\n\t\t\t\t<div class=\"elementor-widget-container\">\n\t\t\t\t\t<h2 class=\"elementor-heading-title elementor-size-default\">N\u0151napi h\u00e9tv\u00e9ge a Malom \u00e9s Kacs\u00e1ban<\/h2>\t\t\t\t<\/div>\n\t\t\t\t<\/div>\n\t\t\t\t\t<\/div>\n\t\t<\/div>\n\t\t\t\t\t<\/div>\n\t\t<\/section>\n\t\t\t\t<section class=\"elementor-section elementor-top-section elementor-element elementor-element-3f07de78 elementor-section-boxed elementor-section-height-default elementor-section-height-default\" data-id=\"3f07de78\" data-element_type=\"section\" data-e-type=\"section\">\n\t\t\t\t\t\t<div class=\"elementor-container elementor-column-gap-default\">\n\t\t\t\t\t<div class=\"elementor-column elementor-col-50 elementor-top-column elementor-element elementor-element-480bbb22\" data-id=\"480bbb22\" data-element_type=\"column\" data-e-type=\"column\">\n\t\t\t<div class=\"elementor-widget-wrap elementor-element-populated\">\n\t\t\t\t\t\t<div class=\"elementor-element elementor-element-1463816e elementor-widget elementor-widget-image\" data-id=\"1463816e\" data-element_type=\"widget\" data-e-type=\"widget\" data-widget_type=\"image.default\">\n\t\t\t\t<div class=\"elementor-widget-container\">\n\t\t\t\t\t\t\t\t\t\t\t\t\t\t\t<img fetchpriority=\"high\" decoding=\"async\" width=\"2400\" height=\"1256\" src=\"https:\/\/malomeskacsa.hu\/wp-content\/uploads\/2026\/02\/MK-nonap-web2.png\" class=\"attachment-full size-full wp-image-10917\" alt=\"\" srcset=\"https:\/\/malomeskacsa.hu\/wp-content\/uploads\/2026\/02\/MK-nonap-web2.png 2400w, https:\/\/malomeskacsa.hu\/wp-content\/uploads\/2026\/02\/MK-nonap-web2-1024x536.png 1024w, https:\/\/malomeskacsa.hu\/wp-content\/uploads\/2026\/02\/MK-nonap-web2-768x402.png 768w, https:\/\/malomeskacsa.hu\/wp-content\/uploads\/2026\/02\/MK-nonap-web2-1536x804.png 1536w, https:\/\/malomeskacsa.hu\/wp-content\/uploads\/2026\/02\/MK-nonap-web2-2048x1072.png 2048w, https:\/\/malomeskacsa.hu\/wp-content\/uploads\/2026\/02\/MK-nonap-web2-18x9.png 18w\" sizes=\"(max-width: 2400px) 100vw, 2400px\" \/>\t\t\t\t\t\t\t\t\t\t\t\t\t\t\t<\/div>\n\t\t\t\t<\/div>\n\t\t\t\t\t<\/div>\n\t\t<\/div>\n\t\t\t\t<div class=\"elementor-column elementor-col-50 elementor-top-column elementor-element elementor-element-36fe39f4\" data-id=\"36fe39f4\" data-element_type=\"column\" data-e-type=\"column\">\n\t\t\t<div class=\"elementor-widget-wrap elementor-element-populated\">\n\t\t\t\t\t\t<div class=\"elementor-element elementor-element-70f777d2 elementor-widget elementor-widget-text-editor\" data-id=\"70f777d2\" data-element_type=\"widget\" data-e-type=\"widget\" data-widget_type=\"text-editor.default\">\n\t\t\t\t<div class=\"elementor-widget-container\">\n\t\t\t\t\t\t\t\t\t<p>H\u00f6lgyek &#8211; kapcsol\u00f3djatok ki testben \u00e9s l\u00e9lekben a Malom \u00e9s Kacsa N\u0151napi h\u00e9tv\u00e9g\u00e9j\u00e9n.<\/p><p>V\u00e1lasszatok reggeli vagy f\u00e9lpanzi\u00f3s csomagot \u00e9s kieg\u00e9sz\u00edt\u00e9sk\u00e9nt k\u00e9rj\u00e9tek N\u0151napi csomagunkat, hogy a tavasz ne f\u00e1radts\u00e1ggal, hanem felt\u00f6lt\u0151d\u00e9ssel induljon.<\/p><p>Kieg\u00e9sz\u00edt\u0151 csomag tartalma:<\/p><ul><li>2x Ducking Delicious Kokt\u00e9l a vacsora el\u0151tt a Bistr\u00f3ban<\/li><li>Kacsaste J\u00f3ga workshop a h\u00f6lgyeknek vas\u00e1rnap reggel<\/li><li>K\u00e9sei kijelentkez\u00e9s a szob\u00e1b\u00f3l (12:00-ig)<\/li><\/ul>\t\t\t\t\t\t\t\t<\/div>\n\t\t\t\t<\/div>\n\t\t\t\t\t<\/div>\n\t\t<\/div>\n\t\t\t\t\t<\/div>\n\t\t<\/section>\n\t\t\t\t<section class=\"elementor-section elementor-top-section elementor-element elementor-element-700b6e6b elementor-section-boxed elementor-section-height-default elementor-section-height-default\" data-id=\"700b6e6b\" data-element_type=\"section\" data-e-type=\"section\">\n\t\t\t\t\t\t<div class=\"elementor-container elementor-column-gap-default\">\n\t\t\t\t\t<div class=\"elementor-column elementor-col-100 elementor-top-column elementor-element elementor-element-52de6699\" data-id=\"52de6699\" data-element_type=\"column\" data-e-type=\"column\">\n\t\t\t<div class=\"elementor-widget-wrap elementor-element-populated\">\n\t\t\t\t\t\t<div class=\"elementor-element elementor-element-144f74a8 elementor-align-center elementor-widget elementor-widget-button\" data-id=\"144f74a8\" data-element_type=\"widget\" data-e-type=\"widget\" data-widget_type=\"button.default\">\n\t\t\t\t<div class=\"elementor-widget-container\">\n\t\t\t\t\t\t\t\t\t<div class=\"elementor-button-wrapper\">\n\t\t\t\t\t<a class=\"elementor-button elementor-button-link elementor-size-sm\" href=\"https:\/\/malomeskacsa.hu\/en\/szobafoglalas\/?rnw_arrive=2026-03-06&#038;rnw_departure=2026-03-08&#038;rnw_servicePackage=14414\">\n\t\t\t\t\t\t<span class=\"elementor-button-content-wrapper\">\n\t\t\t\t\t\t\t\t\t<span class=\"elementor-button-text\">RESERVATION<\/span>\n\t\t\t\t\t<\/span>\n\t\t\t\t\t<\/a>\n\t\t\t\t<\/div>\n\t\t\t\t\t\t\t\t<\/div>\n\t\t\t\t<\/div>\n\t\t\t\t\t<\/div>\n\t\t<\/div>\n\t\t\t\t\t<\/div>\n\t\t<\/section>\n\t\t\t\t<\/div>","protected":false},"excerpt":{"rendered":"<p>N\u0151napi h\u00e9tv\u00e9ge N\u0151napi h\u00e9tv\u00e9ge a Malom \u00e9s Kacs\u00e1ban H\u00f6lgyek &#8211; kapcsol\u00f3djatok ki testben \u00e9s l\u00e9lekben a Malom \u00e9s Kacsa N\u0151napi h\u00e9tv\u00e9g\u00e9j\u00e9n. V\u00e1lasszatok reggeli vagy f\u00e9lpanzi\u00f3s csomagot \u00e9s kieg\u00e9sz\u00edt\u00e9sk\u00e9nt k\u00e9rj\u00e9tek N\u0151napi csomagunkat, hogy a tavasz ne f\u00e1radts\u00e1ggal, hanem felt\u00f6lt\u0151d\u00e9ssel induljon. Kieg\u00e9sz\u00edt\u0151 csomag tartalma: 2x Ducking Delicious Kokt\u00e9l a vacsora el\u0151tt a Bistr\u00f3ban Kacsaste J\u00f3ga workshop a [&hellip;]<\/p>\n","protected":false},"author":1,"featured_media":0,"parent":7939,"menu_order":0,"comment_status":"closed","ping_status":"closed","template":"elementor_header_footer","meta":{"footnotes":""},"class_list":["post-10894","page","type-page","status-publish","hentry"],"yoast_head":"<!-- This site is optimized with the Yoast SEO plugin v27.3 - https:\/\/yoast.com\/product\/yoast-seo-wordpress\/ -->\n<title>N\u0151napi h\u00e9tv\u00e9ge - Malom \u00e9s Kacsa<\/title>\n<meta name=\"robots\" content=\"index, follow, max-snippet:-1, max-image-preview:large, max-video-preview:-1\" \/>\n<link rel=\"canonical\" href=\"https:\/\/malomeskacsa.hu\/en\/ajanlatok\/nonapi-hetvege\/\" \/>\n<meta property=\"og:locale\" content=\"en_GB\" \/>\n<meta property=\"og:type\" content=\"article\" \/>\n<meta property=\"og:title\" content=\"N\u0151napi h\u00e9tv\u00e9ge - Malom \u00e9s Kacsa\" \/>\n<meta property=\"og:description\" content=\"N\u0151napi h\u00e9tv\u00e9ge N\u0151napi h\u00e9tv\u00e9ge a Malom \u00e9s Kacs\u00e1ban H\u00f6lgyek &#8211; kapcsol\u00f3djatok ki testben \u00e9s l\u00e9lekben a Malom \u00e9s Kacsa N\u0151napi h\u00e9tv\u00e9g\u00e9j\u00e9n. V\u00e1lasszatok reggeli vagy f\u00e9lpanzi\u00f3s csomagot \u00e9s kieg\u00e9sz\u00edt\u00e9sk\u00e9nt k\u00e9rj\u00e9tek N\u0151napi csomagunkat, hogy a tavasz ne f\u00e1radts\u00e1ggal, hanem felt\u00f6lt\u0151d\u00e9ssel induljon. Kieg\u00e9sz\u00edt\u0151 csomag tartalma: 2x Ducking Delicious Kokt\u00e9l a vacsora el\u0151tt a Bistr\u00f3ban Kacsaste J\u00f3ga workshop a [&hellip;]\" \/>\n<meta property=\"og:url\" content=\"https:\/\/malomeskacsa.hu\/en\/ajanlatok\/nonapi-hetvege\/\" \/>\n<meta property=\"og:site_name\" content=\"Malom \u00e9s Kacsa\" \/>\n<meta property=\"article:modified_time\" content=\"2026-02-19T15:46:47+00:00\" \/>\n<meta property=\"og:image\" content=\"https:\/\/malomeskacsa.hu\/wp-content\/uploads\/2026\/02\/MK-nonap-web2-1024x536.png\" \/>\n\t<meta property=\"og:image:width\" content=\"1024\" \/>\n\t<meta property=\"og:image:height\" content=\"536\" \/>\n\t<meta property=\"og:image:type\" content=\"image\/png\" \/>\n<script type=\"application\/ld+json\" class=\"yoast-schema-graph\">{\"@context\":\"https:\\\/\\\/schema.org\",\"@graph\":[{\"@type\":[\"Article\",\"BlogPosting\"],\"@id\":\"https:\\\/\\\/malomeskacsa.hu\\\/ajanlatok\\\/nonapi-hetvege\\\/#article\",\"isPartOf\":{\"@id\":\"https:\\\/\\\/malomeskacsa.hu\\\/ajanlatok\\\/nonapi-hetvege\\\/\"},\"author\":{\"name\":\"admin\",\"@id\":\"https:\\\/\\\/malomeskacsa.hu\\\/#\\\/schema\\\/person\\\/77d4160b08439d1d21ad46fcc1734a23\"},\"headline\":\"N\u0151napi h\u00e9tv\u00e9ge\",\"datePublished\":\"2026-02-19T13:14:16+00:00\",\"dateModified\":\"2026-02-19T15:46:47+00:00\",\"mainEntityOfPage\":{\"@id\":\"https:\\\/\\\/malomeskacsa.hu\\\/ajanlatok\\\/nonapi-hetvege\\\/\"},\"wordCount\":112,\"publisher\":{\"@id\":\"https:\\\/\\\/malomeskacsa.hu\\\/#organization\"},\"image\":{\"@id\":\"https:\\\/\\\/malomeskacsa.hu\\\/ajanlatok\\\/nonapi-hetvege\\\/#primaryimage\"},\"thumbnailUrl\":\"https:\\\/\\\/malomeskacsa.hu\\\/wp-content\\\/uploads\\\/2026\\\/02\\\/MK-nonap-web2.png\",\"inLanguage\":\"en-GB\"},{\"@type\":\"WebPage\",\"@id\":\"https:\\\/\\\/malomeskacsa.hu\\\/ajanlatok\\\/nonapi-hetvege\\\/\",\"url\":\"https:\\\/\\\/malomeskacsa.hu\\\/ajanlatok\\\/nonapi-hetvege\\\/\",\"name\":\"N\u0151napi h\u00e9tv\u00e9ge - Malom \u00e9s Kacsa\",\"isPartOf\":{\"@id\":\"https:\\\/\\\/malomeskacsa.hu\\\/#website\"},\"primaryImageOfPage\":{\"@id\":\"https:\\\/\\\/malomeskacsa.hu\\\/ajanlatok\\\/nonapi-hetvege\\\/#primaryimage\"},\"image\":{\"@id\":\"https:\\\/\\\/malomeskacsa.hu\\\/ajanlatok\\\/nonapi-hetvege\\\/#primaryimage\"},\"thumbnailUrl\":\"https:\\\/\\\/malomeskacsa.hu\\\/wp-content\\\/uploads\\\/2026\\\/02\\\/MK-nonap-web2.png\",\"datePublished\":\"2026-02-19T13:14:16+00:00\",\"dateModified\":\"2026-02-19T15:46:47+00:00\",\"breadcrumb\":{\"@id\":\"https:\\\/\\\/malomeskacsa.hu\\\/ajanlatok\\\/nonapi-hetvege\\\/#breadcrumb\"},\"inLanguage\":\"en-GB\",\"potentialAction\":[{\"@type\":\"ReadAction\",\"target\":[\"https:\\\/\\\/malomeskacsa.hu\\\/ajanlatok\\\/nonapi-hetvege\\\/\"]}]},{\"@type\":\"ImageObject\",\"inLanguage\":\"en-GB\",\"@id\":\"https:\\\/\\\/malomeskacsa.hu\\\/ajanlatok\\\/nonapi-hetvege\\\/#primaryimage\",\"url\":\"https:\\\/\\\/malomeskacsa.hu\\\/wp-content\\\/uploads\\\/2026\\\/02\\\/MK-nonap-web2.png\",\"contentUrl\":\"https:\\\/\\\/malomeskacsa.hu\\\/wp-content\\\/uploads\\\/2026\\\/02\\\/MK-nonap-web2.png\"},{\"@type\":\"BreadcrumbList\",\"@id\":\"https:\\\/\\\/malomeskacsa.hu\\\/ajanlatok\\\/nonapi-hetvege\\\/#breadcrumb\",\"itemListElement\":[{\"@type\":\"ListItem\",\"position\":1,\"name\":\"Kezd\u0151lap\",\"item\":\"https:\\\/\\\/malomeskacsa.hu\\\/\"},{\"@type\":\"ListItem\",\"position\":2,\"name\":\"Aj\u00e1nlatok\",\"item\":\"https:\\\/\\\/malomeskacsa.hu\\\/ajanlatok\\\/\"},{\"@type\":\"ListItem\",\"position\":3,\"name\":\"N\u0151napi h\u00e9tv\u00e9ge\"}]},{\"@type\":\"WebSite\",\"@id\":\"https:\\\/\\\/malomeskacsa.hu\\\/#website\",\"url\":\"https:\\\/\\\/malomeskacsa.hu\\\/\",\"name\":\"Malom \u00e9s Kacsa \u00c9tterem \u00e9s Rendezv\u00e9nyh\u00e1z\",\"description\":\"Boutique Hotel \u2219 Bistro \u2219 Events\",\"publisher\":{\"@id\":\"https:\\\/\\\/malomeskacsa.hu\\\/#organization\"},\"alternateName\":\"Malom \u00e9s Kacsa\",\"potentialAction\":[{\"@type\":\"SearchAction\",\"target\":{\"@type\":\"EntryPoint\",\"urlTemplate\":\"https:\\\/\\\/malomeskacsa.hu\\\/?s={search_term_string}\"},\"query-input\":{\"@type\":\"PropertyValueSpecification\",\"valueRequired\":true,\"valueName\":\"search_term_string\"}}],\"inLanguage\":\"en-GB\"},{\"@type\":\"Organization\",\"@id\":\"https:\\\/\\\/malomeskacsa.hu\\\/#organization\",\"name\":\"Malom \u00e9s Kacsa \u00c9tterem \u00e9s Rendezv\u00e9nyh\u00e1z\",\"alternateName\":\"Malom \u00e9s Kacsa\",\"url\":\"https:\\\/\\\/malomeskacsa.hu\\\/\",\"logo\":{\"@type\":\"ImageObject\",\"inLanguage\":\"en-GB\",\"@id\":\"https:\\\/\\\/malomeskacsa.hu\\\/#\\\/schema\\\/logo\\\/image\\\/\",\"url\":\"https:\\\/\\\/malomeskacsa.hu\\\/wp-content\\\/uploads\\\/2025\\\/06\\\/cropped-malomeskacsa_logo_uj-scaled-1.png\",\"contentUrl\":\"https:\\\/\\\/malomeskacsa.hu\\\/wp-content\\\/uploads\\\/2025\\\/06\\\/cropped-malomeskacsa_logo_uj-scaled-1.png\",\"width\":2558,\"height\":952,\"caption\":\"Malom \u00e9s Kacsa \u00c9tterem \u00e9s Rendezv\u00e9nyh\u00e1z\"},\"image\":{\"@id\":\"https:\\\/\\\/malomeskacsa.hu\\\/#\\\/schema\\\/logo\\\/image\\\/\"}},{\"@type\":\"Person\",\"@id\":\"https:\\\/\\\/malomeskacsa.hu\\\/#\\\/schema\\\/person\\\/77d4160b08439d1d21ad46fcc1734a23\",\"name\":\"admin\",\"sameAs\":[\"https:\\\/\\\/malomeskacsa.hu\"]}]}<\/script>\n<!-- \/ Yoast SEO plugin. -->","yoast_head_json":{"title":"N\u0151napi h\u00e9tv\u00e9ge - Malom \u00e9s Kacsa","robots":{"index":"index","follow":"follow","max-snippet":"max-snippet:-1","max-image-preview":"max-image-preview:large","max-video-preview":"max-video-preview:-1"},"canonical":"https:\/\/malomeskacsa.hu\/en\/ajanlatok\/nonapi-hetvege\/","og_locale":"en_GB","og_type":"article","og_title":"N\u0151napi h\u00e9tv\u00e9ge - Malom \u00e9s Kacsa","og_description":"N\u0151napi h\u00e9tv\u00e9ge N\u0151napi h\u00e9tv\u00e9ge a Malom \u00e9s Kacs\u00e1ban H\u00f6lgyek &#8211; kapcsol\u00f3djatok ki testben \u00e9s l\u00e9lekben a Malom \u00e9s Kacsa N\u0151napi h\u00e9tv\u00e9g\u00e9j\u00e9n. V\u00e1lasszatok reggeli vagy f\u00e9lpanzi\u00f3s csomagot \u00e9s kieg\u00e9sz\u00edt\u00e9sk\u00e9nt k\u00e9rj\u00e9tek N\u0151napi csomagunkat, hogy a tavasz ne f\u00e1radts\u00e1ggal, hanem felt\u00f6lt\u0151d\u00e9ssel induljon. Kieg\u00e9sz\u00edt\u0151 csomag tartalma: 2x Ducking Delicious Kokt\u00e9l a vacsora el\u0151tt a Bistr\u00f3ban Kacsaste J\u00f3ga workshop a [&hellip;]","og_url":"https:\/\/malomeskacsa.hu\/en\/ajanlatok\/nonapi-hetvege\/","og_site_name":"Malom \u00e9s Kacsa","article_modified_time":"2026-02-19T15:46:47+00:00","og_image":[{"width":1024,"height":536,"url":"https:\/\/malomeskacsa.hu\/wp-content\/uploads\/2026\/02\/MK-nonap-web2-1024x536.png","type":"image\/png"}],"schema":{"@context":"https:\/\/schema.org","@graph":[{"@type":["Article","BlogPosting"],"@id":"https:\/\/malomeskacsa.hu\/ajanlatok\/nonapi-hetvege\/#article","isPartOf":{"@id":"https:\/\/malomeskacsa.hu\/ajanlatok\/nonapi-hetvege\/"},"author":{"name":"admin","@id":"https:\/\/malomeskacsa.hu\/#\/schema\/person\/77d4160b08439d1d21ad46fcc1734a23"},"headline":"N\u0151napi h\u00e9tv\u00e9ge","datePublished":"2026-02-19T13:14:16+00:00","dateModified":"2026-02-19T15:46:47+00:00","mainEntityOfPage":{"@id":"https:\/\/malomeskacsa.hu\/ajanlatok\/nonapi-hetvege\/"},"wordCount":112,"publisher":{"@id":"https:\/\/malomeskacsa.hu\/#organization"},"image":{"@id":"https:\/\/malomeskacsa.hu\/ajanlatok\/nonapi-hetvege\/#primaryimage"},"thumbnailUrl":"https:\/\/malomeskacsa.hu\/wp-content\/uploads\/2026\/02\/MK-nonap-web2.png","inLanguage":"en-GB"},{"@type":"WebPage","@id":"https:\/\/malomeskacsa.hu\/ajanlatok\/nonapi-hetvege\/","url":"https:\/\/malomeskacsa.hu\/ajanlatok\/nonapi-hetvege\/","name":"N\u0151napi h\u00e9tv\u00e9ge - Malom \u00e9s Kacsa","isPartOf":{"@id":"https:\/\/malomeskacsa.hu\/#website"},"primaryImageOfPage":{"@id":"https:\/\/malomeskacsa.hu\/ajanlatok\/nonapi-hetvege\/#primaryimage"},"image":{"@id":"https:\/\/malomeskacsa.hu\/ajanlatok\/nonapi-hetvege\/#primaryimage"},"thumbnailUrl":"https:\/\/malomeskacsa.hu\/wp-content\/uploads\/2026\/02\/MK-nonap-web2.png","datePublished":"2026-02-19T13:14:16+00:00","dateModified":"2026-02-19T15:46:47+00:00","breadcrumb":{"@id":"https:\/\/malomeskacsa.hu\/ajanlatok\/nonapi-hetvege\/#breadcrumb"},"inLanguage":"en-GB","potentialAction":[{"@type":"ReadAction","target":["https:\/\/malomeskacsa.hu\/ajanlatok\/nonapi-hetvege\/"]}]},{"@type":"ImageObject","inLanguage":"en-GB","@id":"https:\/\/malomeskacsa.hu\/ajanlatok\/nonapi-hetvege\/#primaryimage","url":"https:\/\/malomeskacsa.hu\/wp-content\/uploads\/2026\/02\/MK-nonap-web2.png","contentUrl":"https:\/\/malomeskacsa.hu\/wp-content\/uploads\/2026\/02\/MK-nonap-web2.png"},{"@type":"BreadcrumbList","@id":"https:\/\/malomeskacsa.hu\/ajanlatok\/nonapi-hetvege\/#breadcrumb","itemListElement":[{"@type":"ListItem","position":1,"name":"Kezd\u0151lap","item":"https:\/\/malomeskacsa.hu\/"},{"@type":"ListItem","position":2,"name":"Aj\u00e1nlatok","item":"https:\/\/malomeskacsa.hu\/ajanlatok\/"},{"@type":"ListItem","position":3,"name":"N\u0151napi h\u00e9tv\u00e9ge"}]},{"@type":"WebSite","@id":"https:\/\/malomeskacsa.hu\/#website","url":"https:\/\/malomeskacsa.hu\/","name":"Malom \u00e9s Kacsa \u00c9tterem \u00e9s Rendezv\u00e9nyh\u00e1z","description":"Boutique Hotel \u2219 Bistro \u2219 Events","publisher":{"@id":"https:\/\/malomeskacsa.hu\/#organization"},"alternateName":"Malom \u00e9s Kacsa","potentialAction":[{"@type":"SearchAction","target":{"@type":"EntryPoint","urlTemplate":"https:\/\/malomeskacsa.hu\/?s={search_term_string}"},"query-input":{"@type":"PropertyValueSpecification","valueRequired":true,"valueName":"search_term_string"}}],"inLanguage":"en-GB"},{"@type":"Organization","@id":"https:\/\/malomeskacsa.hu\/#organization","name":"Malom \u00e9s Kacsa \u00c9tterem \u00e9s Rendezv\u00e9nyh\u00e1z","alternateName":"Malom \u00e9s Kacsa","url":"https:\/\/malomeskacsa.hu\/","logo":{"@type":"ImageObject","inLanguage":"en-GB","@id":"https:\/\/malomeskacsa.hu\/#\/schema\/logo\/image\/","url":"https:\/\/malomeskacsa.hu\/wp-content\/uploads\/2025\/06\/cropped-malomeskacsa_logo_uj-scaled-1.png","contentUrl":"https:\/\/malomeskacsa.hu\/wp-content\/uploads\/2025\/06\/cropped-malomeskacsa_logo_uj-scaled-1.png","width":2558,"height":952,"caption":"Malom \u00e9s Kacsa \u00c9tterem \u00e9s Rendezv\u00e9nyh\u00e1z"},"image":{"@id":"https:\/\/malomeskacsa.hu\/#\/schema\/logo\/image\/"}},{"@type":"Person","@id":"https:\/\/malomeskacsa.hu\/#\/schema\/person\/77d4160b08439d1d21ad46fcc1734a23","name":"admin","sameAs":["https:\/\/malomeskacsa.hu"]}]}},"_links":{"self":[{"href":"https:\/\/malomeskacsa.hu\/en\/wp-json\/wp\/v2\/pages\/10894","targetHints":{"allow":["GET"]}}],"collection":[{"href":"https:\/\/malomeskacsa.hu\/en\/wp-json\/wp\/v2\/pages"}],"about":[{"href":"https:\/\/malomeskacsa.hu\/en\/wp-json\/wp\/v2\/types\/page"}],"author":[{"embeddable":true,"href":"https:\/\/malomeskacsa.hu\/en\/wp-json\/wp\/v2\/users\/1"}],"replies":[{"embeddable":true,"href":"https:\/\/malomeskacsa.hu\/en\/wp-json\/wp\/v2\/comments?post=10894"}],"version-history":[{"count":0,"href":"https:\/\/malomeskacsa.hu\/en\/wp-json\/wp\/v2\/pages\/10894\/revisions"}],"up":[{"embeddable":true,"href":"https:\/\/malomeskacsa.hu\/en\/wp-json\/wp\/v2\/pages\/7939"}],"wp:attachment":[{"href":"https:\/\/malomeskacsa.hu\/en\/wp-json\/wp\/v2\/media?parent=10894"}],"curies":[{"name":"wp","href":"https:\/\/api.w.org\/{rel}","templated":true}]}}