{"id":10906,"date":"2026-02-19T14:18:54","date_gmt":"2026-02-19T13:18:54","guid":{"rendered":"https:\/\/malomeskacsa.hu\/?page_id=10906"},"modified":"2026-03-16T09:43:53","modified_gmt":"2026-03-16T08:43:53","slug":"husvet","status":"publish","type":"page","link":"https:\/\/malomeskacsa.hu\/en\/ajanlatok\/husvet\/","title":{"rendered":"H\u00fasv\u00e9t"},"content":{"rendered":"<div data-elementor-type=\"wp-page\" data-elementor-id=\"10906\" class=\"elementor elementor-10906\" data-elementor-post-type=\"page\">\n\t\t\t\t\t\t<section class=\"elementor-section elementor-top-section elementor-element elementor-element-293679f3 elementor-section-boxed elementor-section-height-default elementor-section-height-default\" data-id=\"293679f3\" data-element_type=\"section\" data-e-type=\"section\">\n\t\t\t\t\t\t<div class=\"elementor-container elementor-column-gap-default\">\n\t\t\t\t\t<div class=\"elementor-column elementor-col-100 elementor-top-column elementor-element elementor-element-6b2b2cd\" data-id=\"6b2b2cd\" data-element_type=\"column\" data-e-type=\"column\">\n\t\t\t<div class=\"elementor-widget-wrap elementor-element-populated\">\n\t\t\t\t\t\t<div class=\"elementor-element elementor-element-167cd694 elementor-widget elementor-widget-spacer\" data-id=\"167cd694\" data-element_type=\"widget\" data-e-type=\"widget\" data-widget_type=\"spacer.default\">\n\t\t\t\t<div class=\"elementor-widget-container\">\n\t\t\t\t\t\t\t<div class=\"elementor-spacer\">\n\t\t\t<div class=\"elementor-spacer-inner\"><\/div>\n\t\t<\/div>\n\t\t\t\t\t\t<\/div>\n\t\t\t\t<\/div>\n\t\t\t\t\t<\/div>\n\t\t<\/div>\n\t\t\t\t\t<\/div>\n\t\t<\/section>\n\t\t\t\t<section class=\"elementor-section elementor-top-section elementor-element elementor-element-4678bf47 elementor-section-full_width elementor-section-height-default elementor-section-height-default\" data-id=\"4678bf47\" data-element_type=\"section\" data-e-type=\"section\" data-settings=\"{&quot;background_background&quot;:&quot;classic&quot;}\">\n\t\t\t\t\t\t\t<div class=\"elementor-background-overlay\"><\/div>\n\t\t\t\t\t\t\t<div class=\"elementor-container elementor-column-gap-default\">\n\t\t\t\t\t<div class=\"elementor-column elementor-col-100 elementor-top-column elementor-element elementor-element-59aa17e6\" data-id=\"59aa17e6\" data-element_type=\"column\" data-e-type=\"column\">\n\t\t\t<div class=\"elementor-widget-wrap elementor-element-populated\">\n\t\t\t\t\t\t<div class=\"elementor-element elementor-element-556f3e84 elementor-widget elementor-widget-heading\" data-id=\"556f3e84\" data-element_type=\"widget\" data-e-type=\"widget\" data-widget_type=\"heading.default\">\n\t\t\t\t<div class=\"elementor-widget-container\">\n\t\t\t\t\t<h1 class=\"elementor-heading-title elementor-size-default\">H\u00fasv\u00e9t<\/h1>\t\t\t\t<\/div>\n\t\t\t\t<\/div>\n\t\t\t\t\t<\/div>\n\t\t<\/div>\n\t\t\t\t\t<\/div>\n\t\t<\/section>\n\t\t\t\t<section class=\"elementor-section elementor-top-section elementor-element elementor-element-525cf97d elementor-section-boxed elementor-section-height-default elementor-section-height-default\" data-id=\"525cf97d\" data-element_type=\"section\" data-e-type=\"section\">\n\t\t\t\t\t\t<div class=\"elementor-container elementor-column-gap-default\">\n\t\t\t\t\t<div class=\"elementor-column elementor-col-100 elementor-top-column elementor-element elementor-element-12d5bb3e\" data-id=\"12d5bb3e\" data-element_type=\"column\" data-e-type=\"column\">\n\t\t\t<div class=\"elementor-widget-wrap elementor-element-populated\">\n\t\t\t\t\t\t<div class=\"elementor-element elementor-element-6406982 elementor-widget elementor-widget-heading\" data-id=\"6406982\" data-element_type=\"widget\" data-e-type=\"widget\" data-widget_type=\"heading.default\">\n\t\t\t\t<div class=\"elementor-widget-container\">\n\t\t\t\t\t<h2 class=\"elementor-heading-title elementor-size-default\">H\u00fasv\u00e9ti h\u00e9tv\u00e9ge a Malom \u00e9s Kacs\u00e1ban<\/h2>\t\t\t\t<\/div>\n\t\t\t\t<\/div>\n\t\t\t\t\t<\/div>\n\t\t<\/div>\n\t\t\t\t\t<\/div>\n\t\t<\/section>\n\t\t\t\t<section class=\"elementor-section elementor-top-section elementor-element elementor-element-16e4ef12 elementor-section-boxed elementor-section-height-default elementor-section-height-default\" data-id=\"16e4ef12\" data-element_type=\"section\" data-e-type=\"section\">\n\t\t\t\t\t\t<div class=\"elementor-container elementor-column-gap-default\">\n\t\t\t\t\t<div class=\"elementor-column elementor-col-50 elementor-top-column elementor-element elementor-element-17cd992e\" data-id=\"17cd992e\" data-element_type=\"column\" data-e-type=\"column\">\n\t\t\t<div class=\"elementor-widget-wrap elementor-element-populated\">\n\t\t\t\t\t\t<div class=\"elementor-element elementor-element-3a14ae90 elementor-widget elementor-widget-image\" data-id=\"3a14ae90\" data-element_type=\"widget\" data-e-type=\"widget\" data-widget_type=\"image.default\">\n\t\t\t\t<div class=\"elementor-widget-container\">\n\t\t\t\t\t\t\t\t\t\t\t\t\t\t\t<img fetchpriority=\"high\" decoding=\"async\" width=\"500\" height=\"500\" src=\"https:\/\/malomeskacsa.hu\/wp-content\/uploads\/2026\/03\/tavaszi-szunet-500x500.jpg\" class=\"attachment-thumbrelated size-thumbrelated wp-image-11047\" alt=\"\" srcset=\"https:\/\/malomeskacsa.hu\/wp-content\/uploads\/2026\/03\/tavaszi-szunet-500x500.jpg 500w, https:\/\/malomeskacsa.hu\/wp-content\/uploads\/2026\/03\/tavaszi-szunet-1024x1024.jpg 1024w, https:\/\/malomeskacsa.hu\/wp-content\/uploads\/2026\/03\/tavaszi-szunet-300x300.jpg 300w\" sizes=\"(max-width: 500px) 100vw, 500px\" \/>\t\t\t\t\t\t\t\t\t\t\t\t\t\t\t<\/div>\n\t\t\t\t<\/div>\n\t\t\t\t\t<\/div>\n\t\t<\/div>\n\t\t\t\t<div class=\"elementor-column elementor-col-50 elementor-top-column elementor-element elementor-element-33473bb3\" data-id=\"33473bb3\" data-element_type=\"column\" data-e-type=\"column\">\n\t\t\t<div class=\"elementor-widget-wrap elementor-element-populated\">\n\t\t\t\t\t\t<div class=\"elementor-element elementor-element-2cd6ecd elementor-widget elementor-widget-text-editor\" data-id=\"2cd6ecd\" data-element_type=\"widget\" data-e-type=\"widget\" data-widget_type=\"text-editor.default\">\n\t\t\t\t<div class=\"elementor-widget-container\">\n\t\t\t\t\t\t\t\t\t<p data-start=\"88\" data-end=\"458\">T\u00f6lts\u00e9tek a h\u00fasv\u00e9ti \u00fcnnepeket a tavasz els\u0151 igaz\u00e1n naps\u00fct\u00e9ses napjaiban, az \u00d6reg-t\u00f3 partj\u00e1n, a Malom \u00e9s Kacsa k\u00fcl\u00f6nleges hangulat\u00fa v\u00edzimalmai k\u00f6z\u00f6tt. A h\u00fasv\u00e9ti h\u00e9tv\u00e9ge n\u00e1lunk a nyugodt pihen\u00e9sr\u0151l, a k\u00f6z\u00f6s \u00e9lm\u00e9nyekr\u0151l \u00e9s az \u00fcnnepi \u00edzekr\u0151l sz\u00f3l: lass\u00fa, r\u00e1\u00e9r\u0151s reggelek, tavaszi s\u00e9t\u00e1k a t\u00f3 k\u00f6r\u00fcl, valamint a bistro konyh\u00e1j\u00e1nak szezon\u00e1lis fog\u00e1sai teszik teljess\u00e9 az \u00fcnnepet.<\/p><p data-start=\"460\" data-end=\"732\">\u00a0<\/p><p data-start=\"460\" data-end=\"732\">A h\u00e9tv\u00e9ge sor\u00e1n \u00fcnnepi hangulattal, tavaszi \u00edzekkel \u00e9s meghitt pillanatokkal v\u00e1runk. A Malom \u00e9s Kacsa Bistro s\u00e9fjei h\u00fasv\u00e9ti k\u00fcl\u00f6nlegess\u00e9gekkel k\u00e9sz\u00fclnek, mik\u00f6zben a hotel vend\u00e9gei \u00e9lvezhetik a wellness nyugalm\u00e1t, a szaunavil\u00e1g felt\u00f6lt\u0151 \u00e9lm\u00e9nyeit \u00e9s a term\u00e9szet k\u00f6zels\u00e9g\u00e9t.<\/p><p data-start=\"734\" data-end=\"949\">\u00a0<\/p><p data-start=\"734\" data-end=\"949\"><strong data-start=\"734\" data-end=\"788\">H\u00fasv\u00e9tvas\u00e1rnap k\u00fcl\u00f6nleges programmal is k\u00e9sz\u00fcl\u00fcnk:<\/strong><br data-start=\"788\" data-end=\"791\" \/>a kertben <strong data-start=\"801\" data-end=\"822\">kiskacsa-simogat\u00f3<\/strong> v\u00e1rja a vend\u00e9geket, ahol a legkisebbek \u00e9s a feln\u0151ttek is testk\u00f6zelb\u0151l tal\u00e1lkozhatnak a tavasz legaranyosabb kis j\u00f6vev\u00e9nyeivel.<\/p><p data-start=\"734\" data-end=\"949\">\u00a0<\/p><p data-start=\"734\" data-end=\"949\">Foglald reggelivel vagy exkluz\u00edv vacsora csomaggal, \u00e9s hangol\u00f3dj vel\u00fcnk a tavaszra!<\/p>\t\t\t\t\t\t\t\t<\/div>\n\t\t\t\t<\/div>\n\t\t\t\t\t<\/div>\n\t\t<\/div>\n\t\t\t\t\t<\/div>\n\t\t<\/section>\n\t\t\t\t<section class=\"elementor-section elementor-top-section elementor-element elementor-element-38a501fa elementor-section-boxed elementor-section-height-default elementor-section-height-default\" data-id=\"38a501fa\" data-element_type=\"section\" data-e-type=\"section\">\n\t\t\t\t\t\t<div class=\"elementor-container elementor-column-gap-default\">\n\t\t\t\t\t<div class=\"elementor-column elementor-col-100 elementor-top-column elementor-element elementor-element-62587707\" data-id=\"62587707\" data-element_type=\"column\" data-e-type=\"column\">\n\t\t\t<div class=\"elementor-widget-wrap elementor-element-populated\">\n\t\t\t\t\t\t<div class=\"elementor-element elementor-element-5d302ae6 elementor-align-center elementor-widget elementor-widget-button\" data-id=\"5d302ae6\" data-element_type=\"widget\" data-e-type=\"widget\" data-widget_type=\"button.default\">\n\t\t\t\t<div class=\"elementor-widget-container\">\n\t\t\t\t\t\t\t\t\t<div class=\"elementor-button-wrapper\">\n\t\t\t\t\t<a class=\"elementor-button elementor-button-link elementor-size-sm\" href=\"https:\/\/malomeskacsa.hu\/en\/szobafoglalas\/?rnw_arrive=2026-04-03&#038;rnw_departure=2026-04-06\">\n\t\t\t\t\t\t<span class=\"elementor-button-content-wrapper\">\n\t\t\t\t\t\t\t\t\t<span class=\"elementor-button-text\">RESERVATION<\/span>\n\t\t\t\t\t<\/span>\n\t\t\t\t\t<\/a>\n\t\t\t\t<\/div>\n\t\t\t\t\t\t\t\t<\/div>\n\t\t\t\t<\/div>\n\t\t\t\t\t<\/div>\n\t\t<\/div>\n\t\t\t\t\t<\/div>\n\t\t<\/section>\n\t\t\t\t<\/div>","protected":false},"excerpt":{"rendered":"<p>H\u00fasv\u00e9t H\u00fasv\u00e9ti h\u00e9tv\u00e9ge a Malom \u00e9s Kacs\u00e1ban T\u00f6lts\u00e9tek a h\u00fasv\u00e9ti \u00fcnnepeket a tavasz els\u0151 igaz\u00e1n naps\u00fct\u00e9ses napjaiban, az \u00d6reg-t\u00f3 partj\u00e1n, a Malom \u00e9s Kacsa k\u00fcl\u00f6nleges hangulat\u00fa v\u00edzimalmai k\u00f6z\u00f6tt. A h\u00fasv\u00e9ti h\u00e9tv\u00e9ge n\u00e1lunk a nyugodt pihen\u00e9sr\u0151l, a k\u00f6z\u00f6s \u00e9lm\u00e9nyekr\u0151l \u00e9s az \u00fcnnepi \u00edzekr\u0151l sz\u00f3l: lass\u00fa, r\u00e1\u00e9r\u0151s reggelek, tavaszi s\u00e9t\u00e1k a t\u00f3 k\u00f6r\u00fcl, valamint a bistro konyh\u00e1j\u00e1nak [&hellip;]<\/p>\n","protected":false},"author":1,"featured_media":0,"parent":7939,"menu_order":0,"comment_status":"closed","ping_status":"closed","template":"elementor_header_footer","meta":{"footnotes":""},"class_list":["post-10906","page","type-page","status-publish","hentry"],"yoast_head":"<!-- This site is optimized with the Yoast SEO plugin v27.3 - https:\/\/yoast.com\/product\/yoast-seo-wordpress\/ -->\n<title>H\u00fasv\u00e9t - Malom \u00e9s Kacsa<\/title>\n<meta name=\"robots\" content=\"index, follow, max-snippet:-1, max-image-preview:large, max-video-preview:-1\" \/>\n<link rel=\"canonical\" href=\"https:\/\/malomeskacsa.hu\/en\/ajanlatok\/husvet\/\" \/>\n<meta property=\"og:locale\" content=\"en_GB\" \/>\n<meta property=\"og:type\" content=\"article\" \/>\n<meta property=\"og:title\" content=\"H\u00fasv\u00e9t - Malom \u00e9s Kacsa\" \/>\n<meta property=\"og:description\" content=\"H\u00fasv\u00e9t H\u00fasv\u00e9ti h\u00e9tv\u00e9ge a Malom \u00e9s Kacs\u00e1ban T\u00f6lts\u00e9tek a h\u00fasv\u00e9ti \u00fcnnepeket a tavasz els\u0151 igaz\u00e1n naps\u00fct\u00e9ses napjaiban, az \u00d6reg-t\u00f3 partj\u00e1n, a Malom \u00e9s Kacsa k\u00fcl\u00f6nleges hangulat\u00fa v\u00edzimalmai k\u00f6z\u00f6tt. A h\u00fasv\u00e9ti h\u00e9tv\u00e9ge n\u00e1lunk a nyugodt pihen\u00e9sr\u0151l, a k\u00f6z\u00f6s \u00e9lm\u00e9nyekr\u0151l \u00e9s az \u00fcnnepi \u00edzekr\u0151l sz\u00f3l: lass\u00fa, r\u00e1\u00e9r\u0151s reggelek, tavaszi s\u00e9t\u00e1k a t\u00f3 k\u00f6r\u00fcl, valamint a bistro konyh\u00e1j\u00e1nak [&hellip;]\" \/>\n<meta property=\"og:url\" content=\"https:\/\/malomeskacsa.hu\/en\/ajanlatok\/husvet\/\" \/>\n<meta property=\"og:site_name\" content=\"Malom \u00e9s Kacsa\" \/>\n<meta property=\"article:modified_time\" content=\"2026-03-16T08:43:53+00:00\" \/>\n<meta property=\"og:image\" content=\"https:\/\/malomeskacsa.hu\/wp-content\/uploads\/2026\/03\/tavaszi-szunet.jpg\" \/>\n\t<meta property=\"og:image:width\" content=\"1080\" \/>\n\t<meta property=\"og:image:height\" content=\"1350\" \/>\n\t<meta property=\"og:image:type\" content=\"image\/jpeg\" \/>\n<script type=\"application\/ld+json\" class=\"yoast-schema-graph\">{\"@context\":\"https:\\\/\\\/schema.org\",\"@graph\":[{\"@type\":[\"Article\",\"BlogPosting\"],\"@id\":\"https:\\\/\\\/malomeskacsa.hu\\\/ajanlatok\\\/husvet\\\/#article\",\"isPartOf\":{\"@id\":\"https:\\\/\\\/malomeskacsa.hu\\\/ajanlatok\\\/husvet\\\/\"},\"author\":{\"name\":\"admin\",\"@id\":\"https:\\\/\\\/malomeskacsa.hu\\\/#\\\/schema\\\/person\\\/77d4160b08439d1d21ad46fcc1734a23\"},\"headline\":\"H\u00fasv\u00e9t\",\"datePublished\":\"2026-02-19T13:18:54+00:00\",\"dateModified\":\"2026-03-16T08:43:53+00:00\",\"mainEntityOfPage\":{\"@id\":\"https:\\\/\\\/malomeskacsa.hu\\\/ajanlatok\\\/husvet\\\/\"},\"wordCount\":222,\"publisher\":{\"@id\":\"https:\\\/\\\/malomeskacsa.hu\\\/#organization\"},\"image\":{\"@id\":\"https:\\\/\\\/malomeskacsa.hu\\\/ajanlatok\\\/husvet\\\/#primaryimage\"},\"thumbnailUrl\":\"https:\\\/\\\/malomeskacsa.hu\\\/wp-content\\\/uploads\\\/2026\\\/03\\\/tavaszi-szunet-500x500.jpg\",\"inLanguage\":\"en-GB\"},{\"@type\":\"WebPage\",\"@id\":\"https:\\\/\\\/malomeskacsa.hu\\\/ajanlatok\\\/husvet\\\/\",\"url\":\"https:\\\/\\\/malomeskacsa.hu\\\/ajanlatok\\\/husvet\\\/\",\"name\":\"H\u00fasv\u00e9t - Malom \u00e9s Kacsa\",\"isPartOf\":{\"@id\":\"https:\\\/\\\/malomeskacsa.hu\\\/#website\"},\"primaryImageOfPage\":{\"@id\":\"https:\\\/\\\/malomeskacsa.hu\\\/ajanlatok\\\/husvet\\\/#primaryimage\"},\"image\":{\"@id\":\"https:\\\/\\\/malomeskacsa.hu\\\/ajanlatok\\\/husvet\\\/#primaryimage\"},\"thumbnailUrl\":\"https:\\\/\\\/malomeskacsa.hu\\\/wp-content\\\/uploads\\\/2026\\\/03\\\/tavaszi-szunet-500x500.jpg\",\"datePublished\":\"2026-02-19T13:18:54+00:00\",\"dateModified\":\"2026-03-16T08:43:53+00:00\",\"breadcrumb\":{\"@id\":\"https:\\\/\\\/malomeskacsa.hu\\\/ajanlatok\\\/husvet\\\/#breadcrumb\"},\"inLanguage\":\"en-GB\",\"potentialAction\":[{\"@type\":\"ReadAction\",\"target\":[\"https:\\\/\\\/malomeskacsa.hu\\\/ajanlatok\\\/husvet\\\/\"]}]},{\"@type\":\"ImageObject\",\"inLanguage\":\"en-GB\",\"@id\":\"https:\\\/\\\/malomeskacsa.hu\\\/ajanlatok\\\/husvet\\\/#primaryimage\",\"url\":\"https:\\\/\\\/malomeskacsa.hu\\\/wp-content\\\/uploads\\\/2026\\\/03\\\/tavaszi-szunet-500x500.jpg\",\"contentUrl\":\"https:\\\/\\\/malomeskacsa.hu\\\/wp-content\\\/uploads\\\/2026\\\/03\\\/tavaszi-szunet-500x500.jpg\"},{\"@type\":\"BreadcrumbList\",\"@id\":\"https:\\\/\\\/malomeskacsa.hu\\\/ajanlatok\\\/husvet\\\/#breadcrumb\",\"itemListElement\":[{\"@type\":\"ListItem\",\"position\":1,\"name\":\"Kezd\u0151lap\",\"item\":\"https:\\\/\\\/malomeskacsa.hu\\\/\"},{\"@type\":\"ListItem\",\"position\":2,\"name\":\"Aj\u00e1nlatok\",\"item\":\"https:\\\/\\\/malomeskacsa.hu\\\/ajanlatok\\\/\"},{\"@type\":\"ListItem\",\"position\":3,\"name\":\"H\u00fasv\u00e9t\"}]},{\"@type\":\"WebSite\",\"@id\":\"https:\\\/\\\/malomeskacsa.hu\\\/#website\",\"url\":\"https:\\\/\\\/malomeskacsa.hu\\\/\",\"name\":\"Malom \u00e9s Kacsa \u00c9tterem \u00e9s Rendezv\u00e9nyh\u00e1z\",\"description\":\"Boutique Hotel \u2219 Bistro \u2219 Events\",\"publisher\":{\"@id\":\"https:\\\/\\\/malomeskacsa.hu\\\/#organization\"},\"alternateName\":\"Malom \u00e9s Kacsa\",\"potentialAction\":[{\"@type\":\"SearchAction\",\"target\":{\"@type\":\"EntryPoint\",\"urlTemplate\":\"https:\\\/\\\/malomeskacsa.hu\\\/?s={search_term_string}\"},\"query-input\":{\"@type\":\"PropertyValueSpecification\",\"valueRequired\":true,\"valueName\":\"search_term_string\"}}],\"inLanguage\":\"en-GB\"},{\"@type\":\"Organization\",\"@id\":\"https:\\\/\\\/malomeskacsa.hu\\\/#organization\",\"name\":\"Malom \u00e9s Kacsa \u00c9tterem \u00e9s Rendezv\u00e9nyh\u00e1z\",\"alternateName\":\"Malom \u00e9s Kacsa\",\"url\":\"https:\\\/\\\/malomeskacsa.hu\\\/\",\"logo\":{\"@type\":\"ImageObject\",\"inLanguage\":\"en-GB\",\"@id\":\"https:\\\/\\\/malomeskacsa.hu\\\/#\\\/schema\\\/logo\\\/image\\\/\",\"url\":\"https:\\\/\\\/malomeskacsa.hu\\\/wp-content\\\/uploads\\\/2025\\\/06\\\/cropped-malomeskacsa_logo_uj-scaled-1.png\",\"contentUrl\":\"https:\\\/\\\/malomeskacsa.hu\\\/wp-content\\\/uploads\\\/2025\\\/06\\\/cropped-malomeskacsa_logo_uj-scaled-1.png\",\"width\":2558,\"height\":952,\"caption\":\"Malom \u00e9s Kacsa \u00c9tterem \u00e9s Rendezv\u00e9nyh\u00e1z\"},\"image\":{\"@id\":\"https:\\\/\\\/malomeskacsa.hu\\\/#\\\/schema\\\/logo\\\/image\\\/\"}},{\"@type\":\"Person\",\"@id\":\"https:\\\/\\\/malomeskacsa.hu\\\/#\\\/schema\\\/person\\\/77d4160b08439d1d21ad46fcc1734a23\",\"name\":\"admin\",\"sameAs\":[\"https:\\\/\\\/malomeskacsa.hu\"]}]}<\/script>\n<!-- \/ Yoast SEO plugin. -->","yoast_head_json":{"title":"H\u00fasv\u00e9t - Malom \u00e9s Kacsa","robots":{"index":"index","follow":"follow","max-snippet":"max-snippet:-1","max-image-preview":"max-image-preview:large","max-video-preview":"max-video-preview:-1"},"canonical":"https:\/\/malomeskacsa.hu\/en\/ajanlatok\/husvet\/","og_locale":"en_GB","og_type":"article","og_title":"H\u00fasv\u00e9t - Malom \u00e9s Kacsa","og_description":"H\u00fasv\u00e9t H\u00fasv\u00e9ti h\u00e9tv\u00e9ge a Malom \u00e9s Kacs\u00e1ban T\u00f6lts\u00e9tek a h\u00fasv\u00e9ti \u00fcnnepeket a tavasz els\u0151 igaz\u00e1n naps\u00fct\u00e9ses napjaiban, az \u00d6reg-t\u00f3 partj\u00e1n, a Malom \u00e9s Kacsa k\u00fcl\u00f6nleges hangulat\u00fa v\u00edzimalmai k\u00f6z\u00f6tt. A h\u00fasv\u00e9ti h\u00e9tv\u00e9ge n\u00e1lunk a nyugodt pihen\u00e9sr\u0151l, a k\u00f6z\u00f6s \u00e9lm\u00e9nyekr\u0151l \u00e9s az \u00fcnnepi \u00edzekr\u0151l sz\u00f3l: lass\u00fa, r\u00e1\u00e9r\u0151s reggelek, tavaszi s\u00e9t\u00e1k a t\u00f3 k\u00f6r\u00fcl, valamint a bistro konyh\u00e1j\u00e1nak [&hellip;]","og_url":"https:\/\/malomeskacsa.hu\/en\/ajanlatok\/husvet\/","og_site_name":"Malom \u00e9s Kacsa","article_modified_time":"2026-03-16T08:43:53+00:00","og_image":[{"width":1080,"height":1350,"url":"https:\/\/malomeskacsa.hu\/wp-content\/uploads\/2026\/03\/tavaszi-szunet.jpg","type":"image\/jpeg"}],"schema":{"@context":"https:\/\/schema.org","@graph":[{"@type":["Article","BlogPosting"],"@id":"https:\/\/malomeskacsa.hu\/ajanlatok\/husvet\/#article","isPartOf":{"@id":"https:\/\/malomeskacsa.hu\/ajanlatok\/husvet\/"},"author":{"name":"admin","@id":"https:\/\/malomeskacsa.hu\/#\/schema\/person\/77d4160b08439d1d21ad46fcc1734a23"},"headline":"H\u00fasv\u00e9t","datePublished":"2026-02-19T13:18:54+00:00","dateModified":"2026-03-16T08:43:53+00:00","mainEntityOfPage":{"@id":"https:\/\/malomeskacsa.hu\/ajanlatok\/husvet\/"},"wordCount":222,"publisher":{"@id":"https:\/\/malomeskacsa.hu\/#organization"},"image":{"@id":"https:\/\/malomeskacsa.hu\/ajanlatok\/husvet\/#primaryimage"},"thumbnailUrl":"https:\/\/malomeskacsa.hu\/wp-content\/uploads\/2026\/03\/tavaszi-szunet-500x500.jpg","inLanguage":"en-GB"},{"@type":"WebPage","@id":"https:\/\/malomeskacsa.hu\/ajanlatok\/husvet\/","url":"https:\/\/malomeskacsa.hu\/ajanlatok\/husvet\/","name":"H\u00fasv\u00e9t - Malom \u00e9s Kacsa","isPartOf":{"@id":"https:\/\/malomeskacsa.hu\/#website"},"primaryImageOfPage":{"@id":"https:\/\/malomeskacsa.hu\/ajanlatok\/husvet\/#primaryimage"},"image":{"@id":"https:\/\/malomeskacsa.hu\/ajanlatok\/husvet\/#primaryimage"},"thumbnailUrl":"https:\/\/malomeskacsa.hu\/wp-content\/uploads\/2026\/03\/tavaszi-szunet-500x500.jpg","datePublished":"2026-02-19T13:18:54+00:00","dateModified":"2026-03-16T08:43:53+00:00","breadcrumb":{"@id":"https:\/\/malomeskacsa.hu\/ajanlatok\/husvet\/#breadcrumb"},"inLanguage":"en-GB","potentialAction":[{"@type":"ReadAction","target":["https:\/\/malomeskacsa.hu\/ajanlatok\/husvet\/"]}]},{"@type":"ImageObject","inLanguage":"en-GB","@id":"https:\/\/malomeskacsa.hu\/ajanlatok\/husvet\/#primaryimage","url":"https:\/\/malomeskacsa.hu\/wp-content\/uploads\/2026\/03\/tavaszi-szunet-500x500.jpg","contentUrl":"https:\/\/malomeskacsa.hu\/wp-content\/uploads\/2026\/03\/tavaszi-szunet-500x500.jpg"},{"@type":"BreadcrumbList","@id":"https:\/\/malomeskacsa.hu\/ajanlatok\/husvet\/#breadcrumb","itemListElement":[{"@type":"ListItem","position":1,"name":"Kezd\u0151lap","item":"https:\/\/malomeskacsa.hu\/"},{"@type":"ListItem","position":2,"name":"Aj\u00e1nlatok","item":"https:\/\/malomeskacsa.hu\/ajanlatok\/"},{"@type":"ListItem","position":3,"name":"H\u00fasv\u00e9t"}]},{"@type":"WebSite","@id":"https:\/\/malomeskacsa.hu\/#website","url":"https:\/\/malomeskacsa.hu\/","name":"Malom \u00e9s Kacsa \u00c9tterem \u00e9s Rendezv\u00e9nyh\u00e1z","description":"Boutique Hotel \u2219 Bistro \u2219 Events","publisher":{"@id":"https:\/\/malomeskacsa.hu\/#organization"},"alternateName":"Malom \u00e9s Kacsa","potentialAction":[{"@type":"SearchAction","target":{"@type":"EntryPoint","urlTemplate":"https:\/\/malomeskacsa.hu\/?s={search_term_string}"},"query-input":{"@type":"PropertyValueSpecification","valueRequired":true,"valueName":"search_term_string"}}],"inLanguage":"en-GB"},{"@type":"Organization","@id":"https:\/\/malomeskacsa.hu\/#organization","name":"Malom \u00e9s Kacsa \u00c9tterem \u00e9s Rendezv\u00e9nyh\u00e1z","alternateName":"Malom \u00e9s Kacsa","url":"https:\/\/malomeskacsa.hu\/","logo":{"@type":"ImageObject","inLanguage":"en-GB","@id":"https:\/\/malomeskacsa.hu\/#\/schema\/logo\/image\/","url":"https:\/\/malomeskacsa.hu\/wp-content\/uploads\/2025\/06\/cropped-malomeskacsa_logo_uj-scaled-1.png","contentUrl":"https:\/\/malomeskacsa.hu\/wp-content\/uploads\/2025\/06\/cropped-malomeskacsa_logo_uj-scaled-1.png","width":2558,"height":952,"caption":"Malom \u00e9s Kacsa \u00c9tterem \u00e9s Rendezv\u00e9nyh\u00e1z"},"image":{"@id":"https:\/\/malomeskacsa.hu\/#\/schema\/logo\/image\/"}},{"@type":"Person","@id":"https:\/\/malomeskacsa.hu\/#\/schema\/person\/77d4160b08439d1d21ad46fcc1734a23","name":"admin","sameAs":["https:\/\/malomeskacsa.hu"]}]}},"_links":{"self":[{"href":"https:\/\/malomeskacsa.hu\/en\/wp-json\/wp\/v2\/pages\/10906","targetHints":{"allow":["GET"]}}],"collection":[{"href":"https:\/\/malomeskacsa.hu\/en\/wp-json\/wp\/v2\/pages"}],"about":[{"href":"https:\/\/malomeskacsa.hu\/en\/wp-json\/wp\/v2\/types\/page"}],"author":[{"embeddable":true,"href":"https:\/\/malomeskacsa.hu\/en\/wp-json\/wp\/v2\/users\/1"}],"replies":[{"embeddable":true,"href":"https:\/\/malomeskacsa.hu\/en\/wp-json\/wp\/v2\/comments?post=10906"}],"version-history":[{"count":0,"href":"https:\/\/malomeskacsa.hu\/en\/wp-json\/wp\/v2\/pages\/10906\/revisions"}],"up":[{"embeddable":true,"href":"https:\/\/malomeskacsa.hu\/en\/wp-json\/wp\/v2\/pages\/7939"}],"wp:attachment":[{"href":"https:\/\/malomeskacsa.hu\/en\/wp-json\/wp\/v2\/media?parent=10906"}],"curies":[{"name":"wp","href":"https:\/\/api.w.org\/{rel}","templated":true}]}}