{"id":1132,"date":"2022-09-23T14:07:08","date_gmt":"2022-09-23T13:07:08","guid":{"rendered":"https:\/\/malomeskacsa.hu\/?page_id=1132"},"modified":"2025-10-31T09:13:44","modified_gmt":"2025-10-31T08:13:44","slug":"reservation","status":"publish","type":"page","link":"https:\/\/malomeskacsa.hu\/en\/foglalas\/","title":{"rendered":"Reservation"},"content":{"rendered":"<div data-elementor-type=\"wp-page\" data-elementor-id=\"1132\" class=\"elementor elementor-1132\" data-elementor-post-type=\"page\">\n\t\t\t\t\t\t<section class=\"elementor-section elementor-top-section elementor-element elementor-element-59d9305 elementor-section-boxed elementor-section-height-default elementor-section-height-default\" data-id=\"59d9305\" data-element_type=\"section\" data-e-type=\"section\">\n\t\t\t\t\t\t<div class=\"elementor-container elementor-column-gap-default\">\n\t\t\t\t\t<div class=\"elementor-column elementor-col-100 elementor-top-column elementor-element elementor-element-e6a055a\" data-id=\"e6a055a\" data-element_type=\"column\" data-e-type=\"column\">\n\t\t\t<div class=\"elementor-widget-wrap elementor-element-populated\">\n\t\t\t\t\t\t<div class=\"elementor-element elementor-element-5ae1925 elementor-widget elementor-widget-heading\" data-id=\"5ae1925\" data-element_type=\"widget\" data-e-type=\"widget\" data-widget_type=\"heading.default\">\n\t\t\t\t<div class=\"elementor-widget-container\">\n\t\t\t\t\t<h1 class=\"elementor-heading-title elementor-size-default\">Tatai Hotel &amp; Bistro az \u00d6reg-t\u00f3 partj\u00e1n<\/h1>\t\t\t\t<\/div>\n\t\t\t\t<\/div>\n\t\t\t\t<div class=\"elementor-element elementor-element-fe62b84 elementor-widget elementor-widget-heading\" data-id=\"fe62b84\" data-element_type=\"widget\" data-e-type=\"widget\" data-widget_type=\"heading.default\">\n\t\t\t\t<div class=\"elementor-widget-container\">\n\t\t\t\t\t<h2 class=\"elementor-heading-title elementor-size-default\">RESERVATION<\/h2>\t\t\t\t<\/div>\n\t\t\t\t<\/div>\n\t\t\t\t<div class=\"elementor-element elementor-element-12cdd91 elementor-widget elementor-widget-text-editor\" data-id=\"12cdd91\" data-element_type=\"widget\" data-e-type=\"widget\" data-widget_type=\"text-editor.default\">\n\t\t\t\t<div class=\"elementor-widget-container\">\n\t\t\t\t\t\t\t\t\t<p><span style=\"font-weight: 400;\">A Malom \u00e9s Kacsa Bisztr\u00f3 &amp; Hotel Tata n\u00edv\u00f3s \u00e9tterme, kultur\u00e1lis sz\u00edntere \u00e9s rendezv\u00e9nyhelysz\u00edne. K\u00e9rj aj\u00e1nlatot c\u00e9ges rendezv\u00e9nyre, csapat\u00e9p\u00edt\u0151 tr\u00e9ningre, t\u00f3parti esk\u00fcv\u0151re, vagy b\u00e1rmilyen olyan esem\u00e9nyre, amelynek otthont adhat rendezv\u00e9nyk\u00f6zpontunk, vagy foglalj asztalt egy csal\u00e1di vagy \u00fczleti eb\u00e9dre, esetleg romantikus, \u00e9l\u0151zen\u00e9s vacsor\u00e1ra!<\/span><\/p>\t\t\t\t\t\t\t\t<\/div>\n\t\t\t\t<\/div>\n\t\t\t\t<section class=\"elementor-section elementor-inner-section elementor-element elementor-element-6d06272e elementor-section-full_width elementor-section-height-default elementor-section-height-default\" data-id=\"6d06272e\" data-element_type=\"section\" data-e-type=\"section\">\n\t\t\t\t\t\t<div class=\"elementor-container elementor-column-gap-no\">\n\t\t\t\t\t<div class=\"elementor-column elementor-col-25 elementor-inner-column elementor-element elementor-element-bbb74a4\" data-id=\"bbb74a4\" data-element_type=\"column\" data-e-type=\"column\">\n\t\t\t<div class=\"elementor-widget-wrap elementor-element-populated\">\n\t\t\t\t\t\t<div class=\"elementor-element elementor-element-63bdb6b8 elementor-align-center elementor-mobile-align-left elementor-widget elementor-widget-button\" data-id=\"63bdb6b8\" data-element_type=\"widget\" data-e-type=\"widget\" data-widget_type=\"button.default\">\n\t\t\t\t<div class=\"elementor-widget-container\">\n\t\t\t\t\t\t\t\t\t<div class=\"elementor-button-wrapper\">\n\t\t\t\t\t<a class=\"elementor-button elementor-button-link elementor-size-sm\" href=\"https:\/\/reservours.com\/malomeskacsa\/tablereservation\/en?source=website\">\n\t\t\t\t\t\t<span class=\"elementor-button-content-wrapper\">\n\t\t\t\t\t\t\t\t\t<span class=\"elementor-button-text\">Restaurant Reservation<\/span>\n\t\t\t\t\t<\/span>\n\t\t\t\t\t<\/a>\n\t\t\t\t<\/div>\n\t\t\t\t\t\t\t\t<\/div>\n\t\t\t\t<\/div>\n\t\t\t\t\t<\/div>\n\t\t<\/div>\n\t\t\t\t<div class=\"elementor-column elementor-col-25 elementor-inner-column elementor-element elementor-element-575dc6f\" data-id=\"575dc6f\" data-element_type=\"column\" data-e-type=\"column\">\n\t\t\t<div class=\"elementor-widget-wrap elementor-element-populated\">\n\t\t\t\t\t\t<div class=\"elementor-element elementor-element-21edc14c elementor-align-center elementor-mobile-align-left elementor-widget elementor-widget-button\" data-id=\"21edc14c\" data-element_type=\"widget\" data-e-type=\"widget\" data-widget_type=\"button.default\">\n\t\t\t\t<div class=\"elementor-widget-container\">\n\t\t\t\t\t\t\t\t\t<div class=\"elementor-button-wrapper\">\n\t\t\t\t\t<a class=\"elementor-button elementor-button-link elementor-size-sm\" href=\"https:\/\/malomeskacsa.hu\/en\/rendezveny-ajanlatkeres\/\">\n\t\t\t\t\t\t<span class=\"elementor-button-content-wrapper\">\n\t\t\t\t\t\t\t\t\t<span class=\"elementor-button-text\">event<\/span>\n\t\t\t\t\t<\/span>\n\t\t\t\t\t<\/a>\n\t\t\t\t<\/div>\n\t\t\t\t\t\t\t\t<\/div>\n\t\t\t\t<\/div>\n\t\t\t\t\t<\/div>\n\t\t<\/div>\n\t\t\t\t<div class=\"elementor-column elementor-col-25 elementor-inner-column elementor-element elementor-element-3d4fb5ee\" data-id=\"3d4fb5ee\" data-element_type=\"column\" data-e-type=\"column\">\n\t\t\t<div class=\"elementor-widget-wrap elementor-element-populated\">\n\t\t\t\t\t\t<div class=\"elementor-element elementor-element-ebcb7ee elementor-align-center elementor-mobile-align-left elementor-widget elementor-widget-button\" data-id=\"ebcb7ee\" data-element_type=\"widget\" data-e-type=\"widget\" data-widget_type=\"button.default\">\n\t\t\t\t<div class=\"elementor-widget-container\">\n\t\t\t\t\t\t\t\t\t<div class=\"elementor-button-wrapper\">\n\t\t\t\t\t<a class=\"elementor-button elementor-button-link elementor-size-sm\" href=\"https:\/\/malomeskacsa.hu\/en\/szobafoglalas\/\">\n\t\t\t\t\t\t<span class=\"elementor-button-content-wrapper\">\n\t\t\t\t\t\t\t\t\t<span class=\"elementor-button-text\">Hotel Reservation<\/span>\n\t\t\t\t\t<\/span>\n\t\t\t\t\t<\/a>\n\t\t\t\t<\/div>\n\t\t\t\t\t\t\t\t<\/div>\n\t\t\t\t<\/div>\n\t\t\t\t\t<\/div>\n\t\t<\/div>\n\t\t\t\t<div class=\"elementor-column elementor-col-25 elementor-inner-column elementor-element elementor-element-aeae1f9\" data-id=\"aeae1f9\" data-element_type=\"column\" data-e-type=\"column\">\n\t\t\t<div class=\"elementor-widget-wrap elementor-element-populated\">\n\t\t\t\t\t\t<div class=\"elementor-element elementor-element-e0dacb0 elementor-align-center elementor-mobile-align-left elementor-widget elementor-widget-button\" data-id=\"e0dacb0\" data-element_type=\"widget\" data-e-type=\"widget\" data-widget_type=\"button.default\">\n\t\t\t\t<div class=\"elementor-widget-container\">\n\t\t\t\t\t\t\t\t\t<div class=\"elementor-button-wrapper\">\n\t\t\t\t\t<a class=\"elementor-button elementor-button-link elementor-size-sm\" href=\"https:\/\/malomeskacsa.hu\/en\/eskuvo-ajanlatkeres\/\">\n\t\t\t\t\t\t<span class=\"elementor-button-content-wrapper\">\n\t\t\t\t\t\t\t\t\t<span class=\"elementor-button-text\">wedding<\/span>\n\t\t\t\t\t<\/span>\n\t\t\t\t\t<\/a>\n\t\t\t\t<\/div>\n\t\t\t\t\t\t\t\t<\/div>\n\t\t\t\t<\/div>\n\t\t\t\t\t<\/div>\n\t\t<\/div>\n\t\t\t\t\t<\/div>\n\t\t<\/section>\n\t\t\t\t\t<\/div>\n\t\t<\/div>\n\t\t\t\t\t<\/div>\n\t\t<\/section>\n\t\t\t\t<\/div>","protected":false},"excerpt":{"rendered":"<p>Tatai Hotel &amp; Bistro az \u00d6reg-t\u00f3 partj\u00e1n FOGLAL\u00c1S A Malom \u00e9s Kacsa Bisztr\u00f3 &amp; Hotel Tata n\u00edv\u00f3s \u00e9tterme, kultur\u00e1lis sz\u00edntere \u00e9s rendezv\u00e9nyhelysz\u00edne. K\u00e9rj aj\u00e1nlatot c\u00e9ges rendezv\u00e9nyre, csapat\u00e9p\u00edt\u0151 tr\u00e9ningre, t\u00f3parti esk\u00fcv\u0151re, vagy b\u00e1rmilyen olyan esem\u00e9nyre, amelynek otthont adhat rendezv\u00e9nyk\u00f6zpontunk, vagy foglalj asztalt egy csal\u00e1di vagy \u00fczleti eb\u00e9dre, esetleg romantikus, \u00e9l\u0151zen\u00e9s vacsor\u00e1ra! Asztalfoglal\u00e1s rendezv\u00e9ny Szobafoglal\u00e1s esk\u00fcv\u0151<\/p>","protected":false},"author":1,"featured_media":0,"parent":0,"menu_order":0,"comment_status":"closed","ping_status":"closed","template":"","meta":{"footnotes":""},"class_list":["post-1132","page","type-page","status-publish","hentry"],"yoast_head":"<!-- This site is optimized with the Yoast SEO plugin v27.3 - https:\/\/yoast.com\/product\/yoast-seo-wordpress\/ -->\n<title>Malom \u00e9s Kacsa Asztalfoglal\u00e1s<\/title>\n<meta name=\"description\" content=\"Asztalfoglal\u00e1s k\u00f6nnyen \u00e9s gyorsan, online! Biztos\u00edtsd be a helyed a tatai Malom \u00e9s Kacsa Hotel \u00e9s \u00c9tterembe \u00e9s tapasztald meg panor\u00e1m\u00e1s \u00e9tterm\u00fcnk egyedi hangulat\u00e1t!\" \/>\n<meta name=\"robots\" content=\"index, follow, max-snippet:-1, max-image-preview:large, max-video-preview:-1\" \/>\n<link rel=\"canonical\" href=\"https:\/\/malomeskacsa.hu\/en\/reservation\/\" \/>\n<meta property=\"og:locale\" content=\"en_GB\" \/>\n<meta property=\"og:type\" content=\"article\" \/>\n<meta property=\"og:title\" content=\"Malom \u00e9s Kacsa Asztalfoglal\u00e1s\" \/>\n<meta property=\"og:description\" content=\"Asztalfoglal\u00e1s k\u00f6nnyen \u00e9s gyorsan, online! Biztos\u00edtsd be a helyed a tatai Malom \u00e9s Kacsa Hotel \u00e9s \u00c9tterembe \u00e9s tapasztald meg panor\u00e1m\u00e1s \u00e9tterm\u00fcnk egyedi hangulat\u00e1t!\" \/>\n<meta property=\"og:url\" content=\"https:\/\/malomeskacsa.hu\/en\/reservation\/\" \/>\n<meta property=\"og:site_name\" content=\"Malom \u00e9s Kacsa\" \/>\n<meta property=\"article:modified_time\" content=\"2025-10-31T08:13:44+00:00\" \/>\n<meta property=\"og:image\" content=\"https:\/\/malomeskacsa.hu\/wp-content\/uploads\/2023\/12\/Malom_es_Kacsa.jpg\" \/>\n\t<meta property=\"og:image:width\" content=\"2048\" \/>\n\t<meta property=\"og:image:height\" content=\"1536\" \/>\n\t<meta property=\"og:image:type\" content=\"image\/jpeg\" \/>\n<script type=\"application\/ld+json\" class=\"yoast-schema-graph\">{\"@context\":\"https:\\\/\\\/schema.org\",\"@graph\":[{\"@type\":[\"Article\",\"BlogPosting\"],\"@id\":\"https:\\\/\\\/malomeskacsa.hu\\\/foglalas\\\/#article\",\"isPartOf\":{\"@id\":\"https:\\\/\\\/malomeskacsa.hu\\\/foglalas\\\/\"},\"author\":{\"name\":\"admin\",\"@id\":\"https:\\\/\\\/malomeskacsa.hu\\\/#\\\/schema\\\/person\\\/77d4160b08439d1d21ad46fcc1734a23\"},\"headline\":\"Foglal\u00e1s\",\"datePublished\":\"2022-09-23T13:07:08+00:00\",\"dateModified\":\"2025-10-31T08:13:44+00:00\",\"mainEntityOfPage\":{\"@id\":\"https:\\\/\\\/malomeskacsa.hu\\\/foglalas\\\/\"},\"wordCount\":87,\"publisher\":{\"@id\":\"https:\\\/\\\/malomeskacsa.hu\\\/#organization\"},\"inLanguage\":\"en-GB\"},{\"@type\":\"WebPage\",\"@id\":\"https:\\\/\\\/malomeskacsa.hu\\\/foglalas\\\/\",\"url\":\"https:\\\/\\\/malomeskacsa.hu\\\/foglalas\\\/\",\"name\":\"Malom \u00e9s Kacsa Asztalfoglal\u00e1s\",\"isPartOf\":{\"@id\":\"https:\\\/\\\/malomeskacsa.hu\\\/#website\"},\"datePublished\":\"2022-09-23T13:07:08+00:00\",\"dateModified\":\"2025-10-31T08:13:44+00:00\",\"description\":\"Asztalfoglal\u00e1s k\u00f6nnyen \u00e9s gyorsan, online! Biztos\u00edtsd be a helyed a tatai Malom \u00e9s Kacsa Hotel \u00e9s \u00c9tterembe \u00e9s tapasztald meg panor\u00e1m\u00e1s \u00e9tterm\u00fcnk egyedi hangulat\u00e1t!\",\"breadcrumb\":{\"@id\":\"https:\\\/\\\/malomeskacsa.hu\\\/foglalas\\\/#breadcrumb\"},\"inLanguage\":\"en-GB\",\"potentialAction\":[{\"@type\":\"ReadAction\",\"target\":[\"https:\\\/\\\/malomeskacsa.hu\\\/foglalas\\\/\"]}]},{\"@type\":\"BreadcrumbList\",\"@id\":\"https:\\\/\\\/malomeskacsa.hu\\\/foglalas\\\/#breadcrumb\",\"itemListElement\":[{\"@type\":\"ListItem\",\"position\":1,\"name\":\"Kezd\u0151lap\",\"item\":\"https:\\\/\\\/malomeskacsa.hu\\\/\"},{\"@type\":\"ListItem\",\"position\":2,\"name\":\"Foglal\u00e1s\"}]},{\"@type\":\"WebSite\",\"@id\":\"https:\\\/\\\/malomeskacsa.hu\\\/#website\",\"url\":\"https:\\\/\\\/malomeskacsa.hu\\\/\",\"name\":\"Malom \u00e9s Kacsa \u00c9tterem \u00e9s Rendezv\u00e9nyh\u00e1z\",\"description\":\"Boutique Hotel \u2219 Bistro \u2219 Events\",\"publisher\":{\"@id\":\"https:\\\/\\\/malomeskacsa.hu\\\/#organization\"},\"alternateName\":\"Malom \u00e9s Kacsa\",\"potentialAction\":[{\"@type\":\"SearchAction\",\"target\":{\"@type\":\"EntryPoint\",\"urlTemplate\":\"https:\\\/\\\/malomeskacsa.hu\\\/?s={search_term_string}\"},\"query-input\":{\"@type\":\"PropertyValueSpecification\",\"valueRequired\":true,\"valueName\":\"search_term_string\"}}],\"inLanguage\":\"en-GB\"},{\"@type\":\"Organization\",\"@id\":\"https:\\\/\\\/malomeskacsa.hu\\\/#organization\",\"name\":\"Malom \u00e9s Kacsa \u00c9tterem \u00e9s Rendezv\u00e9nyh\u00e1z\",\"alternateName\":\"Malom \u00e9s Kacsa\",\"url\":\"https:\\\/\\\/malomeskacsa.hu\\\/\",\"logo\":{\"@type\":\"ImageObject\",\"inLanguage\":\"en-GB\",\"@id\":\"https:\\\/\\\/malomeskacsa.hu\\\/#\\\/schema\\\/logo\\\/image\\\/\",\"url\":\"https:\\\/\\\/malomeskacsa.hu\\\/wp-content\\\/uploads\\\/2025\\\/06\\\/cropped-malomeskacsa_logo_uj-scaled-1.png\",\"contentUrl\":\"https:\\\/\\\/malomeskacsa.hu\\\/wp-content\\\/uploads\\\/2025\\\/06\\\/cropped-malomeskacsa_logo_uj-scaled-1.png\",\"width\":2558,\"height\":952,\"caption\":\"Malom \u00e9s Kacsa \u00c9tterem \u00e9s Rendezv\u00e9nyh\u00e1z\"},\"image\":{\"@id\":\"https:\\\/\\\/malomeskacsa.hu\\\/#\\\/schema\\\/logo\\\/image\\\/\"}},{\"@type\":\"Person\",\"@id\":\"https:\\\/\\\/malomeskacsa.hu\\\/#\\\/schema\\\/person\\\/77d4160b08439d1d21ad46fcc1734a23\",\"name\":\"admin\",\"sameAs\":[\"https:\\\/\\\/malomeskacsa.hu\"]}]}<\/script>\n<!-- \/ Yoast SEO plugin. -->","yoast_head_json":{"title":"Malom \u00e9s Kacsa Asztalfoglal\u00e1s","description":"Asztalfoglal\u00e1s k\u00f6nnyen \u00e9s gyorsan, online! Biztos\u00edtsd be a helyed a tatai Malom \u00e9s Kacsa Hotel \u00e9s \u00c9tterembe \u00e9s tapasztald meg panor\u00e1m\u00e1s \u00e9tterm\u00fcnk egyedi hangulat\u00e1t!","robots":{"index":"index","follow":"follow","max-snippet":"max-snippet:-1","max-image-preview":"max-image-preview:large","max-video-preview":"max-video-preview:-1"},"canonical":"https:\/\/malomeskacsa.hu\/en\/reservation\/","og_locale":"en_GB","og_type":"article","og_title":"Malom \u00e9s Kacsa Asztalfoglal\u00e1s","og_description":"Asztalfoglal\u00e1s k\u00f6nnyen \u00e9s gyorsan, online! Biztos\u00edtsd be a helyed a tatai Malom \u00e9s Kacsa Hotel \u00e9s \u00c9tterembe \u00e9s tapasztald meg panor\u00e1m\u00e1s \u00e9tterm\u00fcnk egyedi hangulat\u00e1t!","og_url":"https:\/\/malomeskacsa.hu\/en\/reservation\/","og_site_name":"Malom \u00e9s Kacsa","article_modified_time":"2025-10-31T08:13:44+00:00","og_image":[{"width":2048,"height":1536,"url":"https:\/\/malomeskacsa.hu\/wp-content\/uploads\/2023\/12\/Malom_es_Kacsa.jpg","type":"image\/jpeg"}],"schema":{"@context":"https:\/\/schema.org","@graph":[{"@type":["Article","BlogPosting"],"@id":"https:\/\/malomeskacsa.hu\/foglalas\/#article","isPartOf":{"@id":"https:\/\/malomeskacsa.hu\/foglalas\/"},"author":{"name":"admin","@id":"https:\/\/malomeskacsa.hu\/#\/schema\/person\/77d4160b08439d1d21ad46fcc1734a23"},"headline":"Foglal\u00e1s","datePublished":"2022-09-23T13:07:08+00:00","dateModified":"2025-10-31T08:13:44+00:00","mainEntityOfPage":{"@id":"https:\/\/malomeskacsa.hu\/foglalas\/"},"wordCount":87,"publisher":{"@id":"https:\/\/malomeskacsa.hu\/#organization"},"inLanguage":"en-GB"},{"@type":"WebPage","@id":"https:\/\/malomeskacsa.hu\/foglalas\/","url":"https:\/\/malomeskacsa.hu\/foglalas\/","name":"Malom \u00e9s Kacsa Asztalfoglal\u00e1s","isPartOf":{"@id":"https:\/\/malomeskacsa.hu\/#website"},"datePublished":"2022-09-23T13:07:08+00:00","dateModified":"2025-10-31T08:13:44+00:00","description":"Asztalfoglal\u00e1s k\u00f6nnyen \u00e9s gyorsan, online! Biztos\u00edtsd be a helyed a tatai Malom \u00e9s Kacsa Hotel \u00e9s \u00c9tterembe \u00e9s tapasztald meg panor\u00e1m\u00e1s \u00e9tterm\u00fcnk egyedi hangulat\u00e1t!","breadcrumb":{"@id":"https:\/\/malomeskacsa.hu\/foglalas\/#breadcrumb"},"inLanguage":"en-GB","potentialAction":[{"@type":"ReadAction","target":["https:\/\/malomeskacsa.hu\/foglalas\/"]}]},{"@type":"BreadcrumbList","@id":"https:\/\/malomeskacsa.hu\/foglalas\/#breadcrumb","itemListElement":[{"@type":"ListItem","position":1,"name":"Kezd\u0151lap","item":"https:\/\/malomeskacsa.hu\/"},{"@type":"ListItem","position":2,"name":"Foglal\u00e1s"}]},{"@type":"WebSite","@id":"https:\/\/malomeskacsa.hu\/#website","url":"https:\/\/malomeskacsa.hu\/","name":"Malom \u00e9s Kacsa \u00c9tterem \u00e9s Rendezv\u00e9nyh\u00e1z","description":"Boutique Hotel \u2219 Bistro \u2219 Events","publisher":{"@id":"https:\/\/malomeskacsa.hu\/#organization"},"alternateName":"Malom \u00e9s Kacsa","potentialAction":[{"@type":"SearchAction","target":{"@type":"EntryPoint","urlTemplate":"https:\/\/malomeskacsa.hu\/?s={search_term_string}"},"query-input":{"@type":"PropertyValueSpecification","valueRequired":true,"valueName":"search_term_string"}}],"inLanguage":"en-GB"},{"@type":"Organization","@id":"https:\/\/malomeskacsa.hu\/#organization","name":"Malom \u00e9s Kacsa \u00c9tterem \u00e9s Rendezv\u00e9nyh\u00e1z","alternateName":"Malom \u00e9s Kacsa","url":"https:\/\/malomeskacsa.hu\/","logo":{"@type":"ImageObject","inLanguage":"en-GB","@id":"https:\/\/malomeskacsa.hu\/#\/schema\/logo\/image\/","url":"https:\/\/malomeskacsa.hu\/wp-content\/uploads\/2025\/06\/cropped-malomeskacsa_logo_uj-scaled-1.png","contentUrl":"https:\/\/malomeskacsa.hu\/wp-content\/uploads\/2025\/06\/cropped-malomeskacsa_logo_uj-scaled-1.png","width":2558,"height":952,"caption":"Malom \u00e9s Kacsa \u00c9tterem \u00e9s Rendezv\u00e9nyh\u00e1z"},"image":{"@id":"https:\/\/malomeskacsa.hu\/#\/schema\/logo\/image\/"}},{"@type":"Person","@id":"https:\/\/malomeskacsa.hu\/#\/schema\/person\/77d4160b08439d1d21ad46fcc1734a23","name":"admin","sameAs":["https:\/\/malomeskacsa.hu"]}]}},"_links":{"self":[{"href":"https:\/\/malomeskacsa.hu\/en\/wp-json\/wp\/v2\/pages\/1132","targetHints":{"allow":["GET"]}}],"collection":[{"href":"https:\/\/malomeskacsa.hu\/en\/wp-json\/wp\/v2\/pages"}],"about":[{"href":"https:\/\/malomeskacsa.hu\/en\/wp-json\/wp\/v2\/types\/page"}],"author":[{"embeddable":true,"href":"https:\/\/malomeskacsa.hu\/en\/wp-json\/wp\/v2\/users\/1"}],"replies":[{"embeddable":true,"href":"https:\/\/malomeskacsa.hu\/en\/wp-json\/wp\/v2\/comments?post=1132"}],"version-history":[{"count":0,"href":"https:\/\/malomeskacsa.hu\/en\/wp-json\/wp\/v2\/pages\/1132\/revisions"}],"wp:attachment":[{"href":"https:\/\/malomeskacsa.hu\/en\/wp-json\/wp\/v2\/media?parent=1132"}],"curies":[{"name":"wp","href":"https:\/\/api.w.org\/{rel}","templated":true}]}}