{"id":7312,"date":"2025-01-06T11:18:27","date_gmt":"2025-01-06T10:18:27","guid":{"rendered":"https:\/\/malomeskacsa.hu\/?page_id=7312"},"modified":"2025-01-06T14:16:20","modified_gmt":"2025-01-06T13:16:20","slug":"asztalfoglalas","status":"publish","type":"page","link":"https:\/\/malomeskacsa.hu\/en\/asztalfoglalas\/","title":{"rendered":"Restaurant Reservation"},"content":{"rendered":"\t\t<div data-elementor-type=\"wp-page\" data-elementor-id=\"7312\" class=\"elementor elementor-7312\" data-elementor-post-type=\"page\">\n\t\t\t\t\t\t<section class=\"elementor-section elementor-top-section elementor-element elementor-element-1263076c elementor-section-boxed elementor-section-height-default elementor-section-height-default\" data-id=\"1263076c\" data-element_type=\"section\" data-e-type=\"section\" data-settings=\"{&quot;background_background&quot;:&quot;classic&quot;}\">\n\t\t\t\t\t\t\t<div class=\"elementor-background-overlay\"><\/div>\n\t\t\t\t\t\t\t<div class=\"elementor-container elementor-column-gap-default\">\n\t\t\t\t\t<div class=\"elementor-column elementor-col-100 elementor-top-column elementor-element elementor-element-7049f69\" data-id=\"7049f69\" data-element_type=\"column\" data-e-type=\"column\">\n\t\t\t<div class=\"elementor-widget-wrap elementor-element-populated\">\n\t\t\t\t\t\t<div class=\"elementor-element elementor-element-2918606d elementor-widget elementor-widget-heading\" data-id=\"2918606d\" data-element_type=\"widget\" data-e-type=\"widget\" data-widget_type=\"heading.default\">\n\t\t\t\t<div class=\"elementor-widget-container\">\n\t\t\t\t\t<h1 class=\"elementor-heading-title elementor-size-default\">Asztalfoglal\u00e1s<\/h1>\t\t\t\t<\/div>\n\t\t\t\t<\/div>\n\t\t\t\t\t<\/div>\n\t\t<\/div>\n\t\t\t\t\t<\/div>\n\t\t<\/section>\n\t\t\t\t<section class=\"elementor-section elementor-top-section elementor-element elementor-element-aeaddfb elementor-section-boxed elementor-section-height-default elementor-section-height-default\" data-id=\"aeaddfb\" data-element_type=\"section\" data-e-type=\"section\">\n\t\t\t\t\t\t<div class=\"elementor-container elementor-column-gap-default\">\n\t\t\t\t\t<div class=\"elementor-column elementor-col-100 elementor-top-column elementor-element elementor-element-ed9aa2c\" data-id=\"ed9aa2c\" data-element_type=\"column\" data-e-type=\"column\">\n\t\t\t<div class=\"elementor-widget-wrap elementor-element-populated\">\n\t\t\t\t\t\t<div class=\"elementor-element elementor-element-10e330a elementor-widget elementor-widget-text-editor\" data-id=\"10e330a\" data-element_type=\"widget\" data-e-type=\"widget\" data-widget_type=\"text-editor.default\">\n\t\t\t\t<div class=\"elementor-widget-container\">\n\t\t\t\t\t\t\t\t\t<p style=\"text-align: center;\">Kedves L\u00e1togat\u00f3!<\/p>\t\t\t\t\t\t\t\t<\/div>\n\t\t\t\t<\/div>\n\t\t\t\t<div class=\"elementor-element elementor-element-d5d16e1 elementor-widget elementor-widget-text-editor\" data-id=\"d5d16e1\" data-element_type=\"widget\" data-e-type=\"widget\" data-widget_type=\"text-editor.default\">\n\t\t\t\t<div class=\"elementor-widget-container\">\n\t\t\t\t\t\t\t\t\t<p style=\"text-align: center;\">Asztalfoglal\u00e1shoz k\u00e9rj\u00fck t\u00f6ltse ki \u0171rlapunkat \u00e9s <strong>koll\u00e9g\u00e1ink felveszik \u00d6nnel a kapcsolatot<\/strong> a foglal\u00e1s v\u00e9gleges\u00edt\u00e9s\u00e9hez!<\/p>\t\t\t\t\t\t\t\t<\/div>\n\t\t\t\t<\/div>\n\t\t\t\t<div class=\"elementor-element elementor-element-7a482f1 elementor-widget elementor-widget-text-editor\" data-id=\"7a482f1\" data-element_type=\"widget\" data-e-type=\"widget\" data-widget_type=\"text-editor.default\">\n\t\t\t\t<div class=\"elementor-widget-container\">\n\t\t\t\t\t\t\t\t\t<p>\u00c9tterm\u00fcnk minden h\u00e9tf\u0151n z\u00e1rva tart!<\/p><p>\u00c9tterm\u00fcnk konyh\u00e1ja keddt\u0151l szombatig 12:00-t\u0151l 21:30-ig, vas\u00e1rnap 12:00-t\u00f3l 20:30-ig tart nyitva.<\/p>\t\t\t\t\t\t\t\t<\/div>\n\t\t\t\t<\/div>\n\t\t\t\t<div class=\"elementor-element elementor-element-018ebe1 elementor-widget elementor-widget-text-editor\" data-id=\"018ebe1\" data-element_type=\"widget\" data-e-type=\"widget\" data-widget_type=\"text-editor.default\">\n\t\t\t\t<div class=\"elementor-widget-container\">\n\t\t\t\t\t\t\t\t\t<p style=\"text-align: center;\">Aj\u00e1nd\u00e9kutalv\u00e1ny-voucher felhaszn\u00e1l\u00e1sa eset\u00e9n k\u00e9rj\u00fck jelezze el\u0151re sz\u00e1nd\u00e9k\u00e1t, \u00e9s a megjegyz\u00e9s rovatban t\u00fcntesse fel az azonos\u00edt\u00f3 k\u00f3dot!<\/p>\t\t\t\t\t\t\t\t<\/div>\n\t\t\t\t<\/div>\n\t\t\t\t<div class=\"elementor-element elementor-element-6a6a7314 malomkacsafoglalas elementor-button-align-stretch elementor-widget elementor-widget-form\" data-id=\"6a6a7314\" data-element_type=\"widget\" data-e-type=\"widget\" data-settings=\"{&quot;button_width&quot;:&quot;33&quot;,&quot;step_next_label&quot;:&quot;Next&quot;,&quot;step_previous_label&quot;:&quot;Previous&quot;,&quot;step_type&quot;:&quot;number_text&quot;,&quot;step_icon_shape&quot;:&quot;circle&quot;}\" data-widget_type=\"form.default\">\n\t\t\t\t<div class=\"elementor-widget-container\">\n\t\t\t\t\t\t\t<form class=\"elementor-form\" method=\"post\" name=\"Asztalfoglal\u00e1s\" aria-label=\"Asztalfoglal\u00e1s\">\n\t\t\t<input type=\"hidden\" name=\"post_id\" value=\"7312\"\/>\n\t\t\t<input type=\"hidden\" name=\"form_id\" value=\"6a6a7314\"\/>\n\t\t\t<input type=\"hidden\" name=\"referer_title\" value=\"Asztalfoglal\u00e1s - Malom \u00e9s Kacsa\" \/>\n\n\t\t\t\t\t\t\t<input type=\"hidden\" name=\"queried_id\" value=\"7312\"\/>\n\t\t\t\n\t\t\t<div class=\"elementor-form-fields-wrapper elementor-labels-above\">\n\t\t\t\t\t\t\t\t<div class=\"elementor-field-type-date elementor-field-group elementor-column elementor-field-group-name elementor-col-50 elementor-field-required\">\n\t\t\t\t\t\t\t\t\t\t\t\t<label for=\"form-field-name\" class=\"elementor-field-label\">\n\t\t\t\t\t\t\t\tD\u00e1tum *\t\t\t\t\t\t\t<\/label>\n\t\t\t\t\t\t\n\t\t<input type=\"date\" name=\"form_fields[name]\" id=\"form-field-name\" class=\"elementor-field elementor-size-sm  elementor-field-textual elementor-date-field\" placeholder=\"\u00e9\u00e9\u00e9\u00e9\/hh\/nn\" required=\"required\" pattern=\"[0-9]{4}-[0-9]{2}-[0-9]{2}\" min=\"2025-01-01\" max=\"2050-01-01\">\n\t\t\t\t\t\t<\/div>\n\t\t\t\t\t\t\t\t<div class=\"elementor-field-type-time elementor-field-group elementor-column elementor-field-group-field_516c8d9 elementor-col-50 elementor-field-required\">\n\t\t\t\t\t\t\t\t\t\t\t\t<label for=\"form-field-field_516c8d9\" class=\"elementor-field-label\">\n\t\t\t\t\t\t\t\tId\u0151pont *\t\t\t\t\t\t\t<\/label>\n\t\t\t\t\t\t\t\t<input type=\"time\" name=\"form_fields[field_516c8d9]\" id=\"form-field-field_516c8d9\" class=\"elementor-field elementor-size-sm  elementor-field-textual elementor-time-field\" placeholder=\"00:00\" required=\"required\">\n\t\t\t\t\t\t<\/div>\n\t\t\t\t\t\t\t\t<div class=\"elementor-field-type-text elementor-field-group elementor-column elementor-field-group-field_d9d2611 elementor-col-50 elementor-field-required\">\n\t\t\t\t\t\t\t\t\t\t\t\t<label for=\"form-field-field_d9d2611\" class=\"elementor-field-label\">\n\t\t\t\t\t\t\t\tL\u00e9tsz\u00e1m *\t\t\t\t\t\t\t<\/label>\n\t\t\t\t\t\t\t\t\t\t\t\t\t\t<input size=\"1\" type=\"text\" name=\"form_fields[field_d9d2611]\" id=\"form-field-field_d9d2611\" class=\"elementor-field elementor-size-sm  elementor-field-textual\" placeholder=\"f\u0151\" required=\"required\">\n\t\t\t\t\t\t\t\t\t\t\t<\/div>\n\t\t\t\t\t\t\t\t<div class=\"elementor-field-type-text elementor-field-group elementor-column elementor-field-group-field_312b24a elementor-col-50 elementor-field-required\">\n\t\t\t\t\t\t\t\t\t\t\t\t<label for=\"form-field-field_312b24a\" class=\"elementor-field-label\">\n\t\t\t\t\t\t\t\tN\u00e9v *\t\t\t\t\t\t\t<\/label>\n\t\t\t\t\t\t\t\t\t\t\t\t\t\t<input size=\"1\" type=\"text\" name=\"form_fields[field_312b24a]\" id=\"form-field-field_312b24a\" class=\"elementor-field elementor-size-sm  elementor-field-textual\" placeholder=\"N\u00e9v\" required=\"required\">\n\t\t\t\t\t\t\t\t\t\t\t<\/div>\n\t\t\t\t\t\t\t\t<div class=\"elementor-field-type-email elementor-field-group elementor-column elementor-field-group-email elementor-col-50 elementor-field-required\">\n\t\t\t\t\t\t\t\t\t\t\t\t<label for=\"form-field-email\" class=\"elementor-field-label\">\n\t\t\t\t\t\t\t\tE-mail c\u00edm *\t\t\t\t\t\t\t<\/label>\n\t\t\t\t\t\t\t\t\t\t\t\t\t\t<input size=\"1\" type=\"email\" name=\"form_fields[email]\" id=\"form-field-email\" class=\"elementor-field elementor-size-sm  elementor-field-textual\" placeholder=\"foglalas@email.hu\" required=\"required\">\n\t\t\t\t\t\t\t\t\t\t\t<\/div>\n\t\t\t\t\t\t\t\t<div class=\"elementor-field-type-tel elementor-field-group elementor-column elementor-field-group-field_021c0e4 elementor-col-50 elementor-field-required\">\n\t\t\t\t\t\t\t\t\t\t\t\t<label for=\"form-field-field_021c0e4\" class=\"elementor-field-label\">\n\t\t\t\t\t\t\t\tTelefonsz\u00e1m *\t\t\t\t\t\t\t<\/label>\n\t\t\t\t\t\t\t\t<input size=\"1\" type=\"tel\" name=\"form_fields[field_021c0e4]\" id=\"form-field-field_021c0e4\" class=\"elementor-field elementor-size-sm  elementor-field-textual\" placeholder=\"+36 1 123 123\" required=\"required\" pattern=\"[0-9()#&amp;+*-=.]+\" title=\"Only numbers and phone characters (#, -, *, etc) are accepted.\">\n\n\t\t\t\t\t\t<\/div>\n\t\t\t\t\t\t\t\t<div class=\"elementor-field-type-textarea elementor-field-group elementor-column elementor-field-group-message elementor-col-100\">\n\t\t\t\t\t\t\t\t\t\t\t\t<label for=\"form-field-message\" class=\"elementor-field-label\">\n\t\t\t\t\t\t\t\tMegjegyz\u00e9s\t\t\t\t\t\t\t<\/label>\n\t\t\t\t\t\t<textarea class=\"elementor-field-textual elementor-field  elementor-size-sm\" name=\"form_fields[message]\" id=\"form-field-message\" rows=\"4\" placeholder=\"Foglal\u00e1ssal kapcsolatos megjegyz\u00e9sek\"><\/textarea>\t\t\t\t<\/div>\n\t\t\t\t\t\t\t\t<div class=\"elementor-field-type-acceptance elementor-field-group elementor-column elementor-field-group-field_42045b0 elementor-col-100\">\n\t\t\t\t\t\t\t<div class=\"elementor-field-subgroup\">\n\t\t\t<span class=\"elementor-field-option\">\n\t\t\t\t<input type=\"checkbox\" name=\"form_fields[field_42045b0]\" id=\"form-field-field_42045b0\" class=\"elementor-field elementor-size-sm  elementor-acceptance-field\">\n\t\t\t\t<label for=\"form-field-field_42045b0\">Hozz\u00e1j\u00e1rulok, hogy a Malomkert Kft. r\u00e9szemre e-mail \u00fatj\u00e1n h\u00edrleveleket, aj\u00e1nlatokat k\u00fcldj\u00f6n.\n\nKijelentem, hogy az <a href=\"https:\/\/malomeskacsa.hu\/adatkezelesi-tajekoztato\/\">Adatkezel\u00e9si t\u00e1j\u00e9koztat\u00f3t<\/a> megismertem.\n\n(Havonta legfeljebb 2 h\u00edrlevelet k\u00fcld\u00fcnk, a h\u00edrlev\u00e9lr\u0151l egy kattint\u00e1ssal b\u00e1rmikor le lehet iratkozni.)<\/label>\t\t\t<\/span>\n\t\t<\/div>\n\t\t\t\t\t\t<\/div>\n\t\t\t\t\t\t\t\t<div class=\"elementor-field-type-acceptance elementor-field-group elementor-column elementor-field-group-field_951d84b elementor-col-100 elementor-field-required\">\n\t\t\t\t\t\t\t<div class=\"elementor-field-subgroup\">\n\t\t\t<span class=\"elementor-field-option\">\n\t\t\t\t<input type=\"checkbox\" name=\"form_fields[field_951d84b]\" id=\"form-field-field_951d84b\" class=\"elementor-field elementor-size-sm  elementor-acceptance-field\" required=\"required\">\n\t\t\t\t<label for=\"form-field-field_951d84b\">Az 'Asztalfoglal\u00e1s k\u00fcld\u00e9se' gombra kattintva elfogadom az <a href=\"https:\/\/malomeskacsa.hu\/adatkezelesi-tajekoztato\/\">Adatkezel\u00e9si t\u00e1j\u00e9koztat\u00f3t<\/a>, valamint hozz\u00e1j\u00e1rulok megadott adataim felhaszn\u00e1l\u00e1s\u00e1ra az elektronikus kapcsolattart\u00e1shoz a foglal\u00e1sommal kapcsolatban, tov\u00e1bb\u00e1 a k\u00e9s\u0151bbi \u00e9rt\u00e9kes\u00edt\u00e9s c\u00e9l\u00fa kommunik\u00e1ci\u00f3hoz.<\/label>\t\t\t<\/span>\n\t\t<\/div>\n\t\t\t\t\t\t<\/div>\n\t\t\t\t\t\t\t\t<div class=\"elementor-field-group elementor-column elementor-field-type-submit elementor-col-33 e-form__buttons\">\n\t\t\t\t\t<button class=\"elementor-button elementor-size-sm\" type=\"submit\">\n\t\t\t\t\t\t<span class=\"elementor-button-content-wrapper\">\n\t\t\t\t\t\t\t\t\t\t\t\t\t\t\t\t\t\t\t\t\t\t<span class=\"elementor-button-text\">Asztalfoglal\u00e1s k\u00fcld\u00e9se<\/span>\n\t\t\t\t\t\t\t\t\t\t\t\t\t<\/span>\n\t\t\t\t\t<\/button>\n\t\t\t\t<\/div>\n\t\t\t<\/div>\n\t\t<\/form>\n\t\t\t\t\t\t<\/div>\n\t\t\t\t<\/div>\n\t\t\t\t<div class=\"elementor-element elementor-element-35f9e42 elementor-widget elementor-widget-text-editor\" data-id=\"35f9e42\" data-element_type=\"widget\" data-e-type=\"widget\" data-widget_type=\"text-editor.default\">\n\t\t\t\t<div class=\"elementor-widget-container\">\n\t\t\t\t\t\t\t\t\t<p>Felvil\u00e1gos\u00edt\u00e1s, vagy tov\u00e1bbi k\u00e9rd\u00e9sek eset\u00e9n term\u00e9szetesen rendelkez\u00e9s\u00fckre \u00e1llunk az al\u00e1bbi el\u00e9rhet\u0151s\u00e9geken:<\/p><p>Telefonsz\u00e1m: <span style=\"text-decoration: underline;\">+36 20 321 4664<\/span><\/p><p>E-mail: <span style=\"text-decoration: underline;\">sales@malomeskacsa.hu<\/span><\/p><p>A bisztr\u00f3 \u00e9s a rendezv\u00e9nyh\u00e1z ter\u00fclet\u00e9n elektronikus megfigyel\u0151rendszer m\u0171k\u00f6dik, mely k\u00e9pr\u00f6gz\u00edt\u00e9st tesz lehet\u0151v\u00e9 szem\u00e9ly- \u00e9s vagyonv\u00e9delmi c\u00e9llal.<\/p>\t\t\t\t\t\t\t\t<\/div>\n\t\t\t\t<\/div>\n\t\t\t\t\t<\/div>\n\t\t<\/div>\n\t\t\t\t\t<\/div>\n\t\t<\/section>\n\t\t\t\t<\/div>\n\t\t","protected":false},"excerpt":{"rendered":"<p>Asztalfoglal\u00e1s Kedves L\u00e1togat\u00f3! Asztalfoglal\u00e1shoz k\u00e9rj\u00fck t\u00f6ltse ki \u0171rlapunkat \u00e9s koll\u00e9g\u00e1ink felveszik \u00d6nnel a kapcsolatot a foglal\u00e1s v\u00e9gleges\u00edt\u00e9s\u00e9hez! \u00c9tterm\u00fcnk minden h\u00e9tf\u0151n z\u00e1rva tart! \u00c9tterm\u00fcnk konyh\u00e1ja keddt\u0151l szombatig 12:00-t\u0151l 21:30-ig, vas\u00e1rnap 12:00-t\u00f3l 20:30-ig tart nyitva. Aj\u00e1nd\u00e9kutalv\u00e1ny-voucher felhaszn\u00e1l\u00e1sa eset\u00e9n k\u00e9rj\u00fck jelezze el\u0151re sz\u00e1nd\u00e9k\u00e1t, \u00e9s a megjegyz\u00e9s rovatban t\u00fcntesse fel az azonos\u00edt\u00f3 k\u00f3dot! Felvil\u00e1gos\u00edt\u00e1s, vagy tov\u00e1bbi k\u00e9rd\u00e9sek eset\u00e9n term\u00e9szetesen [&hellip;]<\/p>\n","protected":false},"author":1,"featured_media":0,"parent":0,"menu_order":0,"comment_status":"closed","ping_status":"closed","template":"","meta":{"footnotes":""},"class_list":["post-7312","page","type-page","status-publish","hentry"],"yoast_head":"<!-- This site is optimized with the Yoast SEO plugin v27.4 - https:\/\/yoast.com\/product\/yoast-seo-wordpress\/ -->\n<title>Asztalfoglal\u00e1s - Malom \u00e9s Kacsa<\/title>\n<meta name=\"robots\" content=\"index, follow, max-snippet:-1, max-image-preview:large, max-video-preview:-1\" \/>\n<link rel=\"canonical\" href=\"https:\/\/malomeskacsa.hu\/en\/asztalfoglalas\/\" \/>\n<meta property=\"og:locale\" content=\"en_GB\" \/>\n<meta property=\"og:type\" content=\"article\" \/>\n<meta property=\"og:title\" content=\"Asztalfoglal\u00e1s - Malom \u00e9s Kacsa\" \/>\n<meta property=\"og:description\" content=\"Asztalfoglal\u00e1s Kedves L\u00e1togat\u00f3! Asztalfoglal\u00e1shoz k\u00e9rj\u00fck t\u00f6ltse ki \u0171rlapunkat \u00e9s koll\u00e9g\u00e1ink felveszik \u00d6nnel a kapcsolatot a foglal\u00e1s v\u00e9gleges\u00edt\u00e9s\u00e9hez! \u00c9tterm\u00fcnk minden h\u00e9tf\u0151n z\u00e1rva tart! \u00c9tterm\u00fcnk konyh\u00e1ja keddt\u0151l szombatig 12:00-t\u0151l 21:30-ig, vas\u00e1rnap 12:00-t\u00f3l 20:30-ig tart nyitva. Aj\u00e1nd\u00e9kutalv\u00e1ny-voucher felhaszn\u00e1l\u00e1sa eset\u00e9n k\u00e9rj\u00fck jelezze el\u0151re sz\u00e1nd\u00e9k\u00e1t, \u00e9s a megjegyz\u00e9s rovatban t\u00fcntesse fel az azonos\u00edt\u00f3 k\u00f3dot! Felvil\u00e1gos\u00edt\u00e1s, vagy tov\u00e1bbi k\u00e9rd\u00e9sek eset\u00e9n term\u00e9szetesen [&hellip;]\" \/>\n<meta property=\"og:url\" content=\"https:\/\/malomeskacsa.hu\/en\/asztalfoglalas\/\" \/>\n<meta property=\"og:site_name\" content=\"Malom \u00e9s Kacsa\" \/>\n<meta property=\"article:modified_time\" content=\"2025-01-06T13:16:20+00:00\" \/>\n<meta property=\"og:image\" content=\"https:\/\/malomeskacsa.hu\/wp-content\/uploads\/2023\/12\/Malom_es_Kacsa.jpg\" \/>\n\t<meta property=\"og:image:width\" content=\"2048\" \/>\n\t<meta property=\"og:image:height\" content=\"1536\" \/>\n\t<meta property=\"og:image:type\" content=\"image\/jpeg\" \/>\n<script type=\"application\/ld+json\" class=\"yoast-schema-graph\">{\"@context\":\"https:\\\/\\\/schema.org\",\"@graph\":[{\"@type\":[\"Article\",\"BlogPosting\"],\"@id\":\"https:\\\/\\\/malomeskacsa.hu\\\/asztalfoglalas\\\/#article\",\"isPartOf\":{\"@id\":\"https:\\\/\\\/malomeskacsa.hu\\\/asztalfoglalas\\\/\"},\"author\":{\"name\":\"admin\",\"@id\":\"https:\\\/\\\/malomeskacsa.hu\\\/#\\\/schema\\\/person\\\/77d4160b08439d1d21ad46fcc1734a23\"},\"headline\":\"Asztalfoglal\u00e1s\",\"datePublished\":\"2025-01-06T10:18:27+00:00\",\"dateModified\":\"2025-01-06T13:16:20+00:00\",\"mainEntityOfPage\":{\"@id\":\"https:\\\/\\\/malomeskacsa.hu\\\/asztalfoglalas\\\/\"},\"wordCount\":153,\"publisher\":{\"@id\":\"https:\\\/\\\/malomeskacsa.hu\\\/#organization\"},\"inLanguage\":\"en-GB\"},{\"@type\":\"WebPage\",\"@id\":\"https:\\\/\\\/malomeskacsa.hu\\\/asztalfoglalas\\\/\",\"url\":\"https:\\\/\\\/malomeskacsa.hu\\\/asztalfoglalas\\\/\",\"name\":\"Asztalfoglal\u00e1s - Malom \u00e9s Kacsa\",\"isPartOf\":{\"@id\":\"https:\\\/\\\/malomeskacsa.hu\\\/#website\"},\"datePublished\":\"2025-01-06T10:18:27+00:00\",\"dateModified\":\"2025-01-06T13:16:20+00:00\",\"breadcrumb\":{\"@id\":\"https:\\\/\\\/malomeskacsa.hu\\\/asztalfoglalas\\\/#breadcrumb\"},\"inLanguage\":\"en-GB\",\"potentialAction\":[{\"@type\":\"ReadAction\",\"target\":[\"https:\\\/\\\/malomeskacsa.hu\\\/asztalfoglalas\\\/\"]}]},{\"@type\":\"BreadcrumbList\",\"@id\":\"https:\\\/\\\/malomeskacsa.hu\\\/asztalfoglalas\\\/#breadcrumb\",\"itemListElement\":[{\"@type\":\"ListItem\",\"position\":1,\"name\":\"Kezd\u0151lap\",\"item\":\"https:\\\/\\\/malomeskacsa.hu\\\/\"},{\"@type\":\"ListItem\",\"position\":2,\"name\":\"Asztalfoglal\u00e1s\"}]},{\"@type\":\"WebSite\",\"@id\":\"https:\\\/\\\/malomeskacsa.hu\\\/#website\",\"url\":\"https:\\\/\\\/malomeskacsa.hu\\\/\",\"name\":\"Malom \u00e9s Kacsa \u00c9tterem \u00e9s Rendezv\u00e9nyh\u00e1z\",\"description\":\"Boutique Hotel \u2219 Bistro \u2219 Events\",\"publisher\":{\"@id\":\"https:\\\/\\\/malomeskacsa.hu\\\/#organization\"},\"alternateName\":\"Malom \u00e9s Kacsa\",\"potentialAction\":[{\"@type\":\"SearchAction\",\"target\":{\"@type\":\"EntryPoint\",\"urlTemplate\":\"https:\\\/\\\/malomeskacsa.hu\\\/?s={search_term_string}\"},\"query-input\":{\"@type\":\"PropertyValueSpecification\",\"valueRequired\":true,\"valueName\":\"search_term_string\"}}],\"inLanguage\":\"en-GB\"},{\"@type\":\"Organization\",\"@id\":\"https:\\\/\\\/malomeskacsa.hu\\\/#organization\",\"name\":\"Malom \u00e9s Kacsa \u00c9tterem \u00e9s Rendezv\u00e9nyh\u00e1z\",\"alternateName\":\"Malom \u00e9s Kacsa\",\"url\":\"https:\\\/\\\/malomeskacsa.hu\\\/\",\"logo\":{\"@type\":\"ImageObject\",\"inLanguage\":\"en-GB\",\"@id\":\"https:\\\/\\\/malomeskacsa.hu\\\/#\\\/schema\\\/logo\\\/image\\\/\",\"url\":\"https:\\\/\\\/malomeskacsa.hu\\\/wp-content\\\/uploads\\\/2025\\\/06\\\/cropped-malomeskacsa_logo_uj-scaled-1.png\",\"contentUrl\":\"https:\\\/\\\/malomeskacsa.hu\\\/wp-content\\\/uploads\\\/2025\\\/06\\\/cropped-malomeskacsa_logo_uj-scaled-1.png\",\"width\":2558,\"height\":952,\"caption\":\"Malom \u00e9s Kacsa \u00c9tterem \u00e9s Rendezv\u00e9nyh\u00e1z\"},\"image\":{\"@id\":\"https:\\\/\\\/malomeskacsa.hu\\\/#\\\/schema\\\/logo\\\/image\\\/\"}},{\"@type\":\"Person\",\"@id\":\"https:\\\/\\\/malomeskacsa.hu\\\/#\\\/schema\\\/person\\\/77d4160b08439d1d21ad46fcc1734a23\",\"name\":\"admin\",\"sameAs\":[\"https:\\\/\\\/malomeskacsa.hu\"]}]}<\/script>\n<!-- \/ Yoast SEO plugin. -->","yoast_head_json":{"title":"Asztalfoglal\u00e1s - Malom \u00e9s Kacsa","robots":{"index":"index","follow":"follow","max-snippet":"max-snippet:-1","max-image-preview":"max-image-preview:large","max-video-preview":"max-video-preview:-1"},"canonical":"https:\/\/malomeskacsa.hu\/en\/asztalfoglalas\/","og_locale":"en_GB","og_type":"article","og_title":"Asztalfoglal\u00e1s - Malom \u00e9s Kacsa","og_description":"Asztalfoglal\u00e1s Kedves L\u00e1togat\u00f3! Asztalfoglal\u00e1shoz k\u00e9rj\u00fck t\u00f6ltse ki \u0171rlapunkat \u00e9s koll\u00e9g\u00e1ink felveszik \u00d6nnel a kapcsolatot a foglal\u00e1s v\u00e9gleges\u00edt\u00e9s\u00e9hez! \u00c9tterm\u00fcnk minden h\u00e9tf\u0151n z\u00e1rva tart! \u00c9tterm\u00fcnk konyh\u00e1ja keddt\u0151l szombatig 12:00-t\u0151l 21:30-ig, vas\u00e1rnap 12:00-t\u00f3l 20:30-ig tart nyitva. Aj\u00e1nd\u00e9kutalv\u00e1ny-voucher felhaszn\u00e1l\u00e1sa eset\u00e9n k\u00e9rj\u00fck jelezze el\u0151re sz\u00e1nd\u00e9k\u00e1t, \u00e9s a megjegyz\u00e9s rovatban t\u00fcntesse fel az azonos\u00edt\u00f3 k\u00f3dot! Felvil\u00e1gos\u00edt\u00e1s, vagy tov\u00e1bbi k\u00e9rd\u00e9sek eset\u00e9n term\u00e9szetesen [&hellip;]","og_url":"https:\/\/malomeskacsa.hu\/en\/asztalfoglalas\/","og_site_name":"Malom \u00e9s Kacsa","article_modified_time":"2025-01-06T13:16:20+00:00","og_image":[{"width":2048,"height":1536,"url":"https:\/\/malomeskacsa.hu\/wp-content\/uploads\/2023\/12\/Malom_es_Kacsa.jpg","type":"image\/jpeg"}],"schema":{"@context":"https:\/\/schema.org","@graph":[{"@type":["Article","BlogPosting"],"@id":"https:\/\/malomeskacsa.hu\/asztalfoglalas\/#article","isPartOf":{"@id":"https:\/\/malomeskacsa.hu\/asztalfoglalas\/"},"author":{"name":"admin","@id":"https:\/\/malomeskacsa.hu\/#\/schema\/person\/77d4160b08439d1d21ad46fcc1734a23"},"headline":"Asztalfoglal\u00e1s","datePublished":"2025-01-06T10:18:27+00:00","dateModified":"2025-01-06T13:16:20+00:00","mainEntityOfPage":{"@id":"https:\/\/malomeskacsa.hu\/asztalfoglalas\/"},"wordCount":153,"publisher":{"@id":"https:\/\/malomeskacsa.hu\/#organization"},"inLanguage":"en-GB"},{"@type":"WebPage","@id":"https:\/\/malomeskacsa.hu\/asztalfoglalas\/","url":"https:\/\/malomeskacsa.hu\/asztalfoglalas\/","name":"Asztalfoglal\u00e1s - Malom \u00e9s Kacsa","isPartOf":{"@id":"https:\/\/malomeskacsa.hu\/#website"},"datePublished":"2025-01-06T10:18:27+00:00","dateModified":"2025-01-06T13:16:20+00:00","breadcrumb":{"@id":"https:\/\/malomeskacsa.hu\/asztalfoglalas\/#breadcrumb"},"inLanguage":"en-GB","potentialAction":[{"@type":"ReadAction","target":["https:\/\/malomeskacsa.hu\/asztalfoglalas\/"]}]},{"@type":"BreadcrumbList","@id":"https:\/\/malomeskacsa.hu\/asztalfoglalas\/#breadcrumb","itemListElement":[{"@type":"ListItem","position":1,"name":"Kezd\u0151lap","item":"https:\/\/malomeskacsa.hu\/"},{"@type":"ListItem","position":2,"name":"Asztalfoglal\u00e1s"}]},{"@type":"WebSite","@id":"https:\/\/malomeskacsa.hu\/#website","url":"https:\/\/malomeskacsa.hu\/","name":"Malom \u00e9s Kacsa \u00c9tterem \u00e9s Rendezv\u00e9nyh\u00e1z","description":"Boutique Hotel \u2219 Bistro \u2219 Events","publisher":{"@id":"https:\/\/malomeskacsa.hu\/#organization"},"alternateName":"Malom \u00e9s Kacsa","potentialAction":[{"@type":"SearchAction","target":{"@type":"EntryPoint","urlTemplate":"https:\/\/malomeskacsa.hu\/?s={search_term_string}"},"query-input":{"@type":"PropertyValueSpecification","valueRequired":true,"valueName":"search_term_string"}}],"inLanguage":"en-GB"},{"@type":"Organization","@id":"https:\/\/malomeskacsa.hu\/#organization","name":"Malom \u00e9s Kacsa \u00c9tterem \u00e9s Rendezv\u00e9nyh\u00e1z","alternateName":"Malom \u00e9s Kacsa","url":"https:\/\/malomeskacsa.hu\/","logo":{"@type":"ImageObject","inLanguage":"en-GB","@id":"https:\/\/malomeskacsa.hu\/#\/schema\/logo\/image\/","url":"https:\/\/malomeskacsa.hu\/wp-content\/uploads\/2025\/06\/cropped-malomeskacsa_logo_uj-scaled-1.png","contentUrl":"https:\/\/malomeskacsa.hu\/wp-content\/uploads\/2025\/06\/cropped-malomeskacsa_logo_uj-scaled-1.png","width":2558,"height":952,"caption":"Malom \u00e9s Kacsa \u00c9tterem \u00e9s Rendezv\u00e9nyh\u00e1z"},"image":{"@id":"https:\/\/malomeskacsa.hu\/#\/schema\/logo\/image\/"}},{"@type":"Person","@id":"https:\/\/malomeskacsa.hu\/#\/schema\/person\/77d4160b08439d1d21ad46fcc1734a23","name":"admin","sameAs":["https:\/\/malomeskacsa.hu"]}]}},"_links":{"self":[{"href":"https:\/\/malomeskacsa.hu\/en\/wp-json\/wp\/v2\/pages\/7312","targetHints":{"allow":["GET"]}}],"collection":[{"href":"https:\/\/malomeskacsa.hu\/en\/wp-json\/wp\/v2\/pages"}],"about":[{"href":"https:\/\/malomeskacsa.hu\/en\/wp-json\/wp\/v2\/types\/page"}],"author":[{"embeddable":true,"href":"https:\/\/malomeskacsa.hu\/en\/wp-json\/wp\/v2\/users\/1"}],"replies":[{"embeddable":true,"href":"https:\/\/malomeskacsa.hu\/en\/wp-json\/wp\/v2\/comments?post=7312"}],"version-history":[{"count":0,"href":"https:\/\/malomeskacsa.hu\/en\/wp-json\/wp\/v2\/pages\/7312\/revisions"}],"wp:attachment":[{"href":"https:\/\/malomeskacsa.hu\/en\/wp-json\/wp\/v2\/media?parent=7312"}],"curies":[{"name":"wp","href":"https:\/\/api.w.org\/{rel}","templated":true}]}}