{"id":7408,"date":"2025-01-06T13:32:51","date_gmt":"2025-01-06T12:32:51","guid":{"rendered":"https:\/\/malomeskacsa.hu\/?page_id=7408"},"modified":"2025-03-17T11:39:57","modified_gmt":"2025-03-17T10:39:57","slug":"eskuvo-ajanlatkeres","status":"publish","type":"page","link":"https:\/\/malomeskacsa.hu\/en\/eskuvo-ajanlatkeres\/","title":{"rendered":"Esk\u00fcv\u0151 aj\u00e1nlatk\u00e9r\u00e9s"},"content":{"rendered":"\t\t<div data-elementor-type=\"wp-page\" data-elementor-id=\"7408\" class=\"elementor elementor-7408\" data-elementor-post-type=\"page\">\n\t\t\t\t\t\t<section class=\"elementor-section elementor-top-section elementor-element elementor-element-87125f6 elementor-section-boxed elementor-section-height-default elementor-section-height-default\" data-id=\"87125f6\" data-element_type=\"section\" data-e-type=\"section\" data-settings=\"{&quot;background_background&quot;:&quot;classic&quot;}\">\n\t\t\t\t\t\t\t<div class=\"elementor-background-overlay\"><\/div>\n\t\t\t\t\t\t\t<div class=\"elementor-container elementor-column-gap-default\">\n\t\t\t\t\t<div class=\"elementor-column elementor-col-100 elementor-top-column elementor-element elementor-element-242c332d\" data-id=\"242c332d\" data-element_type=\"column\" data-e-type=\"column\">\n\t\t\t<div class=\"elementor-widget-wrap elementor-element-populated\">\n\t\t\t\t\t\t<div class=\"elementor-element elementor-element-1a0c00fd elementor-widget elementor-widget-heading\" data-id=\"1a0c00fd\" data-element_type=\"widget\" data-e-type=\"widget\" data-widget_type=\"heading.default\">\n\t\t\t\t<div class=\"elementor-widget-container\">\n\t\t\t\t\t<h1 class=\"elementor-heading-title elementor-size-default\">Esk\u00fcv\u0151 aj\u00e1nlatk\u00e9r\u00e9s<\/h1>\t\t\t\t<\/div>\n\t\t\t\t<\/div>\n\t\t\t\t\t<\/div>\n\t\t<\/div>\n\t\t\t\t\t<\/div>\n\t\t<\/section>\n\t\t\t\t<section class=\"elementor-section elementor-top-section elementor-element elementor-element-4678bb8a elementor-section-boxed elementor-section-height-default elementor-section-height-default\" data-id=\"4678bb8a\" data-element_type=\"section\" data-e-type=\"section\">\n\t\t\t\t\t\t<div class=\"elementor-container elementor-column-gap-default\">\n\t\t\t\t\t<div class=\"elementor-column elementor-col-100 elementor-top-column elementor-element elementor-element-338a28ab\" data-id=\"338a28ab\" data-element_type=\"column\" data-e-type=\"column\">\n\t\t\t<div class=\"elementor-widget-wrap elementor-element-populated\">\n\t\t\t\t\t\t<div class=\"elementor-element elementor-element-4b2cacc4 elementor-widget elementor-widget-text-editor\" data-id=\"4b2cacc4\" data-element_type=\"widget\" data-e-type=\"widget\" data-widget_type=\"text-editor.default\">\n\t\t\t\t<div class=\"elementor-widget-container\">\n\t\t\t\t\t\t\t\t\t<p style=\"text-align: center;\">Kedves L\u00e1togat\u00f3!<\/p>\t\t\t\t\t\t\t\t<\/div>\n\t\t\t\t<\/div>\n\t\t\t\t<div class=\"elementor-element elementor-element-311e2c45 elementor-widget elementor-widget-text-editor\" data-id=\"311e2c45\" data-element_type=\"widget\" data-e-type=\"widget\" data-widget_type=\"text-editor.default\">\n\t\t\t\t<div class=\"elementor-widget-container\">\n\t\t\t\t\t\t\t\t\t<p style=\"text-align: center;\">K\u00e9rj\u00fck t\u00f6ltse ki \u0171rlapunkat \u00e9s <b>koll\u00e9g\u00e1ink felveszik \u00d6nnel a kapcsolatot<\/b>\u00a0a foglal\u00e1s v\u00e9gleges\u00edt\u00e9s\u00e9hez!<\/p>\t\t\t\t\t\t\t\t<\/div>\n\t\t\t\t<\/div>\n\t\t\t\t<div class=\"elementor-element elementor-element-3055a07e malomkacsafoglalas elementor-button-align-stretch elementor-widget elementor-widget-form\" data-id=\"3055a07e\" data-element_type=\"widget\" data-e-type=\"widget\" data-settings=\"{&quot;button_width&quot;:&quot;33&quot;,&quot;step_next_label&quot;:&quot;Next&quot;,&quot;step_previous_label&quot;:&quot;Previous&quot;,&quot;step_type&quot;:&quot;number_text&quot;,&quot;step_icon_shape&quot;:&quot;circle&quot;}\" data-widget_type=\"form.default\">\n\t\t\t\t<div class=\"elementor-widget-container\">\n\t\t\t\t\t\t\t<form class=\"elementor-form\" method=\"post\" name=\"Asztalfoglal\u00e1s\" aria-label=\"Asztalfoglal\u00e1s\">\n\t\t\t<input type=\"hidden\" name=\"post_id\" value=\"7408\"\/>\n\t\t\t<input type=\"hidden\" name=\"form_id\" value=\"3055a07e\"\/>\n\t\t\t<input type=\"hidden\" name=\"referer_title\" value=\"Esk\u00fcv\u0151 aj\u00e1nlatk\u00e9r\u00e9s - Malom \u00e9s Kacsa\" \/>\n\n\t\t\t\t\t\t\t<input type=\"hidden\" name=\"queried_id\" value=\"7408\"\/>\n\t\t\t\n\t\t\t<div class=\"elementor-form-fields-wrapper elementor-labels-above\">\n\t\t\t\t\t\t\t\t<div class=\"elementor-field-type-text elementor-field-group elementor-column elementor-field-group-field_312b24a elementor-col-50 elementor-field-required\">\n\t\t\t\t\t\t\t\t\t\t\t\t<label for=\"form-field-field_312b24a\" class=\"elementor-field-label\">\n\t\t\t\t\t\t\t\tVezet\u00e9kn\u00e9v *\t\t\t\t\t\t\t<\/label>\n\t\t\t\t\t\t\t\t\t\t\t\t\t\t<input size=\"1\" type=\"text\" name=\"form_fields[field_312b24a]\" id=\"form-field-field_312b24a\" class=\"elementor-field elementor-size-sm  elementor-field-textual\" placeholder=\"Vezet\u00e9kn\u00e9v\" required=\"required\">\n\t\t\t\t\t\t\t\t\t\t\t<\/div>\n\t\t\t\t\t\t\t\t<div class=\"elementor-field-type-text elementor-field-group elementor-column elementor-field-group-field_72449ad elementor-col-50 elementor-field-required\">\n\t\t\t\t\t\t\t\t\t\t\t\t<label for=\"form-field-field_72449ad\" class=\"elementor-field-label\">\n\t\t\t\t\t\t\t\tKeresztn\u00e9v *\t\t\t\t\t\t\t<\/label>\n\t\t\t\t\t\t\t\t\t\t\t\t\t\t<input size=\"1\" type=\"text\" name=\"form_fields[field_72449ad]\" id=\"form-field-field_72449ad\" class=\"elementor-field elementor-size-sm  elementor-field-textual\" placeholder=\"Keresztn\u00e9v\" required=\"required\">\n\t\t\t\t\t\t\t\t\t\t\t<\/div>\n\t\t\t\t\t\t\t\t<div class=\"elementor-field-type-email elementor-field-group elementor-column elementor-field-group-email elementor-col-50 elementor-field-required\">\n\t\t\t\t\t\t\t\t\t\t\t\t<label for=\"form-field-email\" class=\"elementor-field-label\">\n\t\t\t\t\t\t\t\tE-mail c\u00edm *\t\t\t\t\t\t\t<\/label>\n\t\t\t\t\t\t\t\t\t\t\t\t\t\t<input size=\"1\" type=\"email\" name=\"form_fields[email]\" id=\"form-field-email\" class=\"elementor-field elementor-size-sm  elementor-field-textual\" placeholder=\"foglalas@email.hu\" required=\"required\">\n\t\t\t\t\t\t\t\t\t\t\t<\/div>\n\t\t\t\t\t\t\t\t<div class=\"elementor-field-type-tel elementor-field-group elementor-column elementor-field-group-field_021c0e4 elementor-col-50 elementor-field-required\">\n\t\t\t\t\t\t\t\t\t\t\t\t<label for=\"form-field-field_021c0e4\" class=\"elementor-field-label\">\n\t\t\t\t\t\t\t\tTelefonsz\u00e1m *\t\t\t\t\t\t\t<\/label>\n\t\t\t\t\t\t\t\t<input size=\"1\" type=\"tel\" name=\"form_fields[field_021c0e4]\" id=\"form-field-field_021c0e4\" class=\"elementor-field elementor-size-sm  elementor-field-textual\" placeholder=\"+36 1 123 123\" required=\"required\" pattern=\"[0-9()#&amp;+*-=.]+\" title=\"Only numbers and phone characters (#, -, *, etc) are accepted.\">\n\n\t\t\t\t\t\t<\/div>\n\t\t\t\t\t\t\t\t<div class=\"elementor-field-type-date elementor-field-group elementor-column elementor-field-group-name elementor-col-50 elementor-field-required\">\n\t\t\t\t\t\t\t\t\t\t\t\t<label for=\"form-field-name\" class=\"elementor-field-label\">\n\t\t\t\t\t\t\t\tTervezett d\u00e1tum *\t\t\t\t\t\t\t<\/label>\n\t\t\t\t\t\t\n\t\t<input type=\"date\" name=\"form_fields[name]\" id=\"form-field-name\" class=\"elementor-field elementor-size-sm  elementor-field-textual elementor-date-field\" placeholder=\"\u00e9\u00e9\u00e9\u00e9\/hh\/nn\" required=\"required\" pattern=\"[0-9]{4}-[0-9]{2}-[0-9]{2}\" min=\"2025-01-01\" max=\"2050-01-01\">\n\t\t\t\t\t\t<\/div>\n\t\t\t\t\t\t\t\t<div class=\"elementor-field-type-text elementor-field-group elementor-column elementor-field-group-field_d9d2611 elementor-col-50 elementor-field-required\">\n\t\t\t\t\t\t\t\t\t\t\t\t<label for=\"form-field-field_d9d2611\" class=\"elementor-field-label\">\n\t\t\t\t\t\t\t\tTervezett l\u00e9tsz\u00e1m *\t\t\t\t\t\t\t<\/label>\n\t\t\t\t\t\t\t\t\t\t\t\t\t\t<input size=\"1\" type=\"text\" name=\"form_fields[field_d9d2611]\" id=\"form-field-field_d9d2611\" class=\"elementor-field elementor-size-sm  elementor-field-textual\" placeholder=\"f\u0151\" required=\"required\">\n\t\t\t\t\t\t\t\t\t\t\t<\/div>\n\t\t\t\t\t\t\t\t<div class=\"elementor-field-type-textarea elementor-field-group elementor-column elementor-field-group-message elementor-col-100\">\n\t\t\t\t\t\t\t\t\t\t\t\t<label for=\"form-field-message\" class=\"elementor-field-label\">\n\t\t\t\t\t\t\t\tLe\u00edr\u00e1s\t\t\t\t\t\t\t<\/label>\n\t\t\t\t\t\t<textarea class=\"elementor-field-textual elementor-field  elementor-size-sm\" name=\"form_fields[message]\" id=\"form-field-message\" rows=\"4\" placeholder=\"Esk\u00fcv\u0151vel kapcsolatos r\u00e9szletek, k\u00e9r\u00e9sek, k\u00e9rd\u00e9sek\"><\/textarea>\t\t\t\t<\/div>\n\t\t\t\t\t\t\t\t<div class=\"elementor-field-type-acceptance elementor-field-group elementor-column elementor-field-group-field_666d99b elementor-col-100 elementor-field-required\">\n\t\t\t\t\t\t\t<div class=\"elementor-field-subgroup\">\n\t\t\t<span class=\"elementor-field-option\">\n\t\t\t\t<input type=\"checkbox\" name=\"form_fields[field_666d99b]\" id=\"form-field-field_666d99b\" class=\"elementor-field elementor-size-sm  elementor-acceptance-field\" required=\"required\">\n\t\t\t\t<label for=\"form-field-field_666d99b\">Elfogadom az <a href=\"https:\/\/malomeskacsa.hu\/adatkezelesi-tajekoztato\/\">Adatkezel\u00e9si t\u00e1j\u00e9koztat\u00f3ban<\/a> foglaltakat.<\/label>\t\t\t<\/span>\n\t\t<\/div>\n\t\t\t\t\t\t<\/div>\n\t\t\t\t\t\t\t\t<div class=\"elementor-field-type-recaptcha_v3 elementor-field-group elementor-column elementor-field-group-field_d423eab elementor-col-100 recaptcha_v3-bottomright\">\n\t\t\t\t\t<div class=\"elementor-field\" id=\"form-field-field_d423eab\"><div class=\"elementor-g-recaptcha\" data-sitekey=\"6LdR__YqAAAAAEoXBMdDhHjNJ_-frEUl2inCXHWx\" data-type=\"v3\" data-action=\"Form\" data-badge=\"bottomright\" data-size=\"invisible\"><\/div><\/div>\t\t\t\t<\/div>\n\t\t\t\t\t\t\t\t<div class=\"elementor-field-group elementor-column elementor-field-type-submit elementor-col-33 e-form__buttons\">\n\t\t\t\t\t<button class=\"elementor-button elementor-size-sm\" type=\"submit\">\n\t\t\t\t\t\t<span class=\"elementor-button-content-wrapper\">\n\t\t\t\t\t\t\t\t\t\t\t\t\t\t\t\t\t\t\t\t\t\t<span class=\"elementor-button-text\">K\u00fcld\u00e9s<\/span>\n\t\t\t\t\t\t\t\t\t\t\t\t\t<\/span>\n\t\t\t\t\t<\/button>\n\t\t\t\t<\/div>\n\t\t\t<\/div>\n\t\t<\/form>\n\t\t\t\t\t\t<\/div>\n\t\t\t\t<\/div>\n\t\t\t\t<div class=\"elementor-element elementor-element-167f8fc elementor-widget elementor-widget-text-editor\" data-id=\"167f8fc\" data-element_type=\"widget\" data-e-type=\"widget\" data-widget_type=\"text-editor.default\">\n\t\t\t\t<div class=\"elementor-widget-container\">\n\t\t\t\t\t\t\t\t\t<p>Felvil\u00e1gos\u00edt\u00e1s, vagy tov\u00e1bbi k\u00e9rd\u00e9sek eset\u00e9n term\u00e9szetesen rendelkez\u00e9s\u00fckre \u00e1llunk az al\u00e1bbi el\u00e9rhet\u0151s\u00e9geken:<\/p><p>Telefonsz\u00e1m: <span style=\"text-decoration: underline;\">+36 20 321 4664<\/span><\/p><p>E-mail: <span style=\"text-decoration: underline;\">sales@malomeskacsa.hu<\/span><\/p><p>A bisztr\u00f3 \u00e9s a rendezv\u00e9nyh\u00e1z ter\u00fclet\u00e9n elektronikus megfigyel\u0151rendszer m\u0171k\u00f6dik, mely k\u00e9pr\u00f6gz\u00edt\u00e9st tesz lehet\u0151v\u00e9 szem\u00e9ly- \u00e9s vagyonv\u00e9delmi c\u00e9llal.<\/p>\t\t\t\t\t\t\t\t<\/div>\n\t\t\t\t<\/div>\n\t\t\t\t\t<\/div>\n\t\t<\/div>\n\t\t\t\t\t<\/div>\n\t\t<\/section>\n\t\t\t\t<\/div>\n\t\t","protected":false},"excerpt":{"rendered":"<p>Esk\u00fcv\u0151 aj\u00e1nlatk\u00e9r\u00e9s Kedves L\u00e1togat\u00f3! K\u00e9rj\u00fck t\u00f6ltse ki \u0171rlapunkat \u00e9s koll\u00e9g\u00e1ink felveszik \u00d6nnel a kapcsolatot\u00a0a foglal\u00e1s v\u00e9gleges\u00edt\u00e9s\u00e9hez! Felvil\u00e1gos\u00edt\u00e1s, vagy tov\u00e1bbi k\u00e9rd\u00e9sek eset\u00e9n term\u00e9szetesen rendelkez\u00e9s\u00fckre \u00e1llunk az al\u00e1bbi el\u00e9rhet\u0151s\u00e9geken: Telefonsz\u00e1m: +36 20 321 4664 E-mail: sales@malomeskacsa.hu A bisztr\u00f3 \u00e9s a rendezv\u00e9nyh\u00e1z ter\u00fclet\u00e9n elektronikus megfigyel\u0151rendszer m\u0171k\u00f6dik, mely k\u00e9pr\u00f6gz\u00edt\u00e9st tesz lehet\u0151v\u00e9 szem\u00e9ly- \u00e9s vagyonv\u00e9delmi c\u00e9llal.<\/p>","protected":false},"author":1,"featured_media":0,"parent":0,"menu_order":0,"comment_status":"closed","ping_status":"closed","template":"","meta":{"footnotes":""},"class_list":["post-7408","page","type-page","status-publish","hentry"],"yoast_head":"<!-- This site is optimized with the Yoast SEO plugin v27.3 - https:\/\/yoast.com\/product\/yoast-seo-wordpress\/ -->\n<title>Esk\u00fcv\u0151 aj\u00e1nlatk\u00e9r\u00e9s - Malom \u00e9s Kacsa<\/title>\n<meta name=\"robots\" content=\"index, follow, max-snippet:-1, max-image-preview:large, max-video-preview:-1\" \/>\n<link rel=\"canonical\" href=\"https:\/\/malomeskacsa.hu\/en\/eskuvo-ajanlatkeres\/\" \/>\n<meta property=\"og:locale\" content=\"en_GB\" \/>\n<meta property=\"og:type\" content=\"article\" \/>\n<meta property=\"og:title\" content=\"Esk\u00fcv\u0151 aj\u00e1nlatk\u00e9r\u00e9s - Malom \u00e9s Kacsa\" \/>\n<meta property=\"og:description\" content=\"Esk\u00fcv\u0151 aj\u00e1nlatk\u00e9r\u00e9s Kedves L\u00e1togat\u00f3! K\u00e9rj\u00fck t\u00f6ltse ki \u0171rlapunkat \u00e9s koll\u00e9g\u00e1ink felveszik \u00d6nnel a kapcsolatot\u00a0a foglal\u00e1s v\u00e9gleges\u00edt\u00e9s\u00e9hez! Felvil\u00e1gos\u00edt\u00e1s, vagy tov\u00e1bbi k\u00e9rd\u00e9sek eset\u00e9n term\u00e9szetesen rendelkez\u00e9s\u00fckre \u00e1llunk az al\u00e1bbi el\u00e9rhet\u0151s\u00e9geken: Telefonsz\u00e1m: +36 20 321 4664 E-mail: sales@malomeskacsa.hu A bisztr\u00f3 \u00e9s a rendezv\u00e9nyh\u00e1z ter\u00fclet\u00e9n elektronikus megfigyel\u0151rendszer m\u0171k\u00f6dik, mely k\u00e9pr\u00f6gz\u00edt\u00e9st tesz lehet\u0151v\u00e9 szem\u00e9ly- \u00e9s vagyonv\u00e9delmi c\u00e9llal.\" \/>\n<meta property=\"og:url\" content=\"https:\/\/malomeskacsa.hu\/en\/eskuvo-ajanlatkeres\/\" \/>\n<meta property=\"og:site_name\" content=\"Malom \u00e9s Kacsa\" \/>\n<meta property=\"article:modified_time\" content=\"2025-03-17T10:39:57+00:00\" \/>\n<meta property=\"og:image\" content=\"https:\/\/malomeskacsa.hu\/wp-content\/uploads\/2023\/12\/Malom_es_Kacsa.jpg\" \/>\n\t<meta property=\"og:image:width\" content=\"2048\" \/>\n\t<meta property=\"og:image:height\" content=\"1536\" \/>\n\t<meta property=\"og:image:type\" content=\"image\/jpeg\" \/>\n<script type=\"application\/ld+json\" class=\"yoast-schema-graph\">{\"@context\":\"https:\\\/\\\/schema.org\",\"@graph\":[{\"@type\":[\"Article\",\"BlogPosting\"],\"@id\":\"https:\\\/\\\/malomeskacsa.hu\\\/eskuvo-ajanlatkeres\\\/#article\",\"isPartOf\":{\"@id\":\"https:\\\/\\\/malomeskacsa.hu\\\/eskuvo-ajanlatkeres\\\/\"},\"author\":{\"name\":\"admin\",\"@id\":\"https:\\\/\\\/malomeskacsa.hu\\\/#\\\/schema\\\/person\\\/77d4160b08439d1d21ad46fcc1734a23\"},\"headline\":\"Esk\u00fcv\u0151 aj\u00e1nlatk\u00e9r\u00e9s\",\"datePublished\":\"2025-01-06T12:32:51+00:00\",\"dateModified\":\"2025-03-17T10:39:57+00:00\",\"mainEntityOfPage\":{\"@id\":\"https:\\\/\\\/malomeskacsa.hu\\\/eskuvo-ajanlatkeres\\\/\"},\"wordCount\":101,\"publisher\":{\"@id\":\"https:\\\/\\\/malomeskacsa.hu\\\/#organization\"},\"inLanguage\":\"en-GB\"},{\"@type\":\"WebPage\",\"@id\":\"https:\\\/\\\/malomeskacsa.hu\\\/eskuvo-ajanlatkeres\\\/\",\"url\":\"https:\\\/\\\/malomeskacsa.hu\\\/eskuvo-ajanlatkeres\\\/\",\"name\":\"Esk\u00fcv\u0151 aj\u00e1nlatk\u00e9r\u00e9s - Malom \u00e9s Kacsa\",\"isPartOf\":{\"@id\":\"https:\\\/\\\/malomeskacsa.hu\\\/#website\"},\"datePublished\":\"2025-01-06T12:32:51+00:00\",\"dateModified\":\"2025-03-17T10:39:57+00:00\",\"breadcrumb\":{\"@id\":\"https:\\\/\\\/malomeskacsa.hu\\\/eskuvo-ajanlatkeres\\\/#breadcrumb\"},\"inLanguage\":\"en-GB\",\"potentialAction\":[{\"@type\":\"ReadAction\",\"target\":[\"https:\\\/\\\/malomeskacsa.hu\\\/eskuvo-ajanlatkeres\\\/\"]}]},{\"@type\":\"BreadcrumbList\",\"@id\":\"https:\\\/\\\/malomeskacsa.hu\\\/eskuvo-ajanlatkeres\\\/#breadcrumb\",\"itemListElement\":[{\"@type\":\"ListItem\",\"position\":1,\"name\":\"Kezd\u0151lap\",\"item\":\"https:\\\/\\\/malomeskacsa.hu\\\/\"},{\"@type\":\"ListItem\",\"position\":2,\"name\":\"Esk\u00fcv\u0151 aj\u00e1nlatk\u00e9r\u00e9s\"}]},{\"@type\":\"WebSite\",\"@id\":\"https:\\\/\\\/malomeskacsa.hu\\\/#website\",\"url\":\"https:\\\/\\\/malomeskacsa.hu\\\/\",\"name\":\"Malom \u00e9s Kacsa \u00c9tterem \u00e9s Rendezv\u00e9nyh\u00e1z\",\"description\":\"Boutique Hotel \u2219 Bistro \u2219 Events\",\"publisher\":{\"@id\":\"https:\\\/\\\/malomeskacsa.hu\\\/#organization\"},\"alternateName\":\"Malom \u00e9s Kacsa\",\"potentialAction\":[{\"@type\":\"SearchAction\",\"target\":{\"@type\":\"EntryPoint\",\"urlTemplate\":\"https:\\\/\\\/malomeskacsa.hu\\\/?s={search_term_string}\"},\"query-input\":{\"@type\":\"PropertyValueSpecification\",\"valueRequired\":true,\"valueName\":\"search_term_string\"}}],\"inLanguage\":\"en-GB\"},{\"@type\":\"Organization\",\"@id\":\"https:\\\/\\\/malomeskacsa.hu\\\/#organization\",\"name\":\"Malom \u00e9s Kacsa \u00c9tterem \u00e9s Rendezv\u00e9nyh\u00e1z\",\"alternateName\":\"Malom \u00e9s Kacsa\",\"url\":\"https:\\\/\\\/malomeskacsa.hu\\\/\",\"logo\":{\"@type\":\"ImageObject\",\"inLanguage\":\"en-GB\",\"@id\":\"https:\\\/\\\/malomeskacsa.hu\\\/#\\\/schema\\\/logo\\\/image\\\/\",\"url\":\"https:\\\/\\\/malomeskacsa.hu\\\/wp-content\\\/uploads\\\/2025\\\/06\\\/cropped-malomeskacsa_logo_uj-scaled-1.png\",\"contentUrl\":\"https:\\\/\\\/malomeskacsa.hu\\\/wp-content\\\/uploads\\\/2025\\\/06\\\/cropped-malomeskacsa_logo_uj-scaled-1.png\",\"width\":2558,\"height\":952,\"caption\":\"Malom \u00e9s Kacsa \u00c9tterem \u00e9s Rendezv\u00e9nyh\u00e1z\"},\"image\":{\"@id\":\"https:\\\/\\\/malomeskacsa.hu\\\/#\\\/schema\\\/logo\\\/image\\\/\"}},{\"@type\":\"Person\",\"@id\":\"https:\\\/\\\/malomeskacsa.hu\\\/#\\\/schema\\\/person\\\/77d4160b08439d1d21ad46fcc1734a23\",\"name\":\"admin\",\"sameAs\":[\"https:\\\/\\\/malomeskacsa.hu\"]}]}<\/script>\n<!-- \/ Yoast SEO plugin. -->","yoast_head_json":{"title":"Esk\u00fcv\u0151 aj\u00e1nlatk\u00e9r\u00e9s - Malom \u00e9s Kacsa","robots":{"index":"index","follow":"follow","max-snippet":"max-snippet:-1","max-image-preview":"max-image-preview:large","max-video-preview":"max-video-preview:-1"},"canonical":"https:\/\/malomeskacsa.hu\/en\/eskuvo-ajanlatkeres\/","og_locale":"en_GB","og_type":"article","og_title":"Esk\u00fcv\u0151 aj\u00e1nlatk\u00e9r\u00e9s - Malom \u00e9s Kacsa","og_description":"Esk\u00fcv\u0151 aj\u00e1nlatk\u00e9r\u00e9s Kedves L\u00e1togat\u00f3! K\u00e9rj\u00fck t\u00f6ltse ki \u0171rlapunkat \u00e9s koll\u00e9g\u00e1ink felveszik \u00d6nnel a kapcsolatot\u00a0a foglal\u00e1s v\u00e9gleges\u00edt\u00e9s\u00e9hez! Felvil\u00e1gos\u00edt\u00e1s, vagy tov\u00e1bbi k\u00e9rd\u00e9sek eset\u00e9n term\u00e9szetesen rendelkez\u00e9s\u00fckre \u00e1llunk az al\u00e1bbi el\u00e9rhet\u0151s\u00e9geken: Telefonsz\u00e1m: +36 20 321 4664 E-mail: sales@malomeskacsa.hu A bisztr\u00f3 \u00e9s a rendezv\u00e9nyh\u00e1z ter\u00fclet\u00e9n elektronikus megfigyel\u0151rendszer m\u0171k\u00f6dik, mely k\u00e9pr\u00f6gz\u00edt\u00e9st tesz lehet\u0151v\u00e9 szem\u00e9ly- \u00e9s vagyonv\u00e9delmi c\u00e9llal.","og_url":"https:\/\/malomeskacsa.hu\/en\/eskuvo-ajanlatkeres\/","og_site_name":"Malom \u00e9s Kacsa","article_modified_time":"2025-03-17T10:39:57+00:00","og_image":[{"width":2048,"height":1536,"url":"https:\/\/malomeskacsa.hu\/wp-content\/uploads\/2023\/12\/Malom_es_Kacsa.jpg","type":"image\/jpeg"}],"schema":{"@context":"https:\/\/schema.org","@graph":[{"@type":["Article","BlogPosting"],"@id":"https:\/\/malomeskacsa.hu\/eskuvo-ajanlatkeres\/#article","isPartOf":{"@id":"https:\/\/malomeskacsa.hu\/eskuvo-ajanlatkeres\/"},"author":{"name":"admin","@id":"https:\/\/malomeskacsa.hu\/#\/schema\/person\/77d4160b08439d1d21ad46fcc1734a23"},"headline":"Esk\u00fcv\u0151 aj\u00e1nlatk\u00e9r\u00e9s","datePublished":"2025-01-06T12:32:51+00:00","dateModified":"2025-03-17T10:39:57+00:00","mainEntityOfPage":{"@id":"https:\/\/malomeskacsa.hu\/eskuvo-ajanlatkeres\/"},"wordCount":101,"publisher":{"@id":"https:\/\/malomeskacsa.hu\/#organization"},"inLanguage":"en-GB"},{"@type":"WebPage","@id":"https:\/\/malomeskacsa.hu\/eskuvo-ajanlatkeres\/","url":"https:\/\/malomeskacsa.hu\/eskuvo-ajanlatkeres\/","name":"Esk\u00fcv\u0151 aj\u00e1nlatk\u00e9r\u00e9s - Malom \u00e9s Kacsa","isPartOf":{"@id":"https:\/\/malomeskacsa.hu\/#website"},"datePublished":"2025-01-06T12:32:51+00:00","dateModified":"2025-03-17T10:39:57+00:00","breadcrumb":{"@id":"https:\/\/malomeskacsa.hu\/eskuvo-ajanlatkeres\/#breadcrumb"},"inLanguage":"en-GB","potentialAction":[{"@type":"ReadAction","target":["https:\/\/malomeskacsa.hu\/eskuvo-ajanlatkeres\/"]}]},{"@type":"BreadcrumbList","@id":"https:\/\/malomeskacsa.hu\/eskuvo-ajanlatkeres\/#breadcrumb","itemListElement":[{"@type":"ListItem","position":1,"name":"Kezd\u0151lap","item":"https:\/\/malomeskacsa.hu\/"},{"@type":"ListItem","position":2,"name":"Esk\u00fcv\u0151 aj\u00e1nlatk\u00e9r\u00e9s"}]},{"@type":"WebSite","@id":"https:\/\/malomeskacsa.hu\/#website","url":"https:\/\/malomeskacsa.hu\/","name":"Malom \u00e9s Kacsa \u00c9tterem \u00e9s Rendezv\u00e9nyh\u00e1z","description":"Boutique Hotel \u2219 Bistro \u2219 Events","publisher":{"@id":"https:\/\/malomeskacsa.hu\/#organization"},"alternateName":"Malom \u00e9s Kacsa","potentialAction":[{"@type":"SearchAction","target":{"@type":"EntryPoint","urlTemplate":"https:\/\/malomeskacsa.hu\/?s={search_term_string}"},"query-input":{"@type":"PropertyValueSpecification","valueRequired":true,"valueName":"search_term_string"}}],"inLanguage":"en-GB"},{"@type":"Organization","@id":"https:\/\/malomeskacsa.hu\/#organization","name":"Malom \u00e9s Kacsa \u00c9tterem \u00e9s Rendezv\u00e9nyh\u00e1z","alternateName":"Malom \u00e9s Kacsa","url":"https:\/\/malomeskacsa.hu\/","logo":{"@type":"ImageObject","inLanguage":"en-GB","@id":"https:\/\/malomeskacsa.hu\/#\/schema\/logo\/image\/","url":"https:\/\/malomeskacsa.hu\/wp-content\/uploads\/2025\/06\/cropped-malomeskacsa_logo_uj-scaled-1.png","contentUrl":"https:\/\/malomeskacsa.hu\/wp-content\/uploads\/2025\/06\/cropped-malomeskacsa_logo_uj-scaled-1.png","width":2558,"height":952,"caption":"Malom \u00e9s Kacsa \u00c9tterem \u00e9s Rendezv\u00e9nyh\u00e1z"},"image":{"@id":"https:\/\/malomeskacsa.hu\/#\/schema\/logo\/image\/"}},{"@type":"Person","@id":"https:\/\/malomeskacsa.hu\/#\/schema\/person\/77d4160b08439d1d21ad46fcc1734a23","name":"admin","sameAs":["https:\/\/malomeskacsa.hu"]}]}},"_links":{"self":[{"href":"https:\/\/malomeskacsa.hu\/en\/wp-json\/wp\/v2\/pages\/7408","targetHints":{"allow":["GET"]}}],"collection":[{"href":"https:\/\/malomeskacsa.hu\/en\/wp-json\/wp\/v2\/pages"}],"about":[{"href":"https:\/\/malomeskacsa.hu\/en\/wp-json\/wp\/v2\/types\/page"}],"author":[{"embeddable":true,"href":"https:\/\/malomeskacsa.hu\/en\/wp-json\/wp\/v2\/users\/1"}],"replies":[{"embeddable":true,"href":"https:\/\/malomeskacsa.hu\/en\/wp-json\/wp\/v2\/comments?post=7408"}],"version-history":[{"count":0,"href":"https:\/\/malomeskacsa.hu\/en\/wp-json\/wp\/v2\/pages\/7408\/revisions"}],"wp:attachment":[{"href":"https:\/\/malomeskacsa.hu\/en\/wp-json\/wp\/v2\/media?parent=7408"}],"curies":[{"name":"wp","href":"https:\/\/api.w.org\/{rel}","templated":true}]}}