{"id":885,"date":"2022-09-20T08:25:03","date_gmt":"2022-09-20T07:25:03","guid":{"rendered":"https:\/\/malomeskacsa.hu\/?page_id=885"},"modified":"2023-03-30T20:50:53","modified_gmt":"2023-03-30T19:50:53","slug":"tatai-programok","status":"publish","type":"page","link":"https:\/\/malomeskacsa.hu\/en\/programok\/tatai-programok\/","title":{"rendered":"Programmes in Tata"},"content":{"rendered":"<div data-elementor-type=\"wp-page\" data-elementor-id=\"885\" class=\"elementor elementor-885\" data-elementor-post-type=\"page\">\n\t\t\t\t\t\t<section class=\"elementor-section elementor-top-section elementor-element elementor-element-f8e51c0 elementor-section-full_width elementor-section-height-default elementor-section-height-default\" data-id=\"f8e51c0\" data-element_type=\"section\" data-e-type=\"section\" data-settings=\"{&quot;background_background&quot;:&quot;classic&quot;}\">\n\t\t\t\t\t\t\t<div class=\"elementor-background-overlay\"><\/div>\n\t\t\t\t\t\t\t<div class=\"elementor-container elementor-column-gap-default\">\n\t\t\t\t\t<div class=\"elementor-column elementor-col-100 elementor-top-column elementor-element elementor-element-67117a24\" data-id=\"67117a24\" data-element_type=\"column\" data-e-type=\"column\">\n\t\t\t<div class=\"elementor-widget-wrap elementor-element-populated\">\n\t\t\t\t\t\t<div class=\"elementor-element elementor-element-1d8d5aa6 elementor-widget elementor-widget-heading\" data-id=\"1d8d5aa6\" data-element_type=\"widget\" data-e-type=\"widget\" data-widget_type=\"heading.default\">\n\t\t\t\t<div class=\"elementor-widget-container\">\n\t\t\t\t\t<h1 class=\"elementor-heading-title elementor-size-default\">Programmes in Tata<\/h1>\t\t\t\t<\/div>\n\t\t\t\t<\/div>\n\t\t\t\t\t<\/div>\n\t\t<\/div>\n\t\t\t\t\t<\/div>\n\t\t<\/section>\n\t\t\t\t<section class=\"elementor-section elementor-top-section elementor-element elementor-element-248400f0 elementor-section-boxed elementor-section-height-default elementor-section-height-default\" data-id=\"248400f0\" data-element_type=\"section\" data-e-type=\"section\">\n\t\t\t\t\t\t<div class=\"elementor-container elementor-column-gap-default\">\n\t\t\t\t\t<div class=\"elementor-column elementor-col-100 elementor-top-column elementor-element elementor-element-35b3c138 elementor-invisible\" data-id=\"35b3c138\" data-element_type=\"column\" data-e-type=\"column\" data-settings=\"{&quot;animation&quot;:&quot;fadeInLeft&quot;}\">\n\t\t\t<div class=\"elementor-widget-wrap elementor-element-populated\">\n\t\t\t\t\t\t<div class=\"elementor-element elementor-element-7436f01a elementor-widget elementor-widget-heading\" data-id=\"7436f01a\" data-element_type=\"widget\" data-e-type=\"widget\" data-widget_type=\"heading.default\">\n\t\t\t\t<div class=\"elementor-widget-container\">\n\t\t\t\t\t<h3 class=\"elementor-heading-title elementor-size-default\">GREAT PROGRAMMES, CLOSE TO YOU<\/h3>\t\t\t\t<\/div>\n\t\t\t\t<\/div>\n\t\t\t\t<div class=\"elementor-element elementor-element-75c9e44e elementor-widget elementor-widget-heading\" data-id=\"75c9e44e\" data-element_type=\"widget\" data-e-type=\"widget\" data-widget_type=\"heading.default\">\n\t\t\t\t<div class=\"elementor-widget-container\">\n\t\t\t\t\t<h2 class=\"elementor-heading-title elementor-size-default\">City of living waters and programmes<\/h2>\t\t\t\t<\/div>\n\t\t\t\t<\/div>\n\t\t\t\t<div class=\"elementor-element elementor-element-21fc4dd elementor-widget elementor-widget-text-editor\" data-id=\"21fc4dd\" data-element_type=\"widget\" data-e-type=\"widget\" data-widget_type=\"text-editor.default\">\n\t\t\t\t<div class=\"elementor-widget-container\">\n\t\t\t\t\t\t\t\t\t<p><span style=\"font-weight: 400;\">If you're looking for a good programme, a relaxing break, a walk by the lake in the fresh air, Tata has great activities for you! Just 40 minutes from Budapest, Tata offers a wide range of organised activities for all ages, almost all year round.\u00a0<\/span><\/p><p>\u00a0<\/p><p><span style=\"font-weight: 400;\">Before and during the programmes, the child-friendly, dog-friendly and barrier-free Malom \u00e9s Kacsa Restaurant and Event House offers a wide range of homemade dishes, modern gastronomic experiences, lactose-free, gluten-free, vegan and vegetarian dishes.<\/span><\/p>\t\t\t\t\t\t\t\t<\/div>\n\t\t\t\t<\/div>\n\t\t\t\t<div class=\"elementor-element elementor-element-d2c8f26 elementor-align-center elementor-widget elementor-widget-button\" data-id=\"d2c8f26\" data-element_type=\"widget\" data-e-type=\"widget\" data-widget_type=\"button.default\">\n\t\t\t\t<div class=\"elementor-widget-container\">\n\t\t\t\t\t\t\t\t\t<div class=\"elementor-button-wrapper\">\n\t\t\t\t\t<a class=\"elementor-button elementor-button-link elementor-size-md\" href=\"https:\/\/malomeskacsa.hu\/wp-content\/uploads\/2022\/10\/Programok-TatanMalom-es-Kacsa.pdf\">\n\t\t\t\t\t\t<span class=\"elementor-button-content-wrapper\">\n\t\t\t\t\t\t\t\t\t<span class=\"elementor-button-text\">Programmes in Tata<\/span>\n\t\t\t\t\t<\/span>\n\t\t\t\t\t<\/a>\n\t\t\t\t<\/div>\n\t\t\t\t\t\t\t\t<\/div>\n\t\t\t\t<\/div>\n\t\t\t\t\t<\/div>\n\t\t<\/div>\n\t\t\t\t\t<\/div>\n\t\t<\/section>\n\t\t\t\t<section class=\"elementor-section elementor-top-section elementor-element elementor-element-6b6bee9 elementor-section-boxed elementor-section-height-default elementor-section-height-default\" data-id=\"6b6bee9\" data-element_type=\"section\" data-e-type=\"section\">\n\t\t\t\t\t\t<div class=\"elementor-container elementor-column-gap-default\">\n\t\t\t\t\t<div class=\"elementor-column elementor-col-100 elementor-top-column elementor-element elementor-element-edcf9bb\" data-id=\"edcf9bb\" data-element_type=\"column\" data-e-type=\"column\">\n\t\t\t<div class=\"elementor-widget-wrap elementor-element-populated\">\n\t\t\t\t\t\t<div class=\"elementor-element elementor-element-714fba5 elementor-widget elementor-widget-heading\" data-id=\"714fba5\" data-element_type=\"widget\" data-e-type=\"widget\" data-widget_type=\"heading.default\">\n\t\t\t\t<div class=\"elementor-widget-container\">\n\t\t\t\t\t<h2 class=\"elementor-heading-title elementor-size-default\">Upcoming events<\/h2>\t\t\t\t<\/div>\n\t\t\t\t<\/div>\n\t\t\t\t<div class=\"elementor-element elementor-element-9e31ad6 elementor-widget elementor-widget-text-editor\" data-id=\"9e31ad6\" data-element_type=\"widget\" data-e-type=\"widget\" data-widget_type=\"text-editor.default\">\n\t\t\t\t<div class=\"elementor-widget-container\">\n\t\t\t\t\t\t\t\t\t<div class=\"mec-wrap mec-skin-grid-container\" id=\"mec_skin_4347\">\r\n\r\n    \r\n        <div class=\"mec-skin-grid-events-container\" id=\"mec_skin_events_4347\">\r\n        No event found!    <\/div>\r\n    \r\n    \r\n<\/div>\r\n\n\t\t\t\t\t\t\t\t<\/div>\n\t\t\t\t<\/div>\n\t\t\t\t<div class=\"elementor-element elementor-element-ae389ef elementor-hidden-desktop elementor-hidden-tablet elementor-hidden-mobile elementor-grid-3 elementor-grid-tablet-2 elementor-grid-mobile-1 elementor-posts--thumbnail-top elementor-widget elementor-widget-posts\" data-id=\"ae389ef\" data-element_type=\"widget\" data-e-type=\"widget\" data-settings=\"{&quot;pagination_type&quot;:&quot;numbers&quot;,&quot;classic_columns&quot;:&quot;3&quot;,&quot;classic_columns_tablet&quot;:&quot;2&quot;,&quot;classic_columns_mobile&quot;:&quot;1&quot;,&quot;classic_row_gap&quot;:{&quot;unit&quot;:&quot;px&quot;,&quot;size&quot;:35,&quot;sizes&quot;:[]},&quot;classic_row_gap_tablet&quot;:{&quot;unit&quot;:&quot;px&quot;,&quot;size&quot;:&quot;&quot;,&quot;sizes&quot;:[]},&quot;classic_row_gap_mobile&quot;:{&quot;unit&quot;:&quot;px&quot;,&quot;size&quot;:&quot;&quot;,&quot;sizes&quot;:[]}}\" data-widget_type=\"posts.classic\">\n\t\t\t\t<div class=\"elementor-widget-container\">\n\t\t\t\t\t\t\t<div class=\"elementor-posts-container elementor-posts elementor-posts--skin-classic elementor-grid\" role=\"list\">\n\t\t\t\t<article class=\"elementor-post elementor-grid-item post-4940 post type-post status-publish format-standard has-post-thumbnail hentry category-blog category-tatai-programok\" role=\"listitem\">\n\t\t\t\t<a class=\"elementor-post__thumbnail__link\" href=\"https:\/\/malomeskacsa.hu\/en\/tata-programok-2023-programfuzet\/\" tabindex=\"-1\" >\n\t\t\t<div class=\"elementor-post__thumbnail\"><img fetchpriority=\"high\" decoding=\"async\" width=\"1024\" height=\"576\" src=\"https:\/\/malomeskacsa.hu\/wp-content\/uploads\/2023\/02\/fokep-1024x576.jpeg\" class=\"attachment-medium size-medium wp-image-4941\" alt=\"\" srcset=\"https:\/\/malomeskacsa.hu\/wp-content\/uploads\/2023\/02\/fokep-1024x576.jpeg 1024w, https:\/\/malomeskacsa.hu\/wp-content\/uploads\/2023\/02\/fokep-768x432.jpeg 768w, https:\/\/malomeskacsa.hu\/wp-content\/uploads\/2023\/02\/fokep-18x10.jpeg 18w, https:\/\/malomeskacsa.hu\/wp-content\/uploads\/2023\/02\/fokep.jpeg 1400w\" sizes=\"(max-width: 1024px) 100vw, 1024px\" \/><\/div>\n\t\t<\/a>\n\t\t\t\t<div class=\"elementor-post__text\">\n\t\t\t\t<h3 class=\"elementor-post__title\">\n\t\t\t<a href=\"https:\/\/malomeskacsa.hu\/en\/tata-programok-2023-programfuzet\/\" >\n\t\t\t\t<strong>Tata Programok, 2023-as programf\u00fczet<\/strong>\t\t\t<\/a>\n\t\t<\/h3>\n\t\t\t\t<div class=\"elementor-post__excerpt\">\n\t\t\t<p>Tata, a vizek v\u00e1rosa, nem csak term\u00e9szeti adotts\u00e1gokban gazdag, de izgalmas programokban is. Elk\u00e9sz\u00edtett\u00fck nektek a 2023-as \u00e9v nagy tatai<\/p>\n\t\t<\/div>\n\t\t\t\t\t<div class=\"elementor-post__read-more-wrapper\">\n\t\t\n\t\t<a class=\"elementor-post__read-more\" href=\"https:\/\/malomeskacsa.hu\/en\/tata-programok-2023-programfuzet\/\" aria-label=\"Read more about &lt;strong&gt;Tata Programok, 2023-as programf&uuml;zet&lt;\/strong&gt;\" tabindex=\"-1\" >\n\t\t\tElolvasom \u00bb\t\t<\/a>\n\n\t\t\t\t\t<\/div>\n\t\t\t\t<\/div>\n\t\t\t\t<\/article>\n\t\t\t\t<article class=\"elementor-post elementor-grid-item post-1947 post type-post status-publish format-standard has-post-thumbnail hentry category-tatai-programok\" role=\"listitem\">\n\t\t\t\t<a class=\"elementor-post__thumbnail__link\" href=\"https:\/\/malomeskacsa.hu\/en\/advent-tatan\/\" tabindex=\"-1\" >\n\t\t\t<div class=\"elementor-post__thumbnail\"><img decoding=\"async\" width=\"1024\" height=\"1024\" src=\"https:\/\/malomeskacsa.hu\/wp-content\/uploads\/2022\/10\/Advent-Tatan-1.jpg\" class=\"attachment-medium size-medium wp-image-2780\" alt=\"Advent Tat\u00e1n\" srcset=\"https:\/\/malomeskacsa.hu\/wp-content\/uploads\/2022\/10\/Advent-Tatan-1.jpg 2000w, https:\/\/malomeskacsa.hu\/wp-content\/uploads\/2022\/10\/Advent-Tatan-1-150x150.jpg 150w\" sizes=\"(max-width: 1024px) 100vw, 1024px\" \/><\/div>\n\t\t<\/a>\n\t\t\t\t<div class=\"elementor-post__text\">\n\t\t\t\t<h3 class=\"elementor-post__title\">\n\t\t\t<a href=\"https:\/\/malomeskacsa.hu\/en\/advent-tatan\/\" >\n\t\t\t\tAdvent Tat\u00e1n\t\t\t<\/a>\n\t\t<\/h3>\n\t\t\t\t<div class=\"elementor-post__excerpt\">\n\t\t\t<p>A Vadl\u00fad Sokadalommal egyid\u0151ben veszi kezdet\u00e9t az Adventi \u00d6r\u00f6m\u00f6k rendezv\u00e9nysorozat, amelynek h\u00e9tv\u00e9gente a tatai Kossuth t\u00e9r ad majd otthont. A<\/p>\n\t\t<\/div>\n\t\t\t\t\t<div class=\"elementor-post__read-more-wrapper\">\n\t\t\n\t\t<a class=\"elementor-post__read-more\" href=\"https:\/\/malomeskacsa.hu\/en\/advent-tatan\/\" aria-label=\"Read more about Advent Tat\u00e1n\" tabindex=\"-1\" >\n\t\t\tElolvasom \u00bb\t\t<\/a>\n\n\t\t\t\t\t<\/div>\n\t\t\t\t<\/div>\n\t\t\t\t<\/article>\n\t\t\t\t<article class=\"elementor-post elementor-grid-item post-1945 post type-post status-publish format-standard has-post-thumbnail hentry category-tatai-programok\" role=\"listitem\">\n\t\t\t\t<a class=\"elementor-post__thumbnail__link\" href=\"https:\/\/malomeskacsa.hu\/en\/szallo-vadludak\/\" tabindex=\"-1\" >\n\t\t\t<div class=\"elementor-post__thumbnail\"><img decoding=\"async\" width=\"1024\" height=\"682\" src=\"https:\/\/malomeskacsa.hu\/wp-content\/uploads\/2022\/10\/Tatai-Vadludsokadalom-1.jpg\" class=\"attachment-medium size-medium wp-image-2835\" alt=\"Tatai Vadl\u00fadsokadalom\" \/><\/div>\n\t\t<\/a>\n\t\t\t\t<div class=\"elementor-post__text\">\n\t\t\t\t<h3 class=\"elementor-post__title\">\n\t\t\t<a href=\"https:\/\/malomeskacsa.hu\/en\/szallo-vadludak\/\" >\n\t\t\t\tSz\u00e1ll\u00f3 vadludak\t\t\t<\/a>\n\t\t<\/h3>\n\t\t\t\t<div class=\"elementor-post__excerpt\">\n\t\t\t<p>A Vadl\u00fad Sokadalom november 26-\u00e1n ker\u00fcl megrendez\u00e9sre. Elevenedjen meg a szemed el\u0151tt Nils Holgerson mes\u00e9je, n\u00e9zd meg \u00e9l\u0151ben a madarak<\/p>\n\t\t<\/div>\n\t\t\t\t\t<div class=\"elementor-post__read-more-wrapper\">\n\t\t\n\t\t<a class=\"elementor-post__read-more\" href=\"https:\/\/malomeskacsa.hu\/en\/szallo-vadludak\/\" aria-label=\"Read more about Sz\u00e1ll\u00f3 vadludak\" tabindex=\"-1\" >\n\t\t\tElolvasom \u00bb\t\t<\/a>\n\n\t\t\t\t\t<\/div>\n\t\t\t\t<\/div>\n\t\t\t\t<\/article>\n\t\t\t\t<article class=\"elementor-post elementor-grid-item post-1943 post type-post status-publish format-standard has-post-thumbnail hentry category-tatai-programok\" role=\"listitem\">\n\t\t\t\t<a class=\"elementor-post__thumbnail__link\" href=\"https:\/\/malomeskacsa.hu\/en\/oktoberi-oromok\/\" tabindex=\"-1\" >\n\t\t\t<div class=\"elementor-post__thumbnail\"><img loading=\"lazy\" decoding=\"async\" width=\"768\" height=\"1024\" src=\"https:\/\/malomeskacsa.hu\/wp-content\/uploads\/2022\/10\/DJI_20221011_112848_280-AM-1.jpg\" class=\"attachment-medium size-medium wp-image-2781\" alt=\"Malom \u00e9s Kacsa \u00c9tterem okt\u00f3beri \u00f6r\u00f6m\u00f6k\" \/><\/div>\n\t\t<\/a>\n\t\t\t\t<div class=\"elementor-post__text\">\n\t\t\t\t<h3 class=\"elementor-post__title\">\n\t\t\t<a href=\"https:\/\/malomeskacsa.hu\/en\/oktoberi-oromok\/\" >\n\t\t\t\tOkt\u00f3beri \u00f6r\u00f6m\u00f6k\t\t\t<\/a>\n\t\t<\/h3>\n\t\t\t\t<div class=\"elementor-post__excerpt\">\n\t\t\t<p>Okt\u00f3ber 21-23-ig pedig a horg\u00e1szat lesz a f\u00f3kuszban! Az \u00d6reg-tavi Nagy Hal\u00e1szfesztiv\u00e1lon koncertek, sz\u00ednpadi el\u0151ad\u00e1sok, \u00e9s bulis\u00e1tor gondoskodik a j\u00f3<\/p>\n\t\t<\/div>\n\t\t\t\t\t<div class=\"elementor-post__read-more-wrapper\">\n\t\t\n\t\t<a class=\"elementor-post__read-more\" href=\"https:\/\/malomeskacsa.hu\/en\/oktoberi-oromok\/\" aria-label=\"Read more about Okt\u00f3beri \u00f6r\u00f6m\u00f6k\" tabindex=\"-1\" >\n\t\t\tElolvasom \u00bb\t\t<\/a>\n\n\t\t\t\t\t<\/div>\n\t\t\t\t<\/div>\n\t\t\t\t<\/article>\n\t\t\t\t<\/div>\n\t\t\n\t\t\t\t\t\t<\/div>\n\t\t\t\t<\/div>\n\t\t\t\t\t<\/div>\n\t\t<\/div>\n\t\t\t\t\t<\/div>\n\t\t<\/section>\n\t\t\t\t<\/div>","protected":false},"excerpt":{"rendered":"<p>Tatai programok remek programok, hozz\u00e1d k\u00f6zel Az \u00e9l\u0151 vizek \u00e9s a programok v\u00e1rosa Ha j\u00f3 programra, tartalmas kikapcsol\u00f3d\u00e1sra, egy t\u00f3parti s\u00e9t\u00e1ra v\u00e1gysz a friss leveg\u0151n, akkor Tata remek programlehet\u0151s\u00e9gekkel v\u00e1r! Budapestt\u0151l csup\u00e1n 40 percre tal\u00e1lhat\u00f3 \u00e9s sz\u00e1mos szervezett programmal v\u00e1r minden koroszt\u00e1lyt, szinte az \u00e9v minden szak\u00e1ban.&nbsp; A programok el\u0151tt \u00e9s alatt is szeretettel, h\u00e1zias [&hellip;]<\/p>\n","protected":false},"author":1,"featured_media":0,"parent":155,"menu_order":0,"comment_status":"closed","ping_status":"closed","template":"elementor_header_footer","meta":{"footnotes":""},"class_list":["post-885","page","type-page","status-publish","hentry"],"yoast_head":"<!-- This site is optimized with the Yoast SEO plugin v27.4 - https:\/\/yoast.com\/product\/yoast-seo-wordpress\/ -->\n<title>Tatai programok- kikapcsol\u00f3d\u00e1s Budapest k\u00f6zel\u00e9ben<\/title>\n<meta name=\"description\" content=\"Izgalmas tatai programok v\u00e1rnak r\u00e1d id\u00e9n! A vizek v\u00e1rosa t\u00f6k\u00e9letes \u00fatic\u00e9l akt\u00edv pihen\u00e9sre \u00e9s a term\u00e9szetben felt\u00f6lt\u0151dni v\u00e1gy\u00f3k sz\u00e1m\u00e1ra\" \/>\n<meta name=\"robots\" content=\"index, follow, max-snippet:-1, max-image-preview:large, max-video-preview:-1\" \/>\n<link rel=\"canonical\" href=\"https:\/\/malomeskacsa.hu\/en\/programs\/tatai-programok\/\" \/>\n<meta property=\"og:locale\" content=\"en_GB\" \/>\n<meta property=\"og:type\" content=\"article\" \/>\n<meta property=\"og:title\" content=\"Tatai programok- kikapcsol\u00f3d\u00e1s Budapest k\u00f6zel\u00e9ben\" \/>\n<meta property=\"og:description\" content=\"Izgalmas tatai programok v\u00e1rnak r\u00e1d id\u00e9n! A vizek v\u00e1rosa t\u00f6k\u00e9letes \u00fatic\u00e9l akt\u00edv pihen\u00e9sre \u00e9s a term\u00e9szetben felt\u00f6lt\u0151dni v\u00e1gy\u00f3k sz\u00e1m\u00e1ra\" \/>\n<meta property=\"og:url\" content=\"https:\/\/malomeskacsa.hu\/en\/programs\/tatai-programok\/\" \/>\n<meta property=\"og:site_name\" content=\"Malom \u00e9s Kacsa\" \/>\n<meta property=\"article:modified_time\" content=\"2023-03-30T19:50:53+00:00\" \/>\n<meta property=\"og:image\" content=\"https:\/\/malomeskacsa.hu\/wp-content\/uploads\/2023\/12\/Malom_es_Kacsa.jpg\" \/>\n\t<meta property=\"og:image:width\" content=\"2048\" \/>\n\t<meta property=\"og:image:height\" content=\"1536\" \/>\n\t<meta property=\"og:image:type\" content=\"image\/jpeg\" \/>\n<script type=\"application\/ld+json\" class=\"yoast-schema-graph\">{\"@context\":\"https:\\\/\\\/schema.org\",\"@graph\":[{\"@type\":[\"Article\",\"BlogPosting\"],\"@id\":\"https:\\\/\\\/malomeskacsa.hu\\\/programok\\\/tatai-programok\\\/#article\",\"isPartOf\":{\"@id\":\"https:\\\/\\\/malomeskacsa.hu\\\/programok\\\/tatai-programok\\\/\"},\"author\":{\"name\":\"admin\",\"@id\":\"https:\\\/\\\/malomeskacsa.hu\\\/#\\\/schema\\\/person\\\/77d4160b08439d1d21ad46fcc1734a23\"},\"headline\":\"Tatai programok\",\"datePublished\":\"2022-09-20T07:25:03+00:00\",\"dateModified\":\"2023-03-30T19:50:53+00:00\",\"mainEntityOfPage\":{\"@id\":\"https:\\\/\\\/malomeskacsa.hu\\\/programok\\\/tatai-programok\\\/\"},\"wordCount\":126,\"publisher\":{\"@id\":\"https:\\\/\\\/malomeskacsa.hu\\\/#organization\"},\"inLanguage\":\"en-GB\"},{\"@type\":\"WebPage\",\"@id\":\"https:\\\/\\\/malomeskacsa.hu\\\/programok\\\/tatai-programok\\\/\",\"url\":\"https:\\\/\\\/malomeskacsa.hu\\\/programok\\\/tatai-programok\\\/\",\"name\":\"Tatai programok- kikapcsol\u00f3d\u00e1s Budapest k\u00f6zel\u00e9ben\",\"isPartOf\":{\"@id\":\"https:\\\/\\\/malomeskacsa.hu\\\/#website\"},\"datePublished\":\"2022-09-20T07:25:03+00:00\",\"dateModified\":\"2023-03-30T19:50:53+00:00\",\"description\":\"Izgalmas tatai programok v\u00e1rnak r\u00e1d id\u00e9n! A vizek v\u00e1rosa t\u00f6k\u00e9letes \u00fatic\u00e9l akt\u00edv pihen\u00e9sre \u00e9s a term\u00e9szetben felt\u00f6lt\u0151dni v\u00e1gy\u00f3k sz\u00e1m\u00e1ra\",\"breadcrumb\":{\"@id\":\"https:\\\/\\\/malomeskacsa.hu\\\/programok\\\/tatai-programok\\\/#breadcrumb\"},\"inLanguage\":\"en-GB\",\"potentialAction\":[{\"@type\":\"ReadAction\",\"target\":[\"https:\\\/\\\/malomeskacsa.hu\\\/programok\\\/tatai-programok\\\/\"]}]},{\"@type\":\"BreadcrumbList\",\"@id\":\"https:\\\/\\\/malomeskacsa.hu\\\/programok\\\/tatai-programok\\\/#breadcrumb\",\"itemListElement\":[{\"@type\":\"ListItem\",\"position\":1,\"name\":\"Kezd\u0151lap\",\"item\":\"https:\\\/\\\/malomeskacsa.hu\\\/\"},{\"@type\":\"ListItem\",\"position\":2,\"name\":\"Programok\",\"item\":\"https:\\\/\\\/malomeskacsa.hu\\\/programok\\\/\"},{\"@type\":\"ListItem\",\"position\":3,\"name\":\"Tatai programok\"}]},{\"@type\":\"WebSite\",\"@id\":\"https:\\\/\\\/malomeskacsa.hu\\\/#website\",\"url\":\"https:\\\/\\\/malomeskacsa.hu\\\/\",\"name\":\"Malom \u00e9s Kacsa \u00c9tterem \u00e9s Rendezv\u00e9nyh\u00e1z\",\"description\":\"Boutique Hotel \u2219 Bistro \u2219 Events\",\"publisher\":{\"@id\":\"https:\\\/\\\/malomeskacsa.hu\\\/#organization\"},\"alternateName\":\"Malom \u00e9s Kacsa\",\"potentialAction\":[{\"@type\":\"SearchAction\",\"target\":{\"@type\":\"EntryPoint\",\"urlTemplate\":\"https:\\\/\\\/malomeskacsa.hu\\\/?s={search_term_string}\"},\"query-input\":{\"@type\":\"PropertyValueSpecification\",\"valueRequired\":true,\"valueName\":\"search_term_string\"}}],\"inLanguage\":\"en-GB\"},{\"@type\":\"Organization\",\"@id\":\"https:\\\/\\\/malomeskacsa.hu\\\/#organization\",\"name\":\"Malom \u00e9s Kacsa \u00c9tterem \u00e9s Rendezv\u00e9nyh\u00e1z\",\"alternateName\":\"Malom \u00e9s Kacsa\",\"url\":\"https:\\\/\\\/malomeskacsa.hu\\\/\",\"logo\":{\"@type\":\"ImageObject\",\"inLanguage\":\"en-GB\",\"@id\":\"https:\\\/\\\/malomeskacsa.hu\\\/#\\\/schema\\\/logo\\\/image\\\/\",\"url\":\"https:\\\/\\\/malomeskacsa.hu\\\/wp-content\\\/uploads\\\/2025\\\/06\\\/cropped-malomeskacsa_logo_uj-scaled-1.png\",\"contentUrl\":\"https:\\\/\\\/malomeskacsa.hu\\\/wp-content\\\/uploads\\\/2025\\\/06\\\/cropped-malomeskacsa_logo_uj-scaled-1.png\",\"width\":2558,\"height\":952,\"caption\":\"Malom \u00e9s Kacsa \u00c9tterem \u00e9s Rendezv\u00e9nyh\u00e1z\"},\"image\":{\"@id\":\"https:\\\/\\\/malomeskacsa.hu\\\/#\\\/schema\\\/logo\\\/image\\\/\"}},{\"@type\":\"Person\",\"@id\":\"https:\\\/\\\/malomeskacsa.hu\\\/#\\\/schema\\\/person\\\/77d4160b08439d1d21ad46fcc1734a23\",\"name\":\"admin\",\"sameAs\":[\"https:\\\/\\\/malomeskacsa.hu\"]}]}<\/script>\n<!-- \/ Yoast SEO plugin. -->","yoast_head_json":{"title":"Tatai programok- kikapcsol\u00f3d\u00e1s Budapest k\u00f6zel\u00e9ben","description":"Izgalmas tatai programok v\u00e1rnak r\u00e1d id\u00e9n! A vizek v\u00e1rosa t\u00f6k\u00e9letes \u00fatic\u00e9l akt\u00edv pihen\u00e9sre \u00e9s a term\u00e9szetben felt\u00f6lt\u0151dni v\u00e1gy\u00f3k sz\u00e1m\u00e1ra","robots":{"index":"index","follow":"follow","max-snippet":"max-snippet:-1","max-image-preview":"max-image-preview:large","max-video-preview":"max-video-preview:-1"},"canonical":"https:\/\/malomeskacsa.hu\/en\/programs\/tatai-programok\/","og_locale":"en_GB","og_type":"article","og_title":"Tatai programok- kikapcsol\u00f3d\u00e1s Budapest k\u00f6zel\u00e9ben","og_description":"Izgalmas tatai programok v\u00e1rnak r\u00e1d id\u00e9n! A vizek v\u00e1rosa t\u00f6k\u00e9letes \u00fatic\u00e9l akt\u00edv pihen\u00e9sre \u00e9s a term\u00e9szetben felt\u00f6lt\u0151dni v\u00e1gy\u00f3k sz\u00e1m\u00e1ra","og_url":"https:\/\/malomeskacsa.hu\/en\/programs\/tatai-programok\/","og_site_name":"Malom \u00e9s Kacsa","article_modified_time":"2023-03-30T19:50:53+00:00","og_image":[{"width":2048,"height":1536,"url":"https:\/\/malomeskacsa.hu\/wp-content\/uploads\/2023\/12\/Malom_es_Kacsa.jpg","type":"image\/jpeg"}],"schema":{"@context":"https:\/\/schema.org","@graph":[{"@type":["Article","BlogPosting"],"@id":"https:\/\/malomeskacsa.hu\/programok\/tatai-programok\/#article","isPartOf":{"@id":"https:\/\/malomeskacsa.hu\/programok\/tatai-programok\/"},"author":{"name":"admin","@id":"https:\/\/malomeskacsa.hu\/#\/schema\/person\/77d4160b08439d1d21ad46fcc1734a23"},"headline":"Tatai programok","datePublished":"2022-09-20T07:25:03+00:00","dateModified":"2023-03-30T19:50:53+00:00","mainEntityOfPage":{"@id":"https:\/\/malomeskacsa.hu\/programok\/tatai-programok\/"},"wordCount":126,"publisher":{"@id":"https:\/\/malomeskacsa.hu\/#organization"},"inLanguage":"en-GB"},{"@type":"WebPage","@id":"https:\/\/malomeskacsa.hu\/programok\/tatai-programok\/","url":"https:\/\/malomeskacsa.hu\/programok\/tatai-programok\/","name":"Tatai programok- kikapcsol\u00f3d\u00e1s Budapest k\u00f6zel\u00e9ben","isPartOf":{"@id":"https:\/\/malomeskacsa.hu\/#website"},"datePublished":"2022-09-20T07:25:03+00:00","dateModified":"2023-03-30T19:50:53+00:00","description":"Izgalmas tatai programok v\u00e1rnak r\u00e1d id\u00e9n! A vizek v\u00e1rosa t\u00f6k\u00e9letes \u00fatic\u00e9l akt\u00edv pihen\u00e9sre \u00e9s a term\u00e9szetben felt\u00f6lt\u0151dni v\u00e1gy\u00f3k sz\u00e1m\u00e1ra","breadcrumb":{"@id":"https:\/\/malomeskacsa.hu\/programok\/tatai-programok\/#breadcrumb"},"inLanguage":"en-GB","potentialAction":[{"@type":"ReadAction","target":["https:\/\/malomeskacsa.hu\/programok\/tatai-programok\/"]}]},{"@type":"BreadcrumbList","@id":"https:\/\/malomeskacsa.hu\/programok\/tatai-programok\/#breadcrumb","itemListElement":[{"@type":"ListItem","position":1,"name":"Kezd\u0151lap","item":"https:\/\/malomeskacsa.hu\/"},{"@type":"ListItem","position":2,"name":"Programok","item":"https:\/\/malomeskacsa.hu\/programok\/"},{"@type":"ListItem","position":3,"name":"Tatai programok"}]},{"@type":"WebSite","@id":"https:\/\/malomeskacsa.hu\/#website","url":"https:\/\/malomeskacsa.hu\/","name":"Malom \u00e9s Kacsa \u00c9tterem \u00e9s Rendezv\u00e9nyh\u00e1z","description":"Boutique Hotel \u2219 Bistro \u2219 Events","publisher":{"@id":"https:\/\/malomeskacsa.hu\/#organization"},"alternateName":"Malom \u00e9s Kacsa","potentialAction":[{"@type":"SearchAction","target":{"@type":"EntryPoint","urlTemplate":"https:\/\/malomeskacsa.hu\/?s={search_term_string}"},"query-input":{"@type":"PropertyValueSpecification","valueRequired":true,"valueName":"search_term_string"}}],"inLanguage":"en-GB"},{"@type":"Organization","@id":"https:\/\/malomeskacsa.hu\/#organization","name":"Malom \u00e9s Kacsa \u00c9tterem \u00e9s Rendezv\u00e9nyh\u00e1z","alternateName":"Malom \u00e9s Kacsa","url":"https:\/\/malomeskacsa.hu\/","logo":{"@type":"ImageObject","inLanguage":"en-GB","@id":"https:\/\/malomeskacsa.hu\/#\/schema\/logo\/image\/","url":"https:\/\/malomeskacsa.hu\/wp-content\/uploads\/2025\/06\/cropped-malomeskacsa_logo_uj-scaled-1.png","contentUrl":"https:\/\/malomeskacsa.hu\/wp-content\/uploads\/2025\/06\/cropped-malomeskacsa_logo_uj-scaled-1.png","width":2558,"height":952,"caption":"Malom \u00e9s Kacsa \u00c9tterem \u00e9s Rendezv\u00e9nyh\u00e1z"},"image":{"@id":"https:\/\/malomeskacsa.hu\/#\/schema\/logo\/image\/"}},{"@type":"Person","@id":"https:\/\/malomeskacsa.hu\/#\/schema\/person\/77d4160b08439d1d21ad46fcc1734a23","name":"admin","sameAs":["https:\/\/malomeskacsa.hu"]}]}},"_links":{"self":[{"href":"https:\/\/malomeskacsa.hu\/en\/wp-json\/wp\/v2\/pages\/885","targetHints":{"allow":["GET"]}}],"collection":[{"href":"https:\/\/malomeskacsa.hu\/en\/wp-json\/wp\/v2\/pages"}],"about":[{"href":"https:\/\/malomeskacsa.hu\/en\/wp-json\/wp\/v2\/types\/page"}],"author":[{"embeddable":true,"href":"https:\/\/malomeskacsa.hu\/en\/wp-json\/wp\/v2\/users\/1"}],"replies":[{"embeddable":true,"href":"https:\/\/malomeskacsa.hu\/en\/wp-json\/wp\/v2\/comments?post=885"}],"version-history":[{"count":0,"href":"https:\/\/malomeskacsa.hu\/en\/wp-json\/wp\/v2\/pages\/885\/revisions"}],"up":[{"embeddable":true,"href":"https:\/\/malomeskacsa.hu\/en\/wp-json\/wp\/v2\/pages\/155"}],"wp:attachment":[{"href":"https:\/\/malomeskacsa.hu\/en\/wp-json\/wp\/v2\/media?parent=885"}],"curies":[{"name":"wp","href":"https:\/\/api.w.org\/{rel}","templated":true}]}}