{"id":889,"date":"2022-09-20T08:26:43","date_gmt":"2022-09-20T07:26:43","guid":{"rendered":"https:\/\/malomeskacsa.hu\/?page_id=889"},"modified":"2025-10-31T09:12:54","modified_gmt":"2025-10-31T08:12:54","slug":"ourstory","status":"publish","type":"page","link":"https:\/\/malomeskacsa.hu\/en\/rolunk\/tortenetunk\/","title":{"rendered":"Our story"},"content":{"rendered":"<div data-elementor-type=\"wp-page\" data-elementor-id=\"889\" class=\"elementor elementor-889\" data-elementor-post-type=\"page\">\n\t\t\t\t\t\t<section class=\"elementor-section elementor-top-section elementor-element elementor-element-1a677233 elementor-section-full_width elementor-section-height-default elementor-section-height-default\" data-id=\"1a677233\" data-element_type=\"section\" data-e-type=\"section\" data-settings=\"{&quot;background_background&quot;:&quot;classic&quot;}\">\n\t\t\t\t\t\t\t<div class=\"elementor-background-overlay\"><\/div>\n\t\t\t\t\t\t\t<div class=\"elementor-container elementor-column-gap-default\">\n\t\t\t\t\t<div class=\"elementor-column elementor-col-100 elementor-top-column elementor-element elementor-element-4c6704fa\" data-id=\"4c6704fa\" data-element_type=\"column\" data-e-type=\"column\">\n\t\t\t<div class=\"elementor-widget-wrap elementor-element-populated\">\n\t\t\t\t\t\t<div class=\"elementor-element elementor-element-63e90d8 elementor-widget elementor-widget-heading\" data-id=\"63e90d8\" data-element_type=\"widget\" data-e-type=\"widget\" data-widget_type=\"heading.default\">\n\t\t\t\t<div class=\"elementor-widget-container\">\n\t\t\t\t\t<h1 class=\"elementor-heading-title elementor-size-default\">Our story<\/h1>\t\t\t\t<\/div>\n\t\t\t\t<\/div>\n\t\t\t\t\t<\/div>\n\t\t<\/div>\n\t\t\t\t\t<\/div>\n\t\t<\/section>\n\t\t\t\t<section class=\"elementor-section elementor-top-section elementor-element elementor-element-7b2a2b6c elementor-section-boxed elementor-section-height-default elementor-section-height-default\" data-id=\"7b2a2b6c\" data-element_type=\"section\" data-e-type=\"section\">\n\t\t\t\t\t\t<div class=\"elementor-container elementor-column-gap-default\">\n\t\t\t\t\t<div class=\"elementor-column elementor-col-50 elementor-top-column elementor-element elementor-element-22f6a171 elementor-invisible\" data-id=\"22f6a171\" data-element_type=\"column\" data-e-type=\"column\" data-settings=\"{&quot;animation&quot;:&quot;fadeInLeft&quot;}\">\n\t\t\t<div class=\"elementor-widget-wrap elementor-element-populated\">\n\t\t\t\t\t\t<div class=\"elementor-element elementor-element-1d5b0591 elementor-widget elementor-widget-heading\" data-id=\"1d5b0591\" data-element_type=\"widget\" data-e-type=\"widget\" data-widget_type=\"heading.default\">\n\t\t\t\t<div class=\"elementor-widget-container\">\n\t\t\t\t\t<h3 class=\"elementor-heading-title elementor-size-default\">ON THE SHORES OF THE OLD LAKE<\/h3>\t\t\t\t<\/div>\n\t\t\t\t<\/div>\n\t\t\t\t<div class=\"elementor-element elementor-element-4ae0506 elementor-widget elementor-widget-heading\" data-id=\"4ae0506\" data-element_type=\"widget\" data-e-type=\"widget\" data-widget_type=\"heading.default\">\n\t\t\t\t<div class=\"elementor-widget-container\">\n\t\t\t\t\t<h2 class=\"elementor-heading-title elementor-size-default\">In a mill...<\/h2>\t\t\t\t<\/div>\n\t\t\t\t<\/div>\n\t\t\t\t<div class=\"elementor-element elementor-element-503553be elementor-widget elementor-widget-text-editor\" data-id=\"503553be\" data-element_type=\"widget\" data-e-type=\"widget\" data-widget_type=\"text-editor.default\">\n\t\t\t\t<div class=\"elementor-widget-container\">\n\t\t\t\t\t\t\t\t\t<p><span style=\"font-weight: 400;\">Once upon a time, two young people from Tata met 30 years ago on the shores of the Old Lake and tied their lives together forever. That's us. After raising our children, we decided we wanted others to enjoy the old site of our love, so in 2016 we began renovating the mills that had been in our family for more than 30 years.<\/span><\/p>\t\t\t\t\t\t\t\t<\/div>\n\t\t\t\t<\/div>\n\t\t\t\t<section class=\"elementor-section elementor-inner-section elementor-element elementor-element-19d04bbc elementor-section-boxed elementor-section-height-default elementor-section-height-default\" data-id=\"19d04bbc\" data-element_type=\"section\" data-e-type=\"section\">\n\t\t\t\t\t\t<div class=\"elementor-container elementor-column-gap-default\">\n\t\t\t\t\t<div class=\"elementor-column elementor-col-100 elementor-inner-column elementor-element elementor-element-559e4793\" data-id=\"559e4793\" data-element_type=\"column\" data-e-type=\"column\">\n\t\t\t<div class=\"elementor-widget-wrap elementor-element-populated\">\n\t\t\t\t\t\t<div class=\"elementor-element elementor-element-130a7033 elementor-widget elementor-widget-button\" data-id=\"130a7033\" data-element_type=\"widget\" data-e-type=\"widget\" data-widget_type=\"button.default\">\n\t\t\t\t<div class=\"elementor-widget-container\">\n\t\t\t\t\t\t\t\t\t<div class=\"elementor-button-wrapper\">\n\t\t\t\t\t<a class=\"elementor-button elementor-button-link elementor-size-md\" href=\"https:\/\/malomeskacsa.hu\/en\/galery\/\">\n\t\t\t\t\t\t<span class=\"elementor-button-content-wrapper\">\n\t\t\t\t\t\t\t\t\t<span class=\"elementor-button-text\">gallery<\/span>\n\t\t\t\t\t<\/span>\n\t\t\t\t\t<\/a>\n\t\t\t\t<\/div>\n\t\t\t\t\t\t\t\t<\/div>\n\t\t\t\t<\/div>\n\t\t\t\t\t<\/div>\n\t\t<\/div>\n\t\t\t\t\t<\/div>\n\t\t<\/section>\n\t\t\t\t\t<\/div>\n\t\t<\/div>\n\t\t\t\t<div class=\"elementor-column elementor-col-50 elementor-top-column elementor-element elementor-element-51070203 elementor-invisible\" data-id=\"51070203\" data-element_type=\"column\" data-e-type=\"column\" data-settings=\"{&quot;animation&quot;:&quot;fadeInRight&quot;}\">\n\t\t\t<div class=\"elementor-widget-wrap elementor-element-populated\">\n\t\t\t\t\t\t<div class=\"elementor-element elementor-element-68e661d2 elementor-widget elementor-widget-image\" data-id=\"68e661d2\" data-element_type=\"widget\" data-e-type=\"widget\" data-widget_type=\"image.default\">\n\t\t\t\t<div class=\"elementor-widget-container\">\n\t\t\t\t\t\t\t\t\t\t\t\t\t\t\t<img fetchpriority=\"high\" decoding=\"async\" width=\"600\" height=\"570\" src=\"https:\/\/malomeskacsa.hu\/wp-content\/uploads\/2022\/08\/Frame-29.jpg\" class=\"attachment-large size-large wp-image-451\" alt=\"Malom \u00e9s Kacsa \u00e9p\u00fclet\" srcset=\"https:\/\/malomeskacsa.hu\/wp-content\/uploads\/2022\/08\/Frame-29.jpg 600w, https:\/\/malomeskacsa.hu\/wp-content\/uploads\/2022\/08\/Frame-29-300x285.jpg 300w\" sizes=\"(max-width: 600px) 100vw, 600px\" \/>\t\t\t\t\t\t\t\t\t\t\t\t\t\t\t<\/div>\n\t\t\t\t<\/div>\n\t\t\t\t\t<\/div>\n\t\t<\/div>\n\t\t\t\t\t<\/div>\n\t\t<\/section>\n\t\t\t\t<section class=\"elementor-section elementor-top-section elementor-element elementor-element-5d3dc8c elementor-section-boxed elementor-section-height-default elementor-section-height-default\" data-id=\"5d3dc8c\" data-element_type=\"section\" data-e-type=\"section\" data-settings=\"{&quot;background_background&quot;:&quot;classic&quot;}\">\n\t\t\t\t\t\t\t<div class=\"elementor-background-overlay\"><\/div>\n\t\t\t\t\t\t\t<div class=\"elementor-container elementor-column-gap-default\">\n\t\t\t\t\t<div class=\"elementor-column elementor-col-50 elementor-top-column elementor-element elementor-element-6fa7770\" data-id=\"6fa7770\" data-element_type=\"column\" data-e-type=\"column\" data-settings=\"{&quot;background_background&quot;:&quot;classic&quot;}\">\n\t\t\t<div class=\"elementor-widget-wrap elementor-element-populated\">\n\t\t\t\t\t\t<div class=\"elementor-element elementor-element-fea4d96 elementor-widget elementor-widget-heading\" data-id=\"fea4d96\" data-element_type=\"widget\" data-e-type=\"widget\" data-widget_type=\"heading.default\">\n\t\t\t\t<div class=\"elementor-widget-container\">\n\t\t\t\t\t<h3 class=\"elementor-heading-title elementor-size-default\">OUR MILL WHEELS<\/h3>\t\t\t\t<\/div>\n\t\t\t\t<\/div>\n\t\t\t\t<div class=\"elementor-element elementor-element-3ce7b18 elementor-widget elementor-widget-text-editor\" data-id=\"3ce7b18\" data-element_type=\"widget\" data-e-type=\"widget\" data-widget_type=\"text-editor.default\">\n\t\t\t\t<div class=\"elementor-widget-container\">\n\t\t\t\t\t\t\t\t\t<p><span style=\"font-weight: 400;\">We've also created a replica of the Mill Wheel to the same scale as the original, building on the structure of the last remaining development. The wheel also spins when there is enough water in the creek bed.\u00a0<\/span><\/p>\t\t\t\t\t\t\t\t<\/div>\n\t\t\t\t<\/div>\n\t\t\t\t\t<\/div>\n\t\t<\/div>\n\t\t\t\t<div class=\"elementor-column elementor-col-50 elementor-top-column elementor-element elementor-element-5f5170d3\" data-id=\"5f5170d3\" data-element_type=\"column\" data-e-type=\"column\">\n\t\t\t<div class=\"elementor-widget-wrap elementor-element-populated\">\n\t\t\t\t\t\t<div class=\"elementor-element elementor-element-61259b5a elementor-widget elementor-widget-heading\" data-id=\"61259b5a\" data-element_type=\"widget\" data-e-type=\"widget\" data-widget_type=\"heading.default\">\n\t\t\t\t<div class=\"elementor-widget-container\">\n\t\t\t\t\t<h3 class=\"elementor-heading-title elementor-size-default\">MILL HISTORY<\/h3>\t\t\t\t<\/div>\n\t\t\t\t<\/div>\n\t\t\t\t<div class=\"elementor-element elementor-element-32a058d9 elementor-widget elementor-widget-text-editor\" data-id=\"32a058d9\" data-element_type=\"widget\" data-e-type=\"widget\" data-widget_type=\"text-editor.default\">\n\t\t\t\t<div class=\"elementor-widget-container\">\n\t\t\t\t\t\t\t\t\t<p><span style=\"font-weight: 400;\">The legacy of the past obliged us to do a perfect job, as the Old Mill was built in the 1760s-1770s by the Esterh\u00e1zy estate, and the T\u00f3v\u00e1rosi or Cz\u00e9g\u00e9nyi mill was probably built on the site of a medieval mill. As these are nationally listed buildings, the design and construction of the building was in constant consultation with the Office for the Protection of Historical Monuments, so the three Baroque circular wooden columns, the slab beams and some of the period walls have been preserved in their original state.<\/span><\/p>\t\t\t\t\t\t\t\t<\/div>\n\t\t\t\t<\/div>\n\t\t\t\t\t<\/div>\n\t\t<\/div>\n\t\t\t\t\t<\/div>\n\t\t<\/section>\n\t\t\t\t<section class=\"elementor-section elementor-top-section elementor-element elementor-element-2c802400 elementor-section-full_width elementor-section-height-min-height elementor-section-height-default elementor-section-items-middle\" data-id=\"2c802400\" data-element_type=\"section\" data-e-type=\"section\" data-settings=\"{&quot;background_background&quot;:&quot;classic&quot;}\">\n\t\t\t\t\t\t\t<div class=\"elementor-background-overlay\"><\/div>\n\t\t\t\t\t\t\t<div class=\"elementor-container elementor-column-gap-default\">\n\t\t\t\t\t<div class=\"elementor-column elementor-col-100 elementor-top-column elementor-element elementor-element-3c6d9e1c\" data-id=\"3c6d9e1c\" data-element_type=\"column\" data-e-type=\"column\">\n\t\t\t<div class=\"elementor-widget-wrap elementor-element-populated\">\n\t\t\t\t\t\t<div class=\"elementor-element elementor-element-2c2e751f elementor-widget elementor-widget-heading\" data-id=\"2c2e751f\" data-element_type=\"widget\" data-e-type=\"widget\" data-widget_type=\"heading.default\">\n\t\t\t\t<div class=\"elementor-widget-container\">\n\t\t\t\t\t<h2 class=\"elementor-heading-title elementor-size-default\">Our mission<\/h2>\t\t\t\t<\/div>\n\t\t\t\t<\/div>\n\t\t\t\t<div class=\"elementor-element elementor-element-f6c7a94 elementor-widget elementor-widget-text-editor\" data-id=\"f6c7a94\" data-element_type=\"widget\" data-e-type=\"widget\" data-widget_type=\"text-editor.default\">\n\t\t\t\t<div class=\"elementor-widget-container\">\n\t\t\t\t\t\t\t\t\t<p>As owners, we would like this place \u2013 with its unique location, historical background, and distinctive atmosphere \u2013 to become a defining venue of Tata\u2019s culture and community life. We envision programs here that inspire, entertain, and bring people together. If you would like to see your favorite jazz band, performer, or an exciting exhibition at our venue, follow us and join the world of Malom \u00e9s Kacsa \u2013 where every event is an experience.<\/p>\t\t\t\t\t\t\t\t<\/div>\n\t\t\t\t<\/div>\n\t\t\t\t<div class=\"elementor-element elementor-element-0c53b29 elementor-align-center elementor-widget elementor-widget-button\" data-id=\"0c53b29\" data-element_type=\"widget\" data-e-type=\"widget\" data-widget_type=\"button.default\">\n\t\t\t\t<div class=\"elementor-widget-container\">\n\t\t\t\t\t\t\t\t\t<div class=\"elementor-button-wrapper\">\n\t\t\t\t\t<a class=\"elementor-button elementor-button-link elementor-size-md\" href=\"https:\/\/malomeskacsa.hu\/en\/contactus\/\">\n\t\t\t\t\t\t<span class=\"elementor-button-content-wrapper\">\n\t\t\t\t\t\t\t\t\t<span class=\"elementor-button-text\">Contact<\/span>\n\t\t\t\t\t<\/span>\n\t\t\t\t\t<\/a>\n\t\t\t\t<\/div>\n\t\t\t\t\t\t\t\t<\/div>\n\t\t\t\t<\/div>\n\t\t\t\t\t<\/div>\n\t\t<\/div>\n\t\t\t\t\t<\/div>\n\t\t<\/section>\n\t\t\t\t<\/div>","protected":false},"excerpt":{"rendered":"<p>T\u00f6rt\u00e9net\u00fcnk az \u00f6reg t\u00f3 partj\u00e1n Egy malomban&#8230; Egyszer volt, hol nem volt k\u00e9t fiatal tatai, akik 30 \u00e9vvel ezel\u0151tt az \u00d6reg t\u00f3 partj\u00e1n ismerkedtek meg \u00e9s k\u00f6t\u00f6tt\u00e9k \u00f6ssze \u00f6r\u00f6kre az \u00e9let\u00fcket. Ezek vagyunk mi. Gyermekeink felnevel\u00e9se ut\u00e1n \u00fagy d\u00f6nt\u00f6tt\u00fcnk szeretn\u00e9nk, ha m\u00e1s is \u00e9lvezhetn\u00e9 szerelm\u00fcnk r\u00e9gi helysz\u00edn\u00e9t, ez\u00e9rt 2016-ban elkezdt\u00fck az akkor m\u00e1r t\u00f6bb, mint [&hellip;]<\/p>\n","protected":false},"author":1,"featured_media":0,"parent":159,"menu_order":0,"comment_status":"closed","ping_status":"closed","template":"","meta":{"footnotes":""},"class_list":["post-889","page","type-page","status-publish","hentry"],"yoast_head":"<!-- This site is optimized with the Yoast SEO plugin v27.3 - https:\/\/yoast.com\/product\/yoast-seo-wordpress\/ -->\n<title>A tatai Malom \u00e9s Kacsa t\u00f6rt\u00e9nete<\/title>\n<meta name=\"description\" content=\"A Malom \u00e9s Kacsa t\u00f6rt\u00e9nete rendk\u00edv\u00fcli, hiszen a tatai \u00d6reg-t\u00f3 partj\u00e1n fekv\u0151 hotel \u00e9s \u00e9tteremnek egy \u00e9vsz\u00e1zados m\u00falt\u00fa malom ad otthont.\" \/>\n<meta name=\"robots\" content=\"index, follow, max-snippet:-1, max-image-preview:large, max-video-preview:-1\" \/>\n<link rel=\"canonical\" href=\"https:\/\/malomeskacsa.hu\/en\/about-us\/ourstory\/\" \/>\n<meta property=\"og:locale\" content=\"en_GB\" \/>\n<meta property=\"og:type\" content=\"article\" \/>\n<meta property=\"og:title\" content=\"A tatai Malom \u00e9s Kacsa t\u00f6rt\u00e9nete\" \/>\n<meta property=\"og:description\" content=\"A Malom \u00e9s Kacsa t\u00f6rt\u00e9nete rendk\u00edv\u00fcli, hiszen a tatai \u00d6reg-t\u00f3 partj\u00e1n fekv\u0151 hotel \u00e9s \u00e9tteremnek egy \u00e9vsz\u00e1zados m\u00falt\u00fa malom ad otthont.\" \/>\n<meta property=\"og:url\" content=\"https:\/\/malomeskacsa.hu\/en\/about-us\/ourstory\/\" \/>\n<meta property=\"og:site_name\" content=\"Malom \u00e9s Kacsa\" \/>\n<meta property=\"article:modified_time\" content=\"2025-10-31T08:12:54+00:00\" \/>\n<meta property=\"og:image\" content=\"https:\/\/malomeskacsa.hu\/wp-content\/uploads\/2022\/08\/Frame-29.jpg\" \/>\n<script type=\"application\/ld+json\" class=\"yoast-schema-graph\">{\"@context\":\"https:\\\/\\\/schema.org\",\"@graph\":[{\"@type\":[\"Article\",\"BlogPosting\"],\"@id\":\"https:\\\/\\\/malomeskacsa.hu\\\/rolunk\\\/tortenetunk\\\/#article\",\"isPartOf\":{\"@id\":\"https:\\\/\\\/malomeskacsa.hu\\\/rolunk\\\/tortenetunk\\\/\"},\"author\":{\"name\":\"admin\",\"@id\":\"https:\\\/\\\/malomeskacsa.hu\\\/#\\\/schema\\\/person\\\/77d4160b08439d1d21ad46fcc1734a23\"},\"headline\":\"T\u00f6rt\u00e9net\u00fcnk\",\"datePublished\":\"2022-09-20T07:26:43+00:00\",\"dateModified\":\"2025-10-31T08:12:54+00:00\",\"mainEntityOfPage\":{\"@id\":\"https:\\\/\\\/malomeskacsa.hu\\\/rolunk\\\/tortenetunk\\\/\"},\"wordCount\":372,\"publisher\":{\"@id\":\"https:\\\/\\\/malomeskacsa.hu\\\/#organization\"},\"image\":{\"@id\":\"https:\\\/\\\/malomeskacsa.hu\\\/rolunk\\\/tortenetunk\\\/#primaryimage\"},\"thumbnailUrl\":\"https:\\\/\\\/malomeskacsa.hu\\\/wp-content\\\/uploads\\\/2022\\\/08\\\/Frame-29.jpg\",\"inLanguage\":\"en-GB\"},{\"@type\":\"WebPage\",\"@id\":\"https:\\\/\\\/malomeskacsa.hu\\\/rolunk\\\/tortenetunk\\\/\",\"url\":\"https:\\\/\\\/malomeskacsa.hu\\\/rolunk\\\/tortenetunk\\\/\",\"name\":\"A tatai Malom \u00e9s Kacsa t\u00f6rt\u00e9nete\",\"isPartOf\":{\"@id\":\"https:\\\/\\\/malomeskacsa.hu\\\/#website\"},\"primaryImageOfPage\":{\"@id\":\"https:\\\/\\\/malomeskacsa.hu\\\/rolunk\\\/tortenetunk\\\/#primaryimage\"},\"image\":{\"@id\":\"https:\\\/\\\/malomeskacsa.hu\\\/rolunk\\\/tortenetunk\\\/#primaryimage\"},\"thumbnailUrl\":\"https:\\\/\\\/malomeskacsa.hu\\\/wp-content\\\/uploads\\\/2022\\\/08\\\/Frame-29.jpg\",\"datePublished\":\"2022-09-20T07:26:43+00:00\",\"dateModified\":\"2025-10-31T08:12:54+00:00\",\"description\":\"A Malom \u00e9s Kacsa t\u00f6rt\u00e9nete rendk\u00edv\u00fcli, hiszen a tatai \u00d6reg-t\u00f3 partj\u00e1n fekv\u0151 hotel \u00e9s \u00e9tteremnek egy \u00e9vsz\u00e1zados m\u00falt\u00fa malom ad otthont.\",\"breadcrumb\":{\"@id\":\"https:\\\/\\\/malomeskacsa.hu\\\/rolunk\\\/tortenetunk\\\/#breadcrumb\"},\"inLanguage\":\"en-GB\",\"potentialAction\":[{\"@type\":\"ReadAction\",\"target\":[\"https:\\\/\\\/malomeskacsa.hu\\\/rolunk\\\/tortenetunk\\\/\"]}]},{\"@type\":\"ImageObject\",\"inLanguage\":\"en-GB\",\"@id\":\"https:\\\/\\\/malomeskacsa.hu\\\/rolunk\\\/tortenetunk\\\/#primaryimage\",\"url\":\"https:\\\/\\\/malomeskacsa.hu\\\/wp-content\\\/uploads\\\/2022\\\/08\\\/Frame-29.jpg\",\"contentUrl\":\"https:\\\/\\\/malomeskacsa.hu\\\/wp-content\\\/uploads\\\/2022\\\/08\\\/Frame-29.jpg\"},{\"@type\":\"BreadcrumbList\",\"@id\":\"https:\\\/\\\/malomeskacsa.hu\\\/rolunk\\\/tortenetunk\\\/#breadcrumb\",\"itemListElement\":[{\"@type\":\"ListItem\",\"position\":1,\"name\":\"Kezd\u0151lap\",\"item\":\"https:\\\/\\\/malomeskacsa.hu\\\/\"},{\"@type\":\"ListItem\",\"position\":2,\"name\":\"R\u00f3lunk\",\"item\":\"https:\\\/\\\/malomeskacsa.hu\\\/rolunk\\\/\"},{\"@type\":\"ListItem\",\"position\":3,\"name\":\"T\u00f6rt\u00e9net\u00fcnk\"}]},{\"@type\":\"WebSite\",\"@id\":\"https:\\\/\\\/malomeskacsa.hu\\\/#website\",\"url\":\"https:\\\/\\\/malomeskacsa.hu\\\/\",\"name\":\"Malom \u00e9s Kacsa \u00c9tterem \u00e9s Rendezv\u00e9nyh\u00e1z\",\"description\":\"Boutique Hotel \u2219 Bistro \u2219 Events\",\"publisher\":{\"@id\":\"https:\\\/\\\/malomeskacsa.hu\\\/#organization\"},\"alternateName\":\"Malom \u00e9s Kacsa\",\"potentialAction\":[{\"@type\":\"SearchAction\",\"target\":{\"@type\":\"EntryPoint\",\"urlTemplate\":\"https:\\\/\\\/malomeskacsa.hu\\\/?s={search_term_string}\"},\"query-input\":{\"@type\":\"PropertyValueSpecification\",\"valueRequired\":true,\"valueName\":\"search_term_string\"}}],\"inLanguage\":\"en-GB\"},{\"@type\":\"Organization\",\"@id\":\"https:\\\/\\\/malomeskacsa.hu\\\/#organization\",\"name\":\"Malom \u00e9s Kacsa \u00c9tterem \u00e9s Rendezv\u00e9nyh\u00e1z\",\"alternateName\":\"Malom \u00e9s Kacsa\",\"url\":\"https:\\\/\\\/malomeskacsa.hu\\\/\",\"logo\":{\"@type\":\"ImageObject\",\"inLanguage\":\"en-GB\",\"@id\":\"https:\\\/\\\/malomeskacsa.hu\\\/#\\\/schema\\\/logo\\\/image\\\/\",\"url\":\"https:\\\/\\\/malomeskacsa.hu\\\/wp-content\\\/uploads\\\/2025\\\/06\\\/cropped-malomeskacsa_logo_uj-scaled-1.png\",\"contentUrl\":\"https:\\\/\\\/malomeskacsa.hu\\\/wp-content\\\/uploads\\\/2025\\\/06\\\/cropped-malomeskacsa_logo_uj-scaled-1.png\",\"width\":2558,\"height\":952,\"caption\":\"Malom \u00e9s Kacsa \u00c9tterem \u00e9s Rendezv\u00e9nyh\u00e1z\"},\"image\":{\"@id\":\"https:\\\/\\\/malomeskacsa.hu\\\/#\\\/schema\\\/logo\\\/image\\\/\"}},{\"@type\":\"Person\",\"@id\":\"https:\\\/\\\/malomeskacsa.hu\\\/#\\\/schema\\\/person\\\/77d4160b08439d1d21ad46fcc1734a23\",\"name\":\"admin\",\"sameAs\":[\"https:\\\/\\\/malomeskacsa.hu\"]}]}<\/script>\n<!-- \/ Yoast SEO plugin. -->","yoast_head_json":{"title":"A tatai Malom \u00e9s Kacsa t\u00f6rt\u00e9nete","description":"A Malom \u00e9s Kacsa t\u00f6rt\u00e9nete rendk\u00edv\u00fcli, hiszen a tatai \u00d6reg-t\u00f3 partj\u00e1n fekv\u0151 hotel \u00e9s \u00e9tteremnek egy \u00e9vsz\u00e1zados m\u00falt\u00fa malom ad otthont.","robots":{"index":"index","follow":"follow","max-snippet":"max-snippet:-1","max-image-preview":"max-image-preview:large","max-video-preview":"max-video-preview:-1"},"canonical":"https:\/\/malomeskacsa.hu\/en\/about-us\/ourstory\/","og_locale":"en_GB","og_type":"article","og_title":"A tatai Malom \u00e9s Kacsa t\u00f6rt\u00e9nete","og_description":"A Malom \u00e9s Kacsa t\u00f6rt\u00e9nete rendk\u00edv\u00fcli, hiszen a tatai \u00d6reg-t\u00f3 partj\u00e1n fekv\u0151 hotel \u00e9s \u00e9tteremnek egy \u00e9vsz\u00e1zados m\u00falt\u00fa malom ad otthont.","og_url":"https:\/\/malomeskacsa.hu\/en\/about-us\/ourstory\/","og_site_name":"Malom \u00e9s Kacsa","article_modified_time":"2025-10-31T08:12:54+00:00","og_image":[{"url":"https:\/\/malomeskacsa.hu\/wp-content\/uploads\/2022\/08\/Frame-29.jpg","type":"","width":"","height":""}],"schema":{"@context":"https:\/\/schema.org","@graph":[{"@type":["Article","BlogPosting"],"@id":"https:\/\/malomeskacsa.hu\/rolunk\/tortenetunk\/#article","isPartOf":{"@id":"https:\/\/malomeskacsa.hu\/rolunk\/tortenetunk\/"},"author":{"name":"admin","@id":"https:\/\/malomeskacsa.hu\/#\/schema\/person\/77d4160b08439d1d21ad46fcc1734a23"},"headline":"T\u00f6rt\u00e9net\u00fcnk","datePublished":"2022-09-20T07:26:43+00:00","dateModified":"2025-10-31T08:12:54+00:00","mainEntityOfPage":{"@id":"https:\/\/malomeskacsa.hu\/rolunk\/tortenetunk\/"},"wordCount":372,"publisher":{"@id":"https:\/\/malomeskacsa.hu\/#organization"},"image":{"@id":"https:\/\/malomeskacsa.hu\/rolunk\/tortenetunk\/#primaryimage"},"thumbnailUrl":"https:\/\/malomeskacsa.hu\/wp-content\/uploads\/2022\/08\/Frame-29.jpg","inLanguage":"en-GB"},{"@type":"WebPage","@id":"https:\/\/malomeskacsa.hu\/rolunk\/tortenetunk\/","url":"https:\/\/malomeskacsa.hu\/rolunk\/tortenetunk\/","name":"A tatai Malom \u00e9s Kacsa t\u00f6rt\u00e9nete","isPartOf":{"@id":"https:\/\/malomeskacsa.hu\/#website"},"primaryImageOfPage":{"@id":"https:\/\/malomeskacsa.hu\/rolunk\/tortenetunk\/#primaryimage"},"image":{"@id":"https:\/\/malomeskacsa.hu\/rolunk\/tortenetunk\/#primaryimage"},"thumbnailUrl":"https:\/\/malomeskacsa.hu\/wp-content\/uploads\/2022\/08\/Frame-29.jpg","datePublished":"2022-09-20T07:26:43+00:00","dateModified":"2025-10-31T08:12:54+00:00","description":"A Malom \u00e9s Kacsa t\u00f6rt\u00e9nete rendk\u00edv\u00fcli, hiszen a tatai \u00d6reg-t\u00f3 partj\u00e1n fekv\u0151 hotel \u00e9s \u00e9tteremnek egy \u00e9vsz\u00e1zados m\u00falt\u00fa malom ad otthont.","breadcrumb":{"@id":"https:\/\/malomeskacsa.hu\/rolunk\/tortenetunk\/#breadcrumb"},"inLanguage":"en-GB","potentialAction":[{"@type":"ReadAction","target":["https:\/\/malomeskacsa.hu\/rolunk\/tortenetunk\/"]}]},{"@type":"ImageObject","inLanguage":"en-GB","@id":"https:\/\/malomeskacsa.hu\/rolunk\/tortenetunk\/#primaryimage","url":"https:\/\/malomeskacsa.hu\/wp-content\/uploads\/2022\/08\/Frame-29.jpg","contentUrl":"https:\/\/malomeskacsa.hu\/wp-content\/uploads\/2022\/08\/Frame-29.jpg"},{"@type":"BreadcrumbList","@id":"https:\/\/malomeskacsa.hu\/rolunk\/tortenetunk\/#breadcrumb","itemListElement":[{"@type":"ListItem","position":1,"name":"Kezd\u0151lap","item":"https:\/\/malomeskacsa.hu\/"},{"@type":"ListItem","position":2,"name":"R\u00f3lunk","item":"https:\/\/malomeskacsa.hu\/rolunk\/"},{"@type":"ListItem","position":3,"name":"T\u00f6rt\u00e9net\u00fcnk"}]},{"@type":"WebSite","@id":"https:\/\/malomeskacsa.hu\/#website","url":"https:\/\/malomeskacsa.hu\/","name":"Malom \u00e9s Kacsa \u00c9tterem \u00e9s Rendezv\u00e9nyh\u00e1z","description":"Boutique Hotel \u2219 Bistro \u2219 Events","publisher":{"@id":"https:\/\/malomeskacsa.hu\/#organization"},"alternateName":"Malom \u00e9s Kacsa","potentialAction":[{"@type":"SearchAction","target":{"@type":"EntryPoint","urlTemplate":"https:\/\/malomeskacsa.hu\/?s={search_term_string}"},"query-input":{"@type":"PropertyValueSpecification","valueRequired":true,"valueName":"search_term_string"}}],"inLanguage":"en-GB"},{"@type":"Organization","@id":"https:\/\/malomeskacsa.hu\/#organization","name":"Malom \u00e9s Kacsa \u00c9tterem \u00e9s Rendezv\u00e9nyh\u00e1z","alternateName":"Malom \u00e9s Kacsa","url":"https:\/\/malomeskacsa.hu\/","logo":{"@type":"ImageObject","inLanguage":"en-GB","@id":"https:\/\/malomeskacsa.hu\/#\/schema\/logo\/image\/","url":"https:\/\/malomeskacsa.hu\/wp-content\/uploads\/2025\/06\/cropped-malomeskacsa_logo_uj-scaled-1.png","contentUrl":"https:\/\/malomeskacsa.hu\/wp-content\/uploads\/2025\/06\/cropped-malomeskacsa_logo_uj-scaled-1.png","width":2558,"height":952,"caption":"Malom \u00e9s Kacsa \u00c9tterem \u00e9s Rendezv\u00e9nyh\u00e1z"},"image":{"@id":"https:\/\/malomeskacsa.hu\/#\/schema\/logo\/image\/"}},{"@type":"Person","@id":"https:\/\/malomeskacsa.hu\/#\/schema\/person\/77d4160b08439d1d21ad46fcc1734a23","name":"admin","sameAs":["https:\/\/malomeskacsa.hu"]}]}},"_links":{"self":[{"href":"https:\/\/malomeskacsa.hu\/en\/wp-json\/wp\/v2\/pages\/889","targetHints":{"allow":["GET"]}}],"collection":[{"href":"https:\/\/malomeskacsa.hu\/en\/wp-json\/wp\/v2\/pages"}],"about":[{"href":"https:\/\/malomeskacsa.hu\/en\/wp-json\/wp\/v2\/types\/page"}],"author":[{"embeddable":true,"href":"https:\/\/malomeskacsa.hu\/en\/wp-json\/wp\/v2\/users\/1"}],"replies":[{"embeddable":true,"href":"https:\/\/malomeskacsa.hu\/en\/wp-json\/wp\/v2\/comments?post=889"}],"version-history":[{"count":0,"href":"https:\/\/malomeskacsa.hu\/en\/wp-json\/wp\/v2\/pages\/889\/revisions"}],"up":[{"embeddable":true,"href":"https:\/\/malomeskacsa.hu\/en\/wp-json\/wp\/v2\/pages\/159"}],"wp:attachment":[{"href":"https:\/\/malomeskacsa.hu\/en\/wp-json\/wp\/v2\/media?parent=889"}],"curies":[{"name":"wp","href":"https:\/\/api.w.org\/{rel}","templated":true}]}}